{"id":3640,"date":"2017-12-24T14:18:21","date_gmt":"2017-12-24T12:18:21","guid":{"rendered":"http:\/\/equa-ee.vserver.zonevs.eu\/veterinary\/about\/"},"modified":"2026-03-31T08:47:53","modified_gmt":"2026-03-31T06:47:53","slug":"firmast","status":"publish","type":"page","link":"https:\/\/equa.ee\/veterinaaria\/firmast\/","title":{"rendered":"Firmast"},"content":{"rendered":"\t\t<div data-elementor-type=\"wp-post\" data-elementor-id=\"3640\" class=\"elementor elementor-3640 elementor-1756\">\n\t\t\t\t\t\t<section class=\"elementor-section elementor-top-section elementor-element elementor-element-deb944d elementor-section-stretched elementor-section-boxed elementor-section-height-default elementor-section-height-default\" data-id=\"deb944d\" data-element_type=\"section\" data-e-type=\"section\" data-settings=\"{&quot;stretch_section&quot;:&quot;section-stretched&quot;,&quot;background_background&quot;:&quot;classic&quot;}\">\n\t\t\t\t\t\t<div class=\"elementor-container elementor-column-gap-default\">\n\t\t\t\t\t<div class=\"elementor-column elementor-col-100 elementor-top-column elementor-element elementor-element-46c8743\" data-id=\"46c8743\" data-element_type=\"column\" data-e-type=\"column\">\n\t\t\t<div class=\"elementor-widget-wrap\">\n\t\t\t\t\t\t\t<\/div>\n\t\t<\/div>\n\t\t\t\t\t<\/div>\n\t\t<\/section>\n\t\t\t\t<section class=\"elementor-section elementor-top-section elementor-element elementor-element-06be95d elementor-section-stretched elementor-section-boxed elementor-section-height-default elementor-section-height-default\" data-id=\"06be95d\" data-element_type=\"section\" data-e-type=\"section\" data-settings=\"{&quot;stretch_section&quot;:&quot;section-stretched&quot;,&quot;background_background&quot;:&quot;classic&quot;}\">\n\t\t\t\t\t\t<div class=\"elementor-container elementor-column-gap-default\">\n\t\t\t\t\t<div class=\"elementor-column elementor-col-100 elementor-top-column elementor-element elementor-element-8e19c2c\" data-id=\"8e19c2c\" data-element_type=\"column\" data-e-type=\"column\">\n\t\t\t<div class=\"elementor-widget-wrap elementor-element-populated\">\n\t\t\t\t\t\t<div class=\"elementor-element elementor-element-d0c8142 elementor-widget elementor-widget-spacer\" data-id=\"d0c8142\" data-element_type=\"widget\" data-e-type=\"widget\" data-widget_type=\"spacer.default\">\n\t\t\t\t<div class=\"elementor-widget-container\">\n\t\t\t\t\t\t\t<div class=\"elementor-spacer\">\n\t\t\t<div class=\"elementor-spacer-inner\"><\/div>\n\t\t<\/div>\n\t\t\t\t\t\t<\/div>\n\t\t\t\t<\/div>\n\t\t\t\t\t<\/div>\n\t\t<\/div>\n\t\t\t\t\t<\/div>\n\t\t<\/section>\n\t\t\t\t<section class=\"elementor-section elementor-top-section elementor-element elementor-element-11fd1f1b elementor-section-boxed elementor-section-height-default elementor-section-height-default\" data-id=\"11fd1f1b\" data-element_type=\"section\" data-e-type=\"section\">\n\t\t\t\t\t\t<div class=\"elementor-container elementor-column-gap-default\">\n\t\t\t\t\t<div class=\"elementor-column elementor-col-100 elementor-top-column elementor-element elementor-element-29773014\" data-id=\"29773014\" data-element_type=\"column\" data-e-type=\"column\">\n\t\t\t<div class=\"elementor-widget-wrap elementor-element-populated\">\n\t\t\t\t\t\t<section class=\"elementor-section elementor-inner-section elementor-element elementor-element-175ae6f2 elementor-section-boxed elementor-section-height-default elementor-section-height-default\" data-id=\"175ae6f2\" data-element_type=\"section\" data-e-type=\"section\">\n\t\t\t\t\t\t<div class=\"elementor-container elementor-column-gap-extended\">\n\t\t\t\t\t<div class=\"elementor-column elementor-col-100 elementor-inner-column elementor-element elementor-element-3bc5c235\" data-id=\"3bc5c235\" data-element_type=\"column\" data-e-type=\"column\">\n\t\t\t<div class=\"elementor-widget-wrap elementor-element-populated\">\n\t\t\t\t\t\t<div class=\"elementor-element elementor-element-54f94c53 elementor-widget elementor-widget-text-editor\" data-id=\"54f94c53\" data-element_type=\"widget\" data-e-type=\"widget\" data-widget_type=\"text-editor.default\">\n\t\t\t\t<div class=\"elementor-widget-container\">\n\t\t\t\t\t\t\t\t\t<p style=\"text-align: center;\">EQUA on 1995. aastal asutatud tootmisettev\u00f5te. EQUA missiooniks on ergonoomiliste ja multi-funktsionaalsete toodete valmistamine veterinaaria kliinikutele. EQUA tooted on inspireeritud innovatsioonist ja tipp-tehnoloogiast.<\/p><p style=\"text-align: center;\">EQUA br\u00e4ndi kontseptsioon tuleneb \u201e<strong>E<\/strong>rgonomy\u201c ja \u201e<strong>QUA<\/strong>lity\u201c m\u00f5istetest p\u00fc\u00fceldes veterinaaride t\u00f6\u00f6keskkonnas parimate lahenduste ja toodeteni.<\/p>\t\t\t\t\t\t\t\t<\/div>\n\t\t\t\t<\/div>\n\t\t\t\t<div class=\"elementor-element elementor-element-f07ed9a elementor-widget elementor-widget-text-editor\" data-id=\"f07ed9a\" data-element_type=\"widget\" data-e-type=\"widget\" data-widget_type=\"text-editor.default\">\n\t\t\t\t<div class=\"elementor-widget-container\">\n\t\t\t\t\t\t\t\t\t<p>EQUA on asutatud 1995. aastal vendade, Tanel ja Janno Joosti, poolt. Kahe t\u00f6\u00f6tajaga v\u00e4ike-ettev\u00f5ttest on t\u00e4naseks arenenud Eesti \u00fcks suurimaid meditsiinitehnika ja invatoodete valmistajaid. Firma toodangust l\u00e4heb \u00fcle 70% ekspordiks, p\u00f5hiliselt Iirimaale, Saksamaale, Inglismaale, Norra, Soome ja Rootsi. Tootmine asub Tartus 2000 m2 suurustes tootmisruumides.<\/p><p>EQUA missiooniks on pakkuda meditsiiniasutustele parimaid lahendusi t\u00f6\u00f6ruumide sisustamisel ja t\u00f6\u00f6vahendite valikul. EQUA valmistab tooteid kolmes valdkonnas: meditsiin (nt. invaabivahendid, l\u00e4bivaatuslauad), f\u00fcsioteraapia (massaa\u017eilauad, f\u00fcsioteraapialauad) ning veterinaaria (operatsioonilauad, l\u00e4bivaatuslauad). Ettev\u00f5ttele kuulub ka kaubam\u00e4rk SOFT TEMP, mille all toodetakse \u00fchekordseid kraadiklaasikatteid, mida turustatakse \u00fcle Euroopa.<\/p><p>Omatoodangu valmistamise k\u00f5rval kasutab ettev\u00f5te oma laia valikuga tootmistehnoloogiat ka\u00a0<a href=\"http:\/\/equa.ee\/metall\/et\/\" target=\"_blank\" rel=\"noopener\">metalli- ja polsterdust\u00f6\u00f6dealaste<\/a>\u00a0allhanket\u00f6\u00f6de tegemiseks.<\/p>\t\t\t\t\t\t\t\t<\/div>\n\t\t\t\t<\/div>\n\t\t\t\t\t<\/div>\n\t\t<\/div>\n\t\t\t\t\t<\/div>\n\t\t<\/section>\n\t\t\t\t<section class=\"elementor-section elementor-inner-section elementor-element elementor-element-79a6a34e elementor-section-boxed elementor-section-height-default elementor-section-height-default\" data-id=\"79a6a34e\" data-element_type=\"section\" data-e-type=\"section\">\n\t\t\t\t\t\t<div class=\"elementor-container elementor-column-gap-extended\">\n\t\t\t\t\t<div class=\"elementor-column elementor-col-50 elementor-inner-column elementor-element elementor-element-4a7a25a8\" data-id=\"4a7a25a8\" data-element_type=\"column\" data-e-type=\"column\">\n\t\t\t<div class=\"elementor-widget-wrap elementor-element-populated\">\n\t\t\t\t\t\t<div class=\"elementor-element elementor-element-3fc1e552 elementor-widget elementor-widget-heading\" data-id=\"3fc1e552\" data-element_type=\"widget\" data-e-type=\"widget\" data-widget_type=\"heading.default\">\n\t\t\t\t<div class=\"elementor-widget-container\">\n\t\t\t\t\t<h3 class=\"elementor-heading-title elementor-size-default\">Euroopa Regionaalarengu Fondi toetus<\/h3>\t\t\t\t<\/div>\n\t\t\t\t<\/div>\n\t\t\t\t<div class=\"elementor-element elementor-element-447bd561 elementor-widget elementor-widget-text-editor\" data-id=\"447bd561\" data-element_type=\"widget\" data-e-type=\"widget\" data-widget_type=\"text-editor.default\">\n\t\t\t\t<div class=\"elementor-widget-container\">\n\t\t\t\t\t\t\t\t\t<p>4.oktoobril 2017. aastal v\u00f5ttis EQUA ette ambitsioonika 3 aastat kestva ettev\u00f5tte tootearenduse programmi, mille elluviimiseks taotleti kaasrahastamist Ettev\u00f5tluse Arendamise Sihtasutusest. Perioodil 2017-2020a. toimunud arenguprogrammiga sai alustatud mitmeid tootearendusi. Ettev\u00f5tte ambitsioonika kasvu j\u00e4tkuks taotleti \u201cEQUA Arenguprogrammi 2021-2022\u201d raames lisatoetust summale 137 091,60 eurole. EQUA Arenguplaani nr. 2014-2020.4.04.21-1847 toetatakse l\u00e4bi Euroopa Regionaalarengu Fondi ettev\u00f5tte arenguprogrammi toetusmeetme. Arenguprogrammi raames t\u00f6\u00f6tatakse v\u00e4lja mitu uut innovaatilist ja k\u00f5rgema lisandv\u00e4\u00e4rtusega f\u00fcsioteraapia ja veterinaaria valdkonna toodet, samuti suurendatakse oluliselt ettev\u00f5tte tootmis- ja ekspordiv\u00f5imekust.<\/p>\t\t\t\t\t\t\t\t<\/div>\n\t\t\t\t<\/div>\n\t\t\t\t<div class=\"elementor-element elementor-element-fac869b elementor-widget elementor-widget-heading\" data-id=\"fac869b\" data-element_type=\"widget\" data-e-type=\"widget\" data-widget_type=\"heading.default\">\n\t\t\t\t<div class=\"elementor-widget-container\">\n\t\t\t\t\t<h3 class=\"elementor-heading-title elementor-size-default\">\u00c4rieetika<\/h3>\t\t\t\t<\/div>\n\t\t\t\t<\/div>\n\t\t\t\t<div class=\"elementor-element elementor-element-38b75ba2 elementor-widget elementor-widget-text-editor\" data-id=\"38b75ba2\" data-element_type=\"widget\" data-e-type=\"widget\" data-widget_type=\"text-editor.default\">\n\t\t\t\t<div class=\"elementor-widget-container\">\n\t\t\t\t\t\t\t\t\t<p>EQUA reputatsioon ja usaldusv\u00e4\u00e4rsus on meie suurim vara, mis m\u00e4\u00e4rab meie igap\u00e4eva k\u00e4itumise suhetes klientide ja tarnijatega. Kompromissitu \u00e4rieetikast l\u00e4htumine on EQUA igap\u00e4eva t\u00f6\u00f6 lahutamatu osa. Me peame seda oma pere-ettev\u00f5tluse eduloo lahutamatuks ja oluliseks osaks.<\/p><p>Meeldivat koost\u00f6\u00f6d soovides,<\/p>\t\t\t\t\t\t\t\t<\/div>\n\t\t\t\t<\/div>\n\t\t\t\t<div class=\"elementor-element elementor-element-73459bc7 elementor-widget elementor-widget-text-editor\" data-id=\"73459bc7\" data-element_type=\"widget\" data-e-type=\"widget\" data-widget_type=\"text-editor.default\">\n\t\t\t\t<div class=\"elementor-widget-container\">\n\t\t\t\t\t\t\t\t\t<p>Tanel Joost<\/p>\t\t\t\t\t\t\t\t<\/div>\n\t\t\t\t<\/div>\n\t\t\t\t<div class=\"elementor-element elementor-element-4b337e4b elementor-widget elementor-widget-text-editor\" data-id=\"4b337e4b\" data-element_type=\"widget\" data-e-type=\"widget\" data-widget_type=\"text-editor.default\">\n\t\t\t\t<div class=\"elementor-widget-container\">\n\t\t\t\t\t\t\t\t\t<p>juhataja<br \/>EQUA O\u00dc<\/p>\t\t\t\t\t\t\t\t<\/div>\n\t\t\t\t<\/div>\n\t\t\t\t\t<\/div>\n\t\t<\/div>\n\t\t\t\t<div class=\"elementor-column elementor-col-50 elementor-inner-column elementor-element elementor-element-38b80489\" data-id=\"38b80489\" data-element_type=\"column\" data-e-type=\"column\">\n\t\t\t<div class=\"elementor-widget-wrap elementor-element-populated\">\n\t\t\t\t\t\t<div class=\"elementor-element elementor-element-2a929bd7 elementor-widget elementor-widget-heading\" data-id=\"2a929bd7\" data-element_type=\"widget\" data-e-type=\"widget\" data-widget_type=\"heading.default\">\n\t\t\t\t<div class=\"elementor-widget-container\">\n\t\t\t\t\t<h3 class=\"elementor-heading-title elementor-size-default\">Koost\u00f6\u00f6partnerid<\/h3>\t\t\t\t<\/div>\n\t\t\t\t<\/div>\n\t\t\t\t<div class=\"elementor-element elementor-element-314cf3ef elementor-widget elementor-widget-text-editor\" data-id=\"314cf3ef\" data-element_type=\"widget\" data-e-type=\"widget\" data-widget_type=\"text-editor.default\">\n\t\t\t\t<div class=\"elementor-widget-container\">\n\t\t\t\t\t\t\t\t\t<p>Suhetes partneritega v\u00e4\u00e4rtustame avatust ja usaldusv\u00e4\u00e4rsust. Meil on hea meel, et oleme leidnud endale koost\u00f6\u00f6partnerid, kes jagavad samu v\u00e4\u00e4rtusi.<\/p><p>EQUA O\u00dc on iM3 veterinaariatoodete ainuesindaja Eestis teostades nii toodete m\u00fc\u00fcki kui ka seadmete hooldust ning remonti.\u00a0<\/p>\t\t\t\t\t\t\t\t<\/div>\n\t\t\t\t<\/div>\n\t\t\t\t\t<\/div>\n\t\t<\/div>\n\t\t\t\t\t<\/div>\n\t\t<\/section>\n\t\t\t\t\t<\/div>\n\t\t<\/div>\n\t\t\t\t\t<\/div>\n\t\t<\/section>\n\t\t\t\t<section class=\"elementor-section elementor-top-section elementor-element elementor-element-52d41083 elementor-section-boxed elementor-section-height-default elementor-section-height-default\" data-id=\"52d41083\" data-element_type=\"section\" data-e-type=\"section\">\n\t\t\t\t\t\t<div class=\"elementor-container elementor-column-gap-wide\">\n\t\t\t\t\t<div class=\"elementor-column elementor-col-100 elementor-top-column elementor-element elementor-element-2cd067f6\" data-id=\"2cd067f6\" data-element_type=\"column\" data-e-type=\"column\">\n\t\t\t<div class=\"elementor-widget-wrap elementor-element-populated\">\n\t\t\t\t\t\t<section class=\"elementor-section elementor-inner-section elementor-element elementor-element-601ef350 elementor-section-boxed elementor-section-height-default elementor-section-height-default\" data-id=\"601ef350\" data-element_type=\"section\" data-e-type=\"section\">\n\t\t\t\t\t\t<div class=\"elementor-container elementor-column-gap-default\">\n\t\t\t\t\t<div class=\"elementor-column elementor-col-33 elementor-inner-column elementor-element elementor-element-516129d0\" data-id=\"516129d0\" data-element_type=\"column\" data-e-type=\"column\">\n\t\t\t<div class=\"elementor-widget-wrap elementor-element-populated\">\n\t\t\t\t\t\t<div class=\"elementor-element elementor-element-42eedba9 elementor-position-left elementor-vertical-align-middle elementor-widget elementor-widget-image-box\" data-id=\"42eedba9\" data-element_type=\"widget\" data-e-type=\"widget\" data-widget_type=\"image-box.default\">\n\t\t\t\t<div class=\"elementor-widget-container\">\n\t\t\t\t\t<div class=\"elementor-image-box-wrapper\"><figure class=\"elementor-image-box-img\"><img fetchpriority=\"high\" decoding=\"async\" width=\"300\" height=\"300\" src=\"https:\/\/equa.ee\/veterinaaria\/wp-content\/uploads\/2020\/05\/tanel.jpg\" class=\"attachment-full size-full wp-image-4031\" alt=\"\" srcset=\"https:\/\/equa.ee\/veterinaaria\/wp-content\/uploads\/2020\/05\/tanel.jpg 300w, https:\/\/equa.ee\/veterinaaria\/wp-content\/uploads\/2020\/05\/tanel-150x150.jpg 150w\" sizes=\"(max-width: 300px) 100vw, 300px\" \/><\/figure><div class=\"elementor-image-box-content\"><h3 class=\"elementor-image-box-title\">Tanel Joost<\/h3><p class=\"elementor-image-box-description\">Juhataja<\/p><\/div><\/div>\t\t\t\t<\/div>\n\t\t\t\t<\/div>\n\t\t\t\t<div class=\"elementor-element elementor-element-419148c7 elementor-icon-list--layout-traditional elementor-list-item-link-full_width elementor-widget elementor-widget-icon-list\" data-id=\"419148c7\" data-element_type=\"widget\" data-e-type=\"widget\" data-widget_type=\"icon-list.default\">\n\t\t\t\t<div class=\"elementor-widget-container\">\n\t\t\t\t\t\t\t<ul class=\"elementor-icon-list-items\">\n\t\t\t\t\t\t\t<li class=\"elementor-icon-list-item\">\n\t\t\t\t\t\t\t\t\t\t\t<span class=\"elementor-icon-list-icon\">\n\t\t\t\t\t\t\t<i aria-hidden=\"true\" class=\"fas fa-phone\"><\/i>\t\t\t\t\t\t<\/span>\n\t\t\t\t\t\t\t\t\t\t<span class=\"elementor-icon-list-text\">+372 565 9040<\/span>\n\t\t\t\t\t\t\t\t\t<\/li>\n\t\t\t\t\t\t\t\t<li class=\"elementor-icon-list-item\">\n\t\t\t\t\t\t\t\t\t\t\t<a href=\"mailto:tanel@equa.ee\">\n\n\t\t\t\t\t\t\t\t\t\t\t\t<span class=\"elementor-icon-list-icon\">\n\t\t\t\t\t\t\t<i aria-hidden=\"true\" class=\"far fa-envelope\"><\/i>\t\t\t\t\t\t<\/span>\n\t\t\t\t\t\t\t\t\t\t<span class=\"elementor-icon-list-text\">tanel@equa.ee<\/span>\n\t\t\t\t\t\t\t\t\t\t\t<\/a>\n\t\t\t\t\t\t\t\t\t<\/li>\n\t\t\t\t\t\t<\/ul>\n\t\t\t\t\t\t<\/div>\n\t\t\t\t<\/div>\n\t\t\t\t\t<\/div>\n\t\t<\/div>\n\t\t\t\t<div class=\"elementor-column elementor-col-33 elementor-inner-column elementor-element elementor-element-2fd59ad8\" data-id=\"2fd59ad8\" data-element_type=\"column\" data-e-type=\"column\">\n\t\t\t<div class=\"elementor-widget-wrap elementor-element-populated\">\n\t\t\t\t\t\t<div class=\"elementor-element elementor-element-4637a05e elementor-position-left elementor-vertical-align-middle elementor-widget elementor-widget-image-box\" data-id=\"4637a05e\" data-element_type=\"widget\" data-e-type=\"widget\" data-widget_type=\"image-box.default\">\n\t\t\t\t<div class=\"elementor-widget-container\">\n\t\t\t\t\t<div class=\"elementor-image-box-wrapper\"><figure class=\"elementor-image-box-img\"><img decoding=\"async\" width=\"300\" height=\"300\" src=\"https:\/\/equa.ee\/veterinaaria\/wp-content\/uploads\/2020\/05\/janno.jpg\" class=\"attachment-full size-full wp-image-4033\" alt=\"\" srcset=\"https:\/\/equa.ee\/veterinaaria\/wp-content\/uploads\/2020\/05\/janno.jpg 300w, https:\/\/equa.ee\/veterinaaria\/wp-content\/uploads\/2020\/05\/janno-150x150.jpg 150w\" sizes=\"(max-width: 300px) 100vw, 300px\" \/><\/figure><div class=\"elementor-image-box-content\"><h3 class=\"elementor-image-box-title\">Janno Joost<\/h3><p class=\"elementor-image-box-description\">Tegevjuht<\/p><\/div><\/div>\t\t\t\t<\/div>\n\t\t\t\t<\/div>\n\t\t\t\t<div class=\"elementor-element elementor-element-3ec0082 elementor-icon-list--layout-traditional elementor-list-item-link-full_width elementor-widget elementor-widget-icon-list\" data-id=\"3ec0082\" data-element_type=\"widget\" data-e-type=\"widget\" data-widget_type=\"icon-list.default\">\n\t\t\t\t<div class=\"elementor-widget-container\">\n\t\t\t\t\t\t\t<ul class=\"elementor-icon-list-items\">\n\t\t\t\t\t\t\t<li class=\"elementor-icon-list-item\">\n\t\t\t\t\t\t\t\t\t\t\t<span class=\"elementor-icon-list-icon\">\n\t\t\t\t\t\t\t<i aria-hidden=\"true\" class=\"fas fa-phone\"><\/i>\t\t\t\t\t\t<\/span>\n\t\t\t\t\t\t\t\t\t\t<span class=\"elementor-icon-list-text\">+372 565 1040<\/span>\n\t\t\t\t\t\t\t\t\t<\/li>\n\t\t\t\t\t\t\t\t<li class=\"elementor-icon-list-item\">\n\t\t\t\t\t\t\t\t\t\t\t<a href=\"mailto:janno@equa.ee\">\n\n\t\t\t\t\t\t\t\t\t\t\t\t<span class=\"elementor-icon-list-icon\">\n\t\t\t\t\t\t\t<i aria-hidden=\"true\" class=\"far fa-envelope\"><\/i>\t\t\t\t\t\t<\/span>\n\t\t\t\t\t\t\t\t\t\t<span class=\"elementor-icon-list-text\">janno@equa.ee<\/span>\n\t\t\t\t\t\t\t\t\t\t\t<\/a>\n\t\t\t\t\t\t\t\t\t<\/li>\n\t\t\t\t\t\t<\/ul>\n\t\t\t\t\t\t<\/div>\n\t\t\t\t<\/div>\n\t\t\t\t\t<\/div>\n\t\t<\/div>\n\t\t\t\t<div class=\"elementor-column elementor-col-33 elementor-inner-column elementor-element elementor-element-e91d329\" data-id=\"e91d329\" data-element_type=\"column\" data-e-type=\"column\">\n\t\t\t<div class=\"elementor-widget-wrap elementor-element-populated\">\n\t\t\t\t\t\t<div class=\"elementor-element elementor-element-6623c731 elementor-position-left elementor-vertical-align-middle elementor-widget elementor-widget-image-box\" data-id=\"6623c731\" data-element_type=\"widget\" data-e-type=\"widget\" data-widget_type=\"image-box.default\">\n\t\t\t\t<div class=\"elementor-widget-container\">\n\t\t\t\t\t<div class=\"elementor-image-box-wrapper\"><figure class=\"elementor-image-box-img\"><img decoding=\"async\" width=\"435\" height=\"433\" src=\"https:\/\/equa.ee\/veterinaaria\/wp-content\/uploads\/2022\/08\/Martin_pilt.jpg\" class=\"attachment-full size-full wp-image-4495\" alt=\"\" srcset=\"https:\/\/equa.ee\/veterinaaria\/wp-content\/uploads\/2022\/08\/Martin_pilt.jpg 435w, https:\/\/equa.ee\/veterinaaria\/wp-content\/uploads\/2022\/08\/Martin_pilt-300x300.jpg 300w, https:\/\/equa.ee\/veterinaaria\/wp-content\/uploads\/2022\/08\/Martin_pilt-150x150.jpg 150w\" sizes=\"(max-width: 435px) 100vw, 435px\" \/><\/figure><div class=\"elementor-image-box-content\"><h3 class=\"elementor-image-box-title\">Martin Joost<\/h3><p class=\"elementor-image-box-description\">Arendusjuht<\/p><\/div><\/div>\t\t\t\t<\/div>\n\t\t\t\t<\/div>\n\t\t\t\t<div class=\"elementor-element elementor-element-116cfc03 elementor-icon-list--layout-traditional elementor-list-item-link-full_width elementor-widget elementor-widget-icon-list\" data-id=\"116cfc03\" data-element_type=\"widget\" data-e-type=\"widget\" data-widget_type=\"icon-list.default\">\n\t\t\t\t<div class=\"elementor-widget-container\">\n\t\t\t\t\t\t\t<ul class=\"elementor-icon-list-items\">\n\t\t\t\t\t\t\t<li class=\"elementor-icon-list-item\">\n\t\t\t\t\t\t\t\t\t\t\t<span class=\"elementor-icon-list-icon\">\n\t\t\t\t\t\t\t<i aria-hidden=\"true\" class=\"fas fa-phone\"><\/i>\t\t\t\t\t\t<\/span>\n\t\t\t\t\t\t\t\t\t\t<span class=\"elementor-icon-list-text\">+372 562 48827<\/span>\n\t\t\t\t\t\t\t\t\t<\/li>\n\t\t\t\t\t\t\t\t<li class=\"elementor-icon-list-item\">\n\t\t\t\t\t\t\t\t\t\t\t<a href=\"\">\n\n\t\t\t\t\t\t\t\t\t\t\t\t<span class=\"elementor-icon-list-icon\">\n\t\t\t\t\t\t\t<i aria-hidden=\"true\" class=\"far fa-envelope\"><\/i>\t\t\t\t\t\t<\/span>\n\t\t\t\t\t\t\t\t\t\t<span class=\"elementor-icon-list-text\">martin@equa.ee<\/span>\n\t\t\t\t\t\t\t\t\t\t\t<\/a>\n\t\t\t\t\t\t\t\t\t<\/li>\n\t\t\t\t\t\t<\/ul>\n\t\t\t\t\t\t<\/div>\n\t\t\t\t<\/div>\n\t\t\t\t\t<\/div>\n\t\t<\/div>\n\t\t\t\t\t<\/div>\n\t\t<\/section>\n\t\t\t\t<section class=\"elementor-section elementor-inner-section elementor-element elementor-element-18f0435e elementor-section-boxed elementor-section-height-default elementor-section-height-default\" data-id=\"18f0435e\" data-element_type=\"section\" data-e-type=\"section\">\n\t\t\t\t\t\t<div class=\"elementor-container elementor-column-gap-default\">\n\t\t\t\t\t<div class=\"elementor-column elementor-col-33 elementor-inner-column elementor-element elementor-element-43f6f70b\" data-id=\"43f6f70b\" data-element_type=\"column\" data-e-type=\"column\">\n\t\t\t<div class=\"elementor-widget-wrap elementor-element-populated\">\n\t\t\t\t\t\t<div class=\"elementor-element elementor-element-6f0eab67 elementor-position-left elementor-vertical-align-middle elementor-widget elementor-widget-image-box\" data-id=\"6f0eab67\" data-element_type=\"widget\" data-e-type=\"widget\" data-widget_type=\"image-box.default\">\n\t\t\t\t<div class=\"elementor-widget-container\">\n\t\t\t\t\t<div class=\"elementor-image-box-wrapper\"><figure class=\"elementor-image-box-img\"><img loading=\"lazy\" decoding=\"async\" width=\"300\" height=\"300\" src=\"https:\/\/equa.ee\/veterinaaria\/wp-content\/uploads\/2026\/03\/Merili-Maalmeister-1-300x300-1.jpg\" class=\"attachment-full size-full wp-image-10437\" alt=\"\" srcset=\"https:\/\/equa.ee\/veterinaaria\/wp-content\/uploads\/2026\/03\/Merili-Maalmeister-1-300x300-1.jpg 300w, https:\/\/equa.ee\/veterinaaria\/wp-content\/uploads\/2026\/03\/Merili-Maalmeister-1-300x300-1-150x150.jpg 150w\" sizes=\"(max-width: 300px) 100vw, 300px\" \/><\/figure><div class=\"elementor-image-box-content\"><h3 class=\"elementor-image-box-title\">Merili Maalmeister<\/h3><p class=\"elementor-image-box-description\">M\u00fc\u00fcgiesindaja <br>veterinaaria ja iM3 tooted<\/p><\/div><\/div>\t\t\t\t<\/div>\n\t\t\t\t<\/div>\n\t\t\t\t<div class=\"elementor-element elementor-element-3d57350b elementor-icon-list--layout-traditional elementor-list-item-link-full_width elementor-widget elementor-widget-icon-list\" data-id=\"3d57350b\" data-element_type=\"widget\" data-e-type=\"widget\" data-widget_type=\"icon-list.default\">\n\t\t\t\t<div class=\"elementor-widget-container\">\n\t\t\t\t\t\t\t<ul class=\"elementor-icon-list-items\">\n\t\t\t\t\t\t\t<li class=\"elementor-icon-list-item\">\n\t\t\t\t\t\t\t\t\t\t\t<span class=\"elementor-icon-list-icon\">\n\t\t\t\t\t\t\t<i aria-hidden=\"true\" class=\"fas fa-phone\"><\/i>\t\t\t\t\t\t<\/span>\n\t\t\t\t\t\t\t\t\t\t<span class=\"elementor-icon-list-text\">+372 559 48717<\/span>\n\t\t\t\t\t\t\t\t\t<\/li>\n\t\t\t\t\t\t\t\t<li class=\"elementor-icon-list-item\">\n\t\t\t\t\t\t\t\t\t\t\t<a href=\"mailto:merili@equa.ee\">\n\n\t\t\t\t\t\t\t\t\t\t\t\t<span class=\"elementor-icon-list-icon\">\n\t\t\t\t\t\t\t<i aria-hidden=\"true\" class=\"far fa-envelope\"><\/i>\t\t\t\t\t\t<\/span>\n\t\t\t\t\t\t\t\t\t\t<span class=\"elementor-icon-list-text\"> merili@equa.ee<\/span>\n\t\t\t\t\t\t\t\t\t\t\t<\/a>\n\t\t\t\t\t\t\t\t\t<\/li>\n\t\t\t\t\t\t<\/ul>\n\t\t\t\t\t\t<\/div>\n\t\t\t\t<\/div>\n\t\t\t\t\t<\/div>\n\t\t<\/div>\n\t\t\t\t<div class=\"elementor-column elementor-col-33 elementor-inner-column elementor-element elementor-element-710aa5c0\" data-id=\"710aa5c0\" data-element_type=\"column\" data-e-type=\"column\">\n\t\t\t<div class=\"elementor-widget-wrap\">\n\t\t\t\t\t\t\t<\/div>\n\t\t<\/div>\n\t\t\t\t<div class=\"elementor-column elementor-col-33 elementor-inner-column elementor-element elementor-element-3b792991\" data-id=\"3b792991\" data-element_type=\"column\" data-e-type=\"column\">\n\t\t\t<div class=\"elementor-widget-wrap\">\n\t\t\t\t\t\t\t<\/div>\n\t\t<\/div>\n\t\t\t\t\t<\/div>\n\t\t<\/section>\n\t\t\t\t\t<\/div>\n\t\t<\/div>\n\t\t\t\t\t<\/div>\n\t\t<\/section>\n\t\t\t\t<\/div>\n\t\t","protected":false},"excerpt":{"rendered":"<p>EQUA on 1995. aastal asutatud tootmisettev\u00f5te. EQUA missiooniks on ergonoomiliste ja multi-funktsionaalsete toodete valmistamine veterinaaria kliinikutele. EQUA tooted on inspireeritud innovatsioonist ja tipp-tehnoloogiast. EQUA br\u00e4ndi kontseptsioon tuleneb \u201eErgonomy\u201c ja \u201eQUAlity\u201c m\u00f5istetest p\u00fc\u00fceldes veterinaaride t\u00f6\u00f6keskkonnas parimate lahenduste ja toodeteni. EQUA on asutatud 1995. aastal vendade, Tanel ja Janno Joosti, poolt. Kahe t\u00f6\u00f6tajaga v\u00e4ike-ettev\u00f5ttest on t\u00e4naseks arenenud&hellip;<\/p>\n","protected":false},"author":1,"featured_media":0,"parent":0,"menu_order":0,"comment_status":"closed","ping_status":"closed","template":"","meta":{"_monsterinsights_skip_tracking":false,"_monsterinsights_sitenote_active":false,"_monsterinsights_sitenote_note":"","_monsterinsights_sitenote_category":0,"footnotes":""},"class_list":["post-3640","page","type-page","status-publish","hentry"],"_links":{"self":[{"href":"https:\/\/equa.ee\/veterinaaria\/wp-json\/wp\/v2\/pages\/3640","targetHints":{"allow":["GET"]}}],"collection":[{"href":"https:\/\/equa.ee\/veterinaaria\/wp-json\/wp\/v2\/pages"}],"about":[{"href":"https:\/\/equa.ee\/veterinaaria\/wp-json\/wp\/v2\/types\/page"}],"author":[{"embeddable":true,"href":"https:\/\/equa.ee\/veterinaaria\/wp-json\/wp\/v2\/users\/1"}],"replies":[{"embeddable":true,"href":"https:\/\/equa.ee\/veterinaaria\/wp-json\/wp\/v2\/comments?post=3640"}],"version-history":[{"count":89,"href":"https:\/\/equa.ee\/veterinaaria\/wp-json\/wp\/v2\/pages\/3640\/revisions"}],"predecessor-version":[{"id":10446,"href":"https:\/\/equa.ee\/veterinaaria\/wp-json\/wp\/v2\/pages\/3640\/revisions\/10446"}],"wp:attachment":[{"href":"https:\/\/equa.ee\/veterinaaria\/wp-json\/wp\/v2\/media?parent=3640"}],"curies":[{"name":"wp","href":"https:\/\/api.w.org\/{rel}","templated":true}]}}