{"id":2756,"date":"2018-07-20T12:01:15","date_gmt":"2018-07-20T10:01:15","guid":{"rendered":"http:\/\/equa-ee.vserver.zonevs.eu\/veterinary\/?page_id=2756"},"modified":"2020-06-30T07:58:10","modified_gmt":"2020-06-30T05:58:10","slug":"homepage-2","status":"publish","type":"page","link":"https:\/\/equa.ee\/veterinaaria\/","title":{"rendered":"homepage"},"content":{"rendered":"<div class=\"wpb-content-wrapper\"><p>[vc_row type=&#8221;vc_default&#8221; full_width=&#8221;stretch_row&#8221; full_height=&#8221;yes&#8221; columns_placement=&#8221;bottom&#8221; disable_element=&#8221;yes&#8221; bg_type=&#8221;u_iframe&#8221; u_video_url=&#8221;https:\/\/www.youtube.com\/watch?v=3eFYzwG1D7Q&#8221; video_opts=&#8221;loop&#8221; viewport_vdo=&#8221;viewport_play&#8221; bg_override=&#8221;full&#8221; ult_hide_row=&#8221;ult_hide_row_value&#8221; ult_hide_row_tablet=&#8221;tablet&#8221; ult_hide_row_tablet_small=&#8221;xs_tablet&#8221; ult_hide_row_mobile=&#8221;mobile&#8221; ult_hide_row_mobile_large=&#8221;xl_mobile&#8221;][vc_column][vc_icon icon_fontawesome=&#8221;fa fa-angle-down&#8221; color=&#8221;white&#8221; background_style=&#8221;rounded-outline&#8221; background_color=&#8221;white&#8221; align=&#8221;center&#8221; css_animation=&#8221;zoomInDown&#8221; css=&#8221;.vc_custom_1532191416784{margin-bottom: 30px !important;}&#8221; link=&#8221;url:%23VTOP|||&#8221;][\/vc_column][\/vc_row][vc_section full_width=&#8221;stretch_row&#8221; content_placement=&#8221;middle&#8221; el_id=&#8221;VTOP&#8221; css=&#8221;.vc_custom_1532084766958{background-position: 0 0 !important;background-repeat: repeat !important;}&#8221;][vc_row type=&#8221;vc_default&#8221; full_width=&#8221;stretch_row&#8221; full_height=&#8221;yes&#8221; css=&#8221;.vc_custom_1549390109186{padding-bottom: 90px !important;}&#8221;][vc_column][vc_row_inner content_placement=&#8221;middle&#8221; css=&#8221;.vc_custom_1514846216295{background-position: center !important;background-repeat: no-repeat !important;background-size: contain !important;}&#8221;][vc_column_inner width=&#8221;1\/3&#8243;][vc_empty_space height=&#8221;90px&#8221;][vc_custom_heading text=&#8221;Funktsionaalseim operatsioonilaud maailmas!&#8221; font_container=&#8221;tag:h3|text_align:center|color:%23555555&#8243; use_theme_fonts=&#8221;yes&#8221; css_animation=&#8221;fadeIn&#8221; link=&#8221;url:%2Fveterinaaria%2Fv-top%2F|||&#8221;][vc_empty_space]<div id=\"modal-trg-txt-wrap-6774\" class=\"ult-modal-input-wrapper ult-adjust-bottom-margin    \" data-keypress-control=\"keypress-control-enable\" data-overlay-control=\"overlay-control-enable\"><style>\n\t\t\t\t\t.btn-modal.btn-id-69e09bde744b58-16247180:hover {\n\t\t\t\t\t\tbackground-color: rgba(0,175,105,0.68) !important;\n\t\t\t\t\t}\n\t\t\t\t\t<\/style><button  data-ultimate-target='#modal-trg-txt-wrap-6774 .btn-modal'  data-responsive-json-new='{\"font-size\":\"\",\"line-height\":\"\"}'  style=\"background:rgba(0,175,105,0.5);border-color:rgba(0,175,105,0.5);color:#ffffff; \" data-class-id=\"content-69e09bde744b58-16247180\" class=\"btn-modal ult-responsive btn-primary btn-modal-lg overlay-show ult-align-center btn-id-69e09bde744b58-16247180\" data-overlay-class=\"overlay-fade\">Tootevideo<\/button><\/div>\n<div class=\"ult-overlay content-69e09bde744b58-16247180 \" data-class=\"content-69e09bde744b58-16247180\" id=\"button-click-overlay\" style=\"background:rgba(51,51,51,0.8); display:none;\">\n\t<div class=\"ult_modal ult-fade ult-medium\">\n\t\t<div id=\"ult-modal-wrap-3552\" class=\"ult_modal-content ult-hide\" style=\"border-style:solid;border-width:2px;border-radius:0px;border-color:#333333;\">\n\t\t\t<div  data-ultimate-target='#ult-modal-wrap-3552 .ult_modal-body'  data-responsive-json-new='{\"font-size\":\"\",\"line-height\":\"\"}'  class=\"ult_modal-body ult-responsive ult-youtube\" style=\"\">\n\t\t\t<iframe src=\"https:\/\/www.youtube.com\/embed\/BhzpH9GY-ck?start=3\" width=\"560\" height=\"315\" frameborder=\"0\" allowfullscreen=\"allowfullscreen\"><\/iframe>\n\t\t\t<\/div>\n\t<\/div>\n\t<\/div>\n\t<div class=\"ult-overlay-close top-right\" style=\"width:20px;height:20px; \"><div class=\"ult-overlay-close-inside\">Close<\/div><\/div>\n<\/div>[\/vc_column_inner][vc_column_inner width=&#8221;2\/3&#8243;][vc_single_image image=&#8221;2149&#8243; img_size=&#8221;full&#8221; alignment=&#8221;center&#8221; css_animation=&#8221;fadeIn&#8221;][\/vc_column_inner][\/vc_row_inner][\/vc_column][\/vc_row][\/vc_section][vc_section css=&#8221;.vc_custom_1533894201647{margin-top: 70px !important;margin-bottom: 70px !important;}&#8221;][vc_row type=&#8221;vc_default&#8221; gap=&#8221;5&#8243; equal_height=&#8221;yes&#8221; full_width_row=&#8221;true&#8221;][vc_column width=&#8221;1\/3&#8243;]<style type=\"text\/css\" data-type=\"the7_shortcodes-inline-css\">.shortcode-single-image-wrap.shortcode-single-image-17d32b99ef2faf9742faa2c8756cf8c2.enable-bg-rollover .rollover i,\n.shortcode-single-image-wrap.shortcode-single-image-17d32b99ef2faf9742faa2c8756cf8c2.enable-bg-rollover .rollover-video i {\n  background: -webkit-linear-gradient();\n  background: linear-gradient();\n}\n.shortcode-single-image-wrap.shortcode-single-image-17d32b99ef2faf9742faa2c8756cf8c2 .rollover-icon {\n  font-size: 32px;\n  color: #ffffff;\n  min-width: 44px;\n  min-height: 44px;\n  line-height: 44px;\n  border-radius: 100px;\n  border-style: solid;\n  border-width: 0px;\n}\n.dt-icon-bg-on.shortcode-single-image-wrap.shortcode-single-image-17d32b99ef2faf9742faa2c8756cf8c2 .rollover-icon {\n  background: rgba(255,255,255,0.3);\n  box-shadow: none;\n}<\/style><div class=\"shortcode-single-image-wrap shortcode-single-image-17d32b99ef2faf9742faa2c8756cf8c2 alignnone  vc_custom_1540800894670 enable-bg-rollover dt-icon-bg-off\" ><div class=\"shortcode-single-image\"><div class=\"fancy-media-wrap\" style=\"\"><a href=\"\/veterinaaria\/operatsioonilauad\/\" class=\" layzr-bg rollover\" style=\"\" aria-label=\"Image\"><img fetchpriority=\"high\" decoding=\"async\" class=\"preload-me lazy-load aspect\" src=\"data:image\/svg+xml,%3Csvg%20xmlns%3D&#39;http%3A%2F%2Fwww.w3.org%2F2000%2Fsvg&#39;%20viewBox%3D&#39;0%200%20708%20708&#39;%2F%3E\" data-src=\"https:\/\/equa.ee\/veterinaaria\/wp-content\/uploads\/2018\/04\/V-Top-small.png\" data-srcset=\"https:\/\/equa.ee\/veterinaaria\/wp-content\/uploads\/2018\/04\/V-Top-small.png 708w\" loading=\"eager\" style=\"--ratio: 708 \/ 708\" sizes=\"(max-width: 708px) 100vw, 708px\" width=\"708\" height=\"708\"  data-dt-location=\"https:\/\/equa.ee\/veterinaaria\/v-top-small\/\" alt=\"\" \/><\/a><\/div><\/div><\/div><div class=\" ubtn-ctn-center \"><a class=\"ubtn-link ult-adjust-bottom-margin ubtn-center ubtn-large \" href=\"\/veterinaaria\/operatsioonilauad\/\" ><button type=\"button\" id=\"ubtn-8928\"  class=\"ubtn ult-adjust-bottom-margin ult-responsive ubtn-large ubtn-fade-bg  none  ubtn-sep-icon ubtn-sep-icon-left  ubtn-center   tooltip-69e09bde74eb6\"  data-hover=\"#ffffff\" data-border-color=\"\" data-bg=\"#ffffff\" data-hover-bg=\"rgba(0,165,99,0.5)\" data-border-hover=\"\" data-shadow-hover=\"\" data-shadow-click=\"none\" data-shadow=\"\" data-shd-shadow=\"\"  data-ultimate-target='#ubtn-8928'  data-responsive-json-new='{\"font-size\":\"desktop:20px;tablet:20px;tablet_portrait:20px;mobile_landscape:16px;mobile:16px;\",\"line-height\":\"\"}'  style=\"font-family:&#039;Roboto&#039;;font-weight:300;border:none;background: #ffffff;color: #27a570;\"><span class=\"ubtn-data ubtn-icon\"><i class=\"Defaults-angle-right\" style=\"font-size:26px;color:#ffffff;\"><\/i><\/span><span class=\"ubtn-hover\" style=\"background-color:rgba(0,165,99,0.5)\"><\/span><span class=\"ubtn-data ubtn-text \" >Operatsioonilauad<\/span><\/button><\/a><\/div>[\/vc_column][vc_column width=&#8221;1\/3&#8243;]<style type=\"text\/css\" data-type=\"the7_shortcodes-inline-css\">.shortcode-single-image-wrap.shortcode-single-image-77087a2ad1af7381bb1601fb1ace5642.enable-bg-rollover .rollover i,\n.shortcode-single-image-wrap.shortcode-single-image-77087a2ad1af7381bb1601fb1ace5642.enable-bg-rollover .rollover-video i {\n  background: -webkit-linear-gradient();\n  background: linear-gradient();\n}\n.shortcode-single-image-wrap.shortcode-single-image-77087a2ad1af7381bb1601fb1ace5642 .rollover-icon {\n  font-size: 32px;\n  color: #ffffff;\n  min-width: 44px;\n  min-height: 44px;\n  line-height: 44px;\n  border-radius: 100px;\n  border-style: solid;\n  border-width: 0px;\n}\n.dt-icon-bg-on.shortcode-single-image-wrap.shortcode-single-image-77087a2ad1af7381bb1601fb1ace5642 .rollover-icon {\n  background: rgba(255,255,255,0.3);\n  box-shadow: none;\n}<\/style><div class=\"shortcode-single-image-wrap shortcode-single-image-77087a2ad1af7381bb1601fb1ace5642 alignnone  vc_custom_1533893896591 enable-bg-rollover dt-icon-bg-off\" ><div class=\"shortcode-single-image\"><div class=\"fancy-media-wrap\" style=\"\"><a href=\"\/veterinaaria\/toolid\/\" class=\" layzr-bg rollover\" style=\"\" aria-label=\"Image\"><img decoding=\"async\" class=\"preload-me lazy-load aspect\" src=\"data:image\/svg+xml,%3Csvg%20xmlns%3D&#39;http%3A%2F%2Fwww.w3.org%2F2000%2Fsvg&#39;%20viewBox%3D&#39;0%200%20800%20800&#39;%2F%3E\" data-src=\"https:\/\/equa.ee\/veterinaaria\/wp-content\/uploads\/2018\/04\/800px-sadultool.png\" data-srcset=\"https:\/\/equa.ee\/veterinaaria\/wp-content\/uploads\/2018\/04\/800px-sadultool.png 800w\" loading=\"eager\" style=\"--ratio: 800 \/ 800\" sizes=\"(max-width: 800px) 100vw, 800px\" width=\"800\" height=\"800\"  data-dt-location=\"https:\/\/equa.ee\/veterinaaria\/800px-sadultool\/\" alt=\"\" \/><\/a><\/div><\/div><\/div><div class=\" ubtn-ctn-center \"><a class=\"ubtn-link ult-adjust-bottom-margin ubtn-center ubtn-large \" href=\"\/veterinaaria\/toolid\/\" ><button type=\"button\" id=\"ubtn-2568\"  class=\"ubtn ult-adjust-bottom-margin ult-responsive ubtn-large ubtn-fade-bg  none  ubtn-sep-icon ubtn-sep-icon-left  ubtn-center   tooltip-69e09bde7560c\"  data-hover=\"#ffffff\" data-border-color=\"\" data-bg=\"#ffffff\" data-hover-bg=\"rgba(0,165,99,0.5)\" data-border-hover=\"\" data-shadow-hover=\"\" data-shadow-click=\"none\" data-shadow=\"\" data-shd-shadow=\"\"  data-ultimate-target='#ubtn-2568'  data-responsive-json-new='{\"font-size\":\"desktop:20px;tablet:20px;tablet_portrait:20px;mobile_landscape:16px;mobile:16px;\",\"line-height\":\"\"}'  style=\"font-family:&#039;Roboto&#039;;font-weight:300;border:none;background: #ffffff;color: #27a570;\"><span class=\"ubtn-data ubtn-icon\"><i class=\"Defaults-angle-right\" style=\"font-size:26px;color:#ffffff;\"><\/i><\/span><span class=\"ubtn-hover\" style=\"background-color:rgba(0,165,99,0.5)\"><\/span><span class=\"ubtn-data ubtn-text \" >Toolid<\/span><\/button><\/a><\/div>[\/vc_column][vc_column width=&#8221;1\/3&#8243;]<style type=\"text\/css\" data-type=\"the7_shortcodes-inline-css\">.shortcode-single-image-wrap.shortcode-single-image-43c03b8f37fee8d0e11ffa308c33f01c.enable-bg-rollover .rollover i,\n.shortcode-single-image-wrap.shortcode-single-image-43c03b8f37fee8d0e11ffa308c33f01c.enable-bg-rollover .rollover-video i {\n  background: -webkit-linear-gradient();\n  background: linear-gradient();\n}\n.shortcode-single-image-wrap.shortcode-single-image-43c03b8f37fee8d0e11ffa308c33f01c .rollover-icon {\n  font-size: 32px;\n  color: #ffffff;\n  min-width: 44px;\n  min-height: 44px;\n  line-height: 44px;\n  border-radius: 100px;\n  border-style: solid;\n  border-width: 0px;\n}\n.dt-icon-bg-on.shortcode-single-image-wrap.shortcode-single-image-43c03b8f37fee8d0e11ffa308c33f01c .rollover-icon {\n  background: rgba(255,255,255,0.3);\n  box-shadow: none;\n}<\/style><div class=\"shortcode-single-image-wrap shortcode-single-image-43c03b8f37fee8d0e11ffa308c33f01c alignnone  vc_custom_1532349052525 enable-bg-rollover dt-icon-bg-off\" ><div class=\"shortcode-single-image\"><div class=\"fancy-media-wrap\" style=\"\"><a href=\"\/veterinaaria\/im3-hambaravi\/\" class=\" layzr-bg rollover\" style=\"\" aria-label=\"Image\"><img decoding=\"async\" class=\"preload-me lazy-load aspect\" src=\"data:image\/svg+xml,%3Csvg%20xmlns%3D&#39;http%3A%2F%2Fwww.w3.org%2F2000%2Fsvg&#39;%20viewBox%3D&#39;0%200%20800%20800&#39;%2F%3E\" data-src=\"https:\/\/equa.ee\/veterinaaria\/wp-content\/uploads\/2018\/07\/im3-pro2000.jpg\" data-srcset=\"https:\/\/equa.ee\/veterinaaria\/wp-content\/uploads\/2018\/07\/im3-pro2000.jpg 800w\" loading=\"eager\" style=\"--ratio: 800 \/ 800\" sizes=\"(max-width: 800px) 100vw, 800px\" width=\"800\" height=\"800\"  data-dt-location=\"https:\/\/equa.ee\/veterinaaria\/im3-hambaravi\/im3-pro2000\/\" alt=\"\" \/><\/a><\/div><\/div><\/div><div class=\" ubtn-ctn-center \"><a class=\"ubtn-link ult-adjust-bottom-margin ubtn-center ubtn-large \" href=\"\/veterinaaria\/im3-hambaravi\/\" ><button type=\"button\" id=\"ubtn-1247\"  class=\"ubtn ult-adjust-bottom-margin ult-responsive ubtn-large ubtn-fade-bg  none  ubtn-sep-icon ubtn-sep-icon-left  ubtn-center   tooltip-69e09bde75f77\"  data-hover=\"#ffffff\" data-border-color=\"\" data-bg=\"#ffffff\" data-hover-bg=\"rgba(0,165,99,0.5)\" data-border-hover=\"\" data-shadow-hover=\"\" data-shadow-click=\"none\" data-shadow=\"\" data-shd-shadow=\"\"  data-ultimate-target='#ubtn-1247'  data-responsive-json-new='{\"font-size\":\"desktop:20px;tablet:20px;tablet_portrait:20px;mobile_landscape:16px;mobile:16px;\",\"line-height\":\"\"}'  style=\"font-family:&#039;Roboto&#039;;font-weight:300;border:none;background: #ffffff;color: #27a570;\"><span class=\"ubtn-data ubtn-icon\"><i class=\"Defaults-angle-right\" style=\"font-size:26px;color:#ffffff;\"><\/i><\/span><span class=\"ubtn-hover\" style=\"background-color:rgba(0,165,99,0.5)\"><\/span><span class=\"ubtn-data ubtn-text \" >iM3 hambaravi<\/span><\/button><\/a><\/div>[\/vc_column][\/vc_row][vc_row][vc_column width=&#8221;1\/3&#8243;]<style type=\"text\/css\" data-type=\"the7_shortcodes-inline-css\">.shortcode-single-image-wrap.shortcode-single-image-062b92723cc6bbadce2c0bc414c53fc0.enable-bg-rollover .rollover i,\n.shortcode-single-image-wrap.shortcode-single-image-062b92723cc6bbadce2c0bc414c53fc0.enable-bg-rollover .rollover-video i {\n  background: -webkit-linear-gradient();\n  background: linear-gradient();\n}\n.shortcode-single-image-wrap.shortcode-single-image-062b92723cc6bbadce2c0bc414c53fc0 .rollover-icon {\n  font-size: 32px;\n  color: #ffffff;\n  min-width: 44px;\n  min-height: 44px;\n  line-height: 44px;\n  border-radius: 100px;\n  border-style: solid;\n  border-width: 0px;\n}\n.dt-icon-bg-on.shortcode-single-image-wrap.shortcode-single-image-062b92723cc6bbadce2c0bc414c53fc0 .rollover-icon {\n  background: rgba(255,255,255,0.3);\n  box-shadow: none;\n}<\/style><div class=\"shortcode-single-image-wrap shortcode-single-image-062b92723cc6bbadce2c0bc414c53fc0 alignnone  vc_custom_1531475461781 enable-bg-rollover dt-icon-bg-off\" ><div class=\"shortcode-single-image\"><div class=\"fancy-media-wrap\" style=\"\"><a href=\"\/veterinaaria\/roostevabast-terasest-karud\/\" class=\" layzr-bg rollover\" style=\"\" aria-label=\"Image\"><img decoding=\"async\" class=\"preload-me lazy-load aspect\" src=\"data:image\/svg+xml,%3Csvg%20xmlns%3D&#39;http%3A%2F%2Fwww.w3.org%2F2000%2Fsvg&#39;%20viewBox%3D&#39;0%200%20800%20800&#39;%2F%3E\" data-src=\"https:\/\/equa.ee\/veterinaaria\/wp-content\/uploads\/2018\/04\/800px-instrumendilauad.png\" data-srcset=\"https:\/\/equa.ee\/veterinaaria\/wp-content\/uploads\/2018\/04\/800px-instrumendilauad.png 800w\" loading=\"eager\" style=\"--ratio: 800 \/ 800\" sizes=\"(max-width: 800px) 100vw, 800px\" width=\"800\" height=\"800\"  data-dt-location=\"https:\/\/equa.ee\/veterinaaria\/800px-instrumendilauad\/\" alt=\"\" \/><\/a><\/div><\/div><\/div><div class=\" ubtn-ctn-center \"><a class=\"ubtn-link ult-adjust-bottom-margin ubtn-center ubtn-large \" href=\"\/veterinaaria\/roostevabast-terasest-karud\/\" ><button type=\"button\" id=\"ubtn-6607\"  class=\"ubtn ult-adjust-bottom-margin ult-responsive ubtn-large ubtn-fade-bg  none  ubtn-sep-icon ubtn-sep-icon-left  ubtn-center   tooltip-69e09bde76861\"  data-hover=\"#ffffff\" data-border-color=\"\" data-bg=\"#ffffff\" data-hover-bg=\"rgba(0,165,99,0.5)\" data-border-hover=\"\" data-shadow-hover=\"\" data-shadow-click=\"none\" data-shadow=\"\" data-shd-shadow=\"\"  data-ultimate-target='#ubtn-6607'  data-responsive-json-new='{\"font-size\":\"desktop:20px;tablet:20px;tablet_portrait:20px;mobile_landscape:16px;mobile:16px;\",\"line-height\":\"\"}'  style=\"font-family:&#039;Roboto&#039;;font-weight:300;border:none;background: #ffffff;color: #27a570;\"><span class=\"ubtn-data ubtn-icon\"><i class=\"Defaults-angle-right\" style=\"font-size:26px;color:#ffffff;\"><\/i><\/span><span class=\"ubtn-hover\" style=\"background-color:rgba(0,165,99,0.5)\"><\/span><span class=\"ubtn-data ubtn-text \" >Roostevabast terasest k\u00e4rud<\/span><\/button><\/a><\/div>[\/vc_column][vc_column width=&#8221;1\/3&#8243;]<style type=\"text\/css\" data-type=\"the7_shortcodes-inline-css\">.shortcode-single-image-wrap.shortcode-single-image-a0cab61f48bde88e144c194359213699.enable-bg-rollover .rollover i,\n.shortcode-single-image-wrap.shortcode-single-image-a0cab61f48bde88e144c194359213699.enable-bg-rollover .rollover-video i {\n  background: -webkit-linear-gradient();\n  background: linear-gradient();\n}\n.shortcode-single-image-wrap.shortcode-single-image-a0cab61f48bde88e144c194359213699 .rollover-icon {\n  font-size: 32px;\n  color: #ffffff;\n  min-width: 44px;\n  min-height: 44px;\n  line-height: 44px;\n  border-radius: 100px;\n  border-style: solid;\n  border-width: 0px;\n}\n.dt-icon-bg-on.shortcode-single-image-wrap.shortcode-single-image-a0cab61f48bde88e144c194359213699 .rollover-icon {\n  background: rgba(255,255,255,0.3);\n  box-shadow: none;\n}<\/style><div class=\"shortcode-single-image-wrap shortcode-single-image-a0cab61f48bde88e144c194359213699 alignnone  vc_custom_1593496550051 enable-bg-rollover dt-icon-bg-off\" ><div class=\"shortcode-single-image\"><div class=\"fancy-media-wrap\" style=\"\"><a href=\"\/veterinaaria\/labivaatuslauad\/\" class=\" layzr-bg rollover\" style=\"\" aria-label=\"Image\"><img decoding=\"async\" class=\"preload-me lazy-load aspect\" src=\"data:image\/svg+xml,%3Csvg%20xmlns%3D&#39;http%3A%2F%2Fwww.w3.org%2F2000%2Fsvg&#39;%20viewBox%3D&#39;0%200%20900%20900&#39;%2F%3E\" data-src=\"https:\/\/equa.ee\/veterinaaria\/wp-content\/uploads\/2020\/06\/EQUA-4050-esipilt.png\" data-srcset=\"https:\/\/equa.ee\/veterinaaria\/wp-content\/uploads\/2020\/06\/EQUA-4050-esipilt.png 900w\" loading=\"eager\" style=\"--ratio: 900 \/ 900\" sizes=\"(max-width: 900px) 100vw, 900px\" width=\"900\" height=\"900\"  data-dt-location=\"https:\/\/equa.ee\/veterinaaria\/equa-4050-labivaatuslaud\/equa-4050-esipilt\/\" alt=\"Altra on teadaolevalt k\u00f5ige looma ja veterinaaris\u00f5bralikum l\u00e4bivaatuslaud maailmas. Kaasaegse disainiga ja ergonoomiline laud veterinaaridele. Komposiitmaterjalist t\u00f6\u00f6tasapind on loomale soe ja rahustav. Juhtmevaba, t\u00f6\u00f6tab aku pealt.\" \/><\/a><\/div><\/div><\/div><div class=\" ubtn-ctn-center \"><a class=\"ubtn-link ult-adjust-bottom-margin ubtn-center ubtn-large \" href=\"https:\/\/equa.ee\/veterinaaria\/labivaatuslauad\/\" title=\"L\u00e4bivaatuslauad\" ><button type=\"button\" id=\"ubtn-1629\"  class=\"ubtn ult-adjust-bottom-margin ult-responsive ubtn-large ubtn-fade-bg  none  ubtn-sep-icon ubtn-sep-icon-left  ubtn-center   tooltip-69e09bde7719b\"  data-hover=\"#ffffff\" data-border-color=\"\" data-bg=\"#ffffff\" data-hover-bg=\"rgba(0,165,99,0.5)\" data-border-hover=\"\" data-shadow-hover=\"\" data-shadow-click=\"none\" data-shadow=\"\" data-shd-shadow=\"\"  data-ultimate-target='#ubtn-1629'  data-responsive-json-new='{\"font-size\":\"desktop:20px;tablet:20px;tablet_portrait:20px;mobile_landscape:16px;mobile:16px;\",\"line-height\":\"\"}'  style=\"font-family:&#039;Roboto&#039;;font-weight:300;border:none;background: #ffffff;color: #27a570;\"><span class=\"ubtn-data ubtn-icon\"><i class=\"Defaults-angle-right\" style=\"font-size:26px;color:#ffffff;\"><\/i><\/span><span class=\"ubtn-hover\" style=\"background-color:rgba(0,165,99,0.5)\"><\/span><span class=\"ubtn-data ubtn-text \" >L\u00e4bivaatuslauad<\/span><\/button><\/a><\/div>[\/vc_column][vc_column width=&#8221;1\/3&#8243;][\/vc_column][\/vc_row][\/vc_section]<\/p>\n<\/div>","protected":false},"excerpt":{"rendered":"<p>[vc_row type=&#8221;vc_default&#8221; full_width=&#8221;stretch_row&#8221; full_height=&#8221;yes&#8221; columns_placement=&#8221;bottom&#8221; disable_element=&#8221;yes&#8221; bg_type=&#8221;u_iframe&#8221; u_video_url=&#8221;https:\/\/www.youtube.com\/watch?v=3eFYzwG1D7Q&#8221; video_opts=&#8221;loop&#8221; viewport_vdo=&#8221;viewport_play&#8221; bg_override=&#8221;full&#8221; ult_hide_row=&#8221;ult_hide_row_value&#8221; ult_hide_row_tablet=&#8221;tablet&#8221; ult_hide_row_tablet_small=&#8221;xs_tablet&#8221; ult_hide_row_mobile=&#8221;mobile&#8221; ult_hide_row_mobile_large=&#8221;xl_mobile&#8221;][vc_column][vc_icon icon_fontawesome=&#8221;fa fa-angle-down&#8221; color=&#8221;white&#8221; background_style=&#8221;rounded-outline&#8221; background_color=&#8221;white&#8221; align=&#8221;center&#8221; css_animation=&#8221;zoomInDown&#8221; css=&#8221;.vc_custom_1532191416784{margin-bottom: 30px !important;}&#8221; link=&#8221;url:%23VTOP|||&#8221;][\/vc_column][\/vc_row][vc_section full_width=&#8221;stretch_row&#8221; content_placement=&#8221;middle&#8221; el_id=&#8221;VTOP&#8221; css=&#8221;.vc_custom_1532084766958{background-position: 0 0 !important;background-repeat: repeat !important;}&#8221;][vc_row type=&#8221;vc_default&#8221; full_width=&#8221;stretch_row&#8221; full_height=&#8221;yes&#8221; css=&#8221;.vc_custom_1549390109186{padding-bottom: 90px !important;}&#8221;][vc_column][vc_row_inner content_placement=&#8221;middle&#8221; css=&#8221;.vc_custom_1514846216295{background-position: center !important;background-repeat: no-repeat !important;background-size: contain !important;}&#8221;][vc_column_inner width=&#8221;1\/3&#8243;][vc_empty_space height=&#8221;90px&#8221;][vc_custom_heading text=&#8221;Funktsionaalseim operatsioonilaud maailmas!&#8221;&hellip;<\/p>\n","protected":false},"author":1,"featured_media":0,"parent":0,"menu_order":0,"comment_status":"closed","ping_status":"closed","template":"","meta":{"_monsterinsights_skip_tracking":false,"_monsterinsights_sitenote_active":false,"_monsterinsights_sitenote_note":"","_monsterinsights_sitenote_category":0,"footnotes":""},"class_list":["post-2756","page","type-page","status-publish","hentry"],"_links":{"self":[{"href":"https:\/\/equa.ee\/veterinaaria\/wp-json\/wp\/v2\/pages\/2756","targetHints":{"allow":["GET"]}}],"collection":[{"href":"https:\/\/equa.ee\/veterinaaria\/wp-json\/wp\/v2\/pages"}],"about":[{"href":"https:\/\/equa.ee\/veterinaaria\/wp-json\/wp\/v2\/types\/page"}],"author":[{"embeddable":true,"href":"https:\/\/equa.ee\/veterinaaria\/wp-json\/wp\/v2\/users\/1"}],"replies":[{"embeddable":true,"href":"https:\/\/equa.ee\/veterinaaria\/wp-json\/wp\/v2\/comments?post=2756"}],"version-history":[{"count":65,"href":"https:\/\/equa.ee\/veterinaaria\/wp-json\/wp\/v2\/pages\/2756\/revisions"}],"predecessor-version":[{"id":4225,"href":"https:\/\/equa.ee\/veterinaaria\/wp-json\/wp\/v2\/pages\/2756\/revisions\/4225"}],"wp:attachment":[{"href":"https:\/\/equa.ee\/veterinaaria\/wp-json\/wp\/v2\/media?parent=2756"}],"curies":[{"name":"wp","href":"https:\/\/api.w.org\/{rel}","templated":true}]}}