{"id":2016,"date":"2017-12-24T13:45:20","date_gmt":"2017-12-24T11:45:20","guid":{"rendered":"http:\/\/dev1.joost.ee\/equa-products\/"},"modified":"2020-07-02T22:33:35","modified_gmt":"2020-07-02T20:33:35","slug":"tooted","status":"publish","type":"page","link":"https:\/\/equa.ee\/veterinaaria\/tooted\/","title":{"rendered":"Tooted"},"content":{"rendered":"<div class=\"wpb-content-wrapper\"><p>[vc_section css=&#8221;.vc_custom_1533058003236{margin-top: 70px !important;margin-bottom: 70px !important;}&#8221;][vc_row type=&#8221;vc_default&#8221; gap=&#8221;5&#8243; equal_height=&#8221;yes&#8221; full_width_row=&#8221;true&#8221;][vc_column width=&#8221;1\/3&#8243;]<style type=\"text\/css\" data-type=\"the7_shortcodes-inline-css\">.shortcode-single-image-wrap.shortcode-single-image-e9fb2998896ed24789c203b9605b6a9f.enable-bg-rollover .rollover i,\n.shortcode-single-image-wrap.shortcode-single-image-e9fb2998896ed24789c203b9605b6a9f.enable-bg-rollover .rollover-video i {\n  background: -webkit-linear-gradient();\n  background: linear-gradient();\n}\n.shortcode-single-image-wrap.shortcode-single-image-e9fb2998896ed24789c203b9605b6a9f .rollover-icon {\n  font-size: 32px;\n  color: #ffffff;\n  min-width: 44px;\n  min-height: 44px;\n  line-height: 44px;\n  border-radius: 100px;\n  border-style: solid;\n  border-width: 0px;\n}\n.dt-icon-bg-on.shortcode-single-image-wrap.shortcode-single-image-e9fb2998896ed24789c203b9605b6a9f .rollover-icon {\n  background: rgba(255,255,255,0.3);\n  box-shadow: none;\n}<\/style><div class=\"shortcode-single-image-wrap shortcode-single-image-e9fb2998896ed24789c203b9605b6a9f alignnone  vc_custom_1540801055940 enable-bg-rollover dt-icon-bg-off\" ><div class=\"shortcode-single-image\"><div class=\"fancy-media-wrap\" style=\"\"><a href=\"\/veterinaaria\/operatsioonilauad\/\" class=\" layzr-bg rollover\" style=\"\" aria-label=\"Image\"><img fetchpriority=\"high\" decoding=\"async\" class=\"preload-me lazy-load aspect\" src=\"data:image\/svg+xml,%3Csvg%20xmlns%3D&#39;http%3A%2F%2Fwww.w3.org%2F2000%2Fsvg&#39;%20viewBox%3D&#39;0%200%20708%20708&#39;%2F%3E\" data-src=\"https:\/\/equa.ee\/veterinaaria\/wp-content\/uploads\/2018\/04\/V-Top-small.png\" data-srcset=\"https:\/\/equa.ee\/veterinaaria\/wp-content\/uploads\/2018\/04\/V-Top-small.png 708w\" loading=\"eager\" style=\"--ratio: 708 \/ 708\" sizes=\"(max-width: 708px) 100vw, 708px\" width=\"708\" height=\"708\"  data-dt-location=\"https:\/\/equa.ee\/veterinaaria\/v-top-small\/\" alt=\"\" \/><\/a><\/div><\/div><\/div><div class=\" ubtn-ctn-center \"><a class=\"ubtn-link ult-adjust-bottom-margin ubtn-center ubtn-large \" href=\"\/veterinaaria\/operatsioonilauad\/\" ><button type=\"button\" id=\"ubtn-5131\"  class=\"ubtn ult-adjust-bottom-margin ult-responsive ubtn-large ubtn-fade-bg  none  ubtn-sep-icon ubtn-sep-icon-left  ubtn-center   tooltip-69d053f3a3cdd\"  data-hover=\"#ffffff\" data-border-color=\"\" data-bg=\"#ffffff\" data-hover-bg=\"rgba(0,165,99,0.5)\" data-border-hover=\"\" data-shadow-hover=\"\" data-shadow-click=\"none\" data-shadow=\"\" data-shd-shadow=\"\"  data-ultimate-target='#ubtn-5131'  data-responsive-json-new='{\"font-size\":\"desktop:20px;tablet:20px;tablet_portrait:20px;mobile_landscape:16px;mobile:16px;\",\"line-height\":\"\"}'  style=\"font-family:&#039;Roboto&#039;;font-weight:300;border:none;background: #ffffff;color: #27a570;\"><span class=\"ubtn-data ubtn-icon\"><i class=\"Defaults-angle-right\" style=\"font-size:26px;color:#ffffff;\"><\/i><\/span><span class=\"ubtn-hover\" style=\"background-color:rgba(0,165,99,0.5)\"><\/span><span class=\"ubtn-data ubtn-text \" >Operatsioonilauad<\/span><\/button><\/a><\/div>[\/vc_column][vc_column width=&#8221;1\/3&#8243;]<style type=\"text\/css\" data-type=\"the7_shortcodes-inline-css\">.shortcode-single-image-wrap.shortcode-single-image-77087a2ad1af7381bb1601fb1ace5642.enable-bg-rollover .rollover i,\n.shortcode-single-image-wrap.shortcode-single-image-77087a2ad1af7381bb1601fb1ace5642.enable-bg-rollover .rollover-video i {\n  background: -webkit-linear-gradient();\n  background: linear-gradient();\n}\n.shortcode-single-image-wrap.shortcode-single-image-77087a2ad1af7381bb1601fb1ace5642 .rollover-icon {\n  font-size: 32px;\n  color: #ffffff;\n  min-width: 44px;\n  min-height: 44px;\n  line-height: 44px;\n  border-radius: 100px;\n  border-style: solid;\n  border-width: 0px;\n}\n.dt-icon-bg-on.shortcode-single-image-wrap.shortcode-single-image-77087a2ad1af7381bb1601fb1ace5642 .rollover-icon {\n  background: rgba(255,255,255,0.3);\n  box-shadow: none;\n}<\/style><div class=\"shortcode-single-image-wrap shortcode-single-image-77087a2ad1af7381bb1601fb1ace5642 alignnone  vc_custom_1533893896591 enable-bg-rollover dt-icon-bg-off\" ><div class=\"shortcode-single-image\"><div class=\"fancy-media-wrap\" style=\"\"><a href=\"\/veterinaaria\/toolid\/\" class=\" layzr-bg rollover\" style=\"\" aria-label=\"Image\"><img decoding=\"async\" class=\"preload-me lazy-load aspect\" src=\"data:image\/svg+xml,%3Csvg%20xmlns%3D&#39;http%3A%2F%2Fwww.w3.org%2F2000%2Fsvg&#39;%20viewBox%3D&#39;0%200%20800%20800&#39;%2F%3E\" data-src=\"https:\/\/equa.ee\/veterinaaria\/wp-content\/uploads\/2018\/04\/800px-sadultool.png\" data-srcset=\"https:\/\/equa.ee\/veterinaaria\/wp-content\/uploads\/2018\/04\/800px-sadultool.png 800w\" loading=\"eager\" style=\"--ratio: 800 \/ 800\" sizes=\"(max-width: 800px) 100vw, 800px\" width=\"800\" height=\"800\"  data-dt-location=\"https:\/\/equa.ee\/veterinaaria\/800px-sadultool\/\" alt=\"\" \/><\/a><\/div><\/div><\/div><div class=\" ubtn-ctn-center \"><a class=\"ubtn-link ult-adjust-bottom-margin ubtn-center ubtn-large \" href=\"\/veterinaaria\/toolid\/\" ><button type=\"button\" id=\"ubtn-6647\"  class=\"ubtn ult-adjust-bottom-margin ult-responsive ubtn-large ubtn-fade-bg  none  ubtn-sep-icon ubtn-sep-icon-left  ubtn-center   tooltip-69d053f3a43f9\"  data-hover=\"#ffffff\" data-border-color=\"\" data-bg=\"#ffffff\" data-hover-bg=\"rgba(0,165,99,0.5)\" data-border-hover=\"\" data-shadow-hover=\"\" data-shadow-click=\"none\" data-shadow=\"\" data-shd-shadow=\"\"  data-ultimate-target='#ubtn-6647'  data-responsive-json-new='{\"font-size\":\"desktop:20px;tablet:20px;tablet_portrait:20px;mobile_landscape:16px;mobile:16px;\",\"line-height\":\"\"}'  style=\"font-family:&#039;Roboto&#039;;font-weight:300;border:none;background: #ffffff;color: #27a570;\"><span class=\"ubtn-data ubtn-icon\"><i class=\"Defaults-angle-right\" style=\"font-size:26px;color:#ffffff;\"><\/i><\/span><span class=\"ubtn-hover\" style=\"background-color:rgba(0,165,99,0.5)\"><\/span><span class=\"ubtn-data ubtn-text \" >Toolid<\/span><\/button><\/a><\/div>[\/vc_column][vc_column width=&#8221;1\/3&#8243;]<style type=\"text\/css\" data-type=\"the7_shortcodes-inline-css\">.shortcode-single-image-wrap.shortcode-single-image-43c03b8f37fee8d0e11ffa308c33f01c.enable-bg-rollover .rollover i,\n.shortcode-single-image-wrap.shortcode-single-image-43c03b8f37fee8d0e11ffa308c33f01c.enable-bg-rollover .rollover-video i {\n  background: -webkit-linear-gradient();\n  background: linear-gradient();\n}\n.shortcode-single-image-wrap.shortcode-single-image-43c03b8f37fee8d0e11ffa308c33f01c .rollover-icon {\n  font-size: 32px;\n  color: #ffffff;\n  min-width: 44px;\n  min-height: 44px;\n  line-height: 44px;\n  border-radius: 100px;\n  border-style: solid;\n  border-width: 0px;\n}\n.dt-icon-bg-on.shortcode-single-image-wrap.shortcode-single-image-43c03b8f37fee8d0e11ffa308c33f01c .rollover-icon {\n  background: rgba(255,255,255,0.3);\n  box-shadow: none;\n}<\/style><div class=\"shortcode-single-image-wrap shortcode-single-image-43c03b8f37fee8d0e11ffa308c33f01c alignnone  vc_custom_1532349052525 enable-bg-rollover dt-icon-bg-off\" ><div class=\"shortcode-single-image\"><div class=\"fancy-media-wrap\" style=\"\"><a href=\"\/veterinaaria\/im3-hambaravi\/\" class=\" layzr-bg rollover\" style=\"\" aria-label=\"Image\"><img decoding=\"async\" class=\"preload-me lazy-load aspect\" src=\"data:image\/svg+xml,%3Csvg%20xmlns%3D&#39;http%3A%2F%2Fwww.w3.org%2F2000%2Fsvg&#39;%20viewBox%3D&#39;0%200%20800%20800&#39;%2F%3E\" data-src=\"https:\/\/equa.ee\/veterinaaria\/wp-content\/uploads\/2018\/07\/im3-pro2000.jpg\" data-srcset=\"https:\/\/equa.ee\/veterinaaria\/wp-content\/uploads\/2018\/07\/im3-pro2000.jpg 800w\" loading=\"eager\" style=\"--ratio: 800 \/ 800\" sizes=\"(max-width: 800px) 100vw, 800px\" width=\"800\" height=\"800\"  data-dt-location=\"https:\/\/equa.ee\/veterinaaria\/im3-hambaravi\/im3-pro2000\/\" alt=\"\" \/><\/a><\/div><\/div><\/div><div class=\" ubtn-ctn-center \"><a class=\"ubtn-link ult-adjust-bottom-margin ubtn-center ubtn-large \" href=\"\/veterinaaria\/im3-hambaravi\/\" ><button type=\"button\" id=\"ubtn-9925\"  class=\"ubtn ult-adjust-bottom-margin ult-responsive ubtn-large ubtn-fade-bg  none  ubtn-sep-icon ubtn-sep-icon-left  ubtn-center   tooltip-69d053f3a4d63\"  data-hover=\"#ffffff\" data-border-color=\"\" data-bg=\"#ffffff\" data-hover-bg=\"rgba(0,165,99,0.5)\" data-border-hover=\"\" data-shadow-hover=\"\" data-shadow-click=\"none\" data-shadow=\"\" data-shd-shadow=\"\"  data-ultimate-target='#ubtn-9925'  data-responsive-json-new='{\"font-size\":\"desktop:20px;tablet:20px;tablet_portrait:20px;mobile_landscape:16px;mobile:16px;\",\"line-height\":\"\"}'  style=\"font-family:&#039;Roboto&#039;;font-weight:300;border:none;background: #ffffff;color: #27a570;\"><span class=\"ubtn-data ubtn-icon\"><i class=\"Defaults-angle-right\" style=\"font-size:26px;color:#ffffff;\"><\/i><\/span><span class=\"ubtn-hover\" style=\"background-color:rgba(0,165,99,0.5)\"><\/span><span class=\"ubtn-data ubtn-text \" >iM3 hambaravi<\/span><\/button><\/a><\/div>[\/vc_column][\/vc_row][vc_row][vc_column width=&#8221;1\/3&#8243;]<style type=\"text\/css\" data-type=\"the7_shortcodes-inline-css\">.shortcode-single-image-wrap.shortcode-single-image-062b92723cc6bbadce2c0bc414c53fc0.enable-bg-rollover .rollover i,\n.shortcode-single-image-wrap.shortcode-single-image-062b92723cc6bbadce2c0bc414c53fc0.enable-bg-rollover .rollover-video i {\n  background: -webkit-linear-gradient();\n  background: linear-gradient();\n}\n.shortcode-single-image-wrap.shortcode-single-image-062b92723cc6bbadce2c0bc414c53fc0 .rollover-icon {\n  font-size: 32px;\n  color: #ffffff;\n  min-width: 44px;\n  min-height: 44px;\n  line-height: 44px;\n  border-radius: 100px;\n  border-style: solid;\n  border-width: 0px;\n}\n.dt-icon-bg-on.shortcode-single-image-wrap.shortcode-single-image-062b92723cc6bbadce2c0bc414c53fc0 .rollover-icon {\n  background: rgba(255,255,255,0.3);\n  box-shadow: none;\n}<\/style><div class=\"shortcode-single-image-wrap shortcode-single-image-062b92723cc6bbadce2c0bc414c53fc0 alignnone  vc_custom_1531475461781 enable-bg-rollover dt-icon-bg-off\" ><div class=\"shortcode-single-image\"><div class=\"fancy-media-wrap\" style=\"\"><a href=\"\/veterinaaria\/roostevabast-terasest-karud\/\" class=\" layzr-bg rollover\" style=\"\" aria-label=\"Image\"><img decoding=\"async\" class=\"preload-me lazy-load aspect\" src=\"data:image\/svg+xml,%3Csvg%20xmlns%3D&#39;http%3A%2F%2Fwww.w3.org%2F2000%2Fsvg&#39;%20viewBox%3D&#39;0%200%20800%20800&#39;%2F%3E\" data-src=\"https:\/\/equa.ee\/veterinaaria\/wp-content\/uploads\/2018\/04\/800px-instrumendilauad.png\" data-srcset=\"https:\/\/equa.ee\/veterinaaria\/wp-content\/uploads\/2018\/04\/800px-instrumendilauad.png 800w\" loading=\"eager\" style=\"--ratio: 800 \/ 800\" sizes=\"(max-width: 800px) 100vw, 800px\" width=\"800\" height=\"800\"  data-dt-location=\"https:\/\/equa.ee\/veterinaaria\/800px-instrumendilauad\/\" alt=\"\" \/><\/a><\/div><\/div><\/div><div class=\" ubtn-ctn-center \"><a class=\"ubtn-link ult-adjust-bottom-margin ubtn-center ubtn-large \" href=\"\/veterinaaria\/roostevabast-terasest-karud\/\" ><button type=\"button\" id=\"ubtn-7966\"  class=\"ubtn ult-adjust-bottom-margin ult-responsive ubtn-large ubtn-fade-bg  none  ubtn-sep-icon ubtn-sep-icon-left  ubtn-center   tooltip-69d053f3a541f\"  data-hover=\"#ffffff\" data-border-color=\"\" data-bg=\"#ffffff\" data-hover-bg=\"rgba(0,165,99,0.5)\" data-border-hover=\"\" data-shadow-hover=\"\" data-shadow-click=\"none\" data-shadow=\"\" data-shd-shadow=\"\"  data-ultimate-target='#ubtn-7966'  data-responsive-json-new='{\"font-size\":\"desktop:20px;tablet:20px;tablet_portrait:20px;mobile_landscape:16px;mobile:16px;\",\"line-height\":\"\"}'  style=\"font-family:&#039;Roboto&#039;;font-weight:300;border:none;background: #ffffff;color: #27a570;\"><span class=\"ubtn-data ubtn-icon\"><i class=\"Defaults-angle-right\" style=\"font-size:26px;color:#ffffff;\"><\/i><\/span><span class=\"ubtn-hover\" style=\"background-color:rgba(0,165,99,0.5)\"><\/span><span class=\"ubtn-data ubtn-text \" >Roostevabast terasest k\u00e4rud<\/span><\/button><\/a><\/div>[\/vc_column][vc_column width=&#8221;1\/3&#8243;]<style type=\"text\/css\" data-type=\"the7_shortcodes-inline-css\">.shortcode-single-image-wrap.shortcode-single-image-0c4f13f20f003bafa0a0c11739a42f6d.enable-bg-rollover .rollover i,\n.shortcode-single-image-wrap.shortcode-single-image-0c4f13f20f003bafa0a0c11739a42f6d.enable-bg-rollover .rollover-video i {\n  background: -webkit-linear-gradient();\n  background: linear-gradient();\n}\n.shortcode-single-image-wrap.shortcode-single-image-0c4f13f20f003bafa0a0c11739a42f6d .rollover-icon {\n  font-size: 32px;\n  color: #ffffff;\n  min-width: 44px;\n  min-height: 44px;\n  line-height: 44px;\n  border-radius: 100px;\n  border-style: solid;\n  border-width: 0px;\n}\n.dt-icon-bg-on.shortcode-single-image-wrap.shortcode-single-image-0c4f13f20f003bafa0a0c11739a42f6d .rollover-icon {\n  background: rgba(255,255,255,0.3);\n  box-shadow: none;\n}<\/style><div class=\"shortcode-single-image-wrap shortcode-single-image-0c4f13f20f003bafa0a0c11739a42f6d alignnone  vc_custom_1593721989730 enable-bg-rollover dt-icon-bg-off\" ><div class=\"shortcode-single-image\"><div class=\"fancy-media-wrap\" style=\"\"><a href=\"\/veterinaaria\/labivaatuslauad\/\" class=\" layzr-bg rollover\" style=\"\" aria-label=\"Image\"><img decoding=\"async\" class=\"preload-me lazy-load aspect\" src=\"data:image\/svg+xml,%3Csvg%20xmlns%3D&#39;http%3A%2F%2Fwww.w3.org%2F2000%2Fsvg&#39;%20viewBox%3D&#39;0%200%20900%20900&#39;%2F%3E\" data-src=\"https:\/\/equa.ee\/veterinaaria\/wp-content\/uploads\/2020\/06\/EQUA-4050-esipilt.png\" data-srcset=\"https:\/\/equa.ee\/veterinaaria\/wp-content\/uploads\/2020\/06\/EQUA-4050-esipilt.png 900w\" loading=\"eager\" style=\"--ratio: 900 \/ 900\" sizes=\"(max-width: 900px) 100vw, 900px\" width=\"900\" height=\"900\"  data-dt-location=\"https:\/\/equa.ee\/veterinaaria\/equa-4050-labivaatuslaud\/equa-4050-esipilt\/\" alt=\"Altra on teadaolevalt k\u00f5ige looma ja veterinaaris\u00f5bralikum l\u00e4bivaatuslaud maailmas. Kaasaegse disainiga ja ergonoomiline laud veterinaaridele. Komposiitmaterjalist t\u00f6\u00f6tasapind on loomale soe ja rahustav. Juhtmevaba, t\u00f6\u00f6tab aku pealt.\" \/><\/a><\/div><\/div><\/div><div class=\" ubtn-ctn-center \"><a class=\"ubtn-link ult-adjust-bottom-margin ubtn-center ubtn-large \" href=\"https:\/\/equa.ee\/veterinaaria\/labivaatuslauad\/\" title=\"L\u00e4bivaatuslauad\" ><button type=\"button\" id=\"ubtn-3528\"  class=\"ubtn ult-adjust-bottom-margin ult-responsive ubtn-large ubtn-fade-bg  none  ubtn-sep-icon ubtn-sep-icon-left  ubtn-center   tooltip-69d053f3a5da6\"  data-hover=\"#ffffff\" data-border-color=\"\" data-bg=\"#ffffff\" data-hover-bg=\"rgba(0,165,99,0.5)\" data-border-hover=\"\" data-shadow-hover=\"\" data-shadow-click=\"none\" data-shadow=\"\" data-shd-shadow=\"\"  data-ultimate-target='#ubtn-3528'  data-responsive-json-new='{\"font-size\":\"desktop:20px;tablet:20px;tablet_portrait:20px;mobile_landscape:16px;mobile:16px;\",\"line-height\":\"\"}'  style=\"font-family:&#039;Roboto&#039;;font-weight:300;border:none;background: #ffffff;color: #27a570;\"><span class=\"ubtn-data ubtn-icon\"><i class=\"Defaults-angle-right\" style=\"font-size:26px;color:#ffffff;\"><\/i><\/span><span class=\"ubtn-hover\" style=\"background-color:rgba(0,165,99,0.5)\"><\/span><span class=\"ubtn-data ubtn-text \" >L\u00e4bivaatuslauad<\/span><\/button><\/a><\/div>[\/vc_column][vc_column width=&#8221;1\/3&#8243;][\/vc_column][\/vc_row][\/vc_section]<\/p>\n<\/div>","protected":false},"excerpt":{"rendered":"<p>[vc_section css=&#8221;.vc_custom_1533058003236{margin-top: 70px !important;margin-bottom: 70px !important;}&#8221;][vc_row type=&#8221;vc_default&#8221; gap=&#8221;5&#8243; equal_height=&#8221;yes&#8221; full_width_row=&#8221;true&#8221;][vc_column width=&#8221;1\/3&#8243;][\/vc_column][vc_column width=&#8221;1\/3&#8243;][\/vc_column][vc_column width=&#8221;1\/3&#8243;][\/vc_column][\/vc_row][vc_row][vc_column width=&#8221;1\/3&#8243;][\/vc_column][vc_column width=&#8221;1\/3&#8243;][\/vc_column][vc_column width=&#8221;1\/3&#8243;][\/vc_column][\/vc_row][\/vc_section]<\/p>\n","protected":false},"author":1,"featured_media":0,"parent":0,"menu_order":0,"comment_status":"closed","ping_status":"closed","template":"","meta":{"_monsterinsights_skip_tracking":false,"_monsterinsights_sitenote_active":false,"_monsterinsights_sitenote_note":"","_monsterinsights_sitenote_category":0,"footnotes":""},"class_list":["post-2016","page","type-page","status-publish","hentry","description-off"],"_links":{"self":[{"href":"https:\/\/equa.ee\/veterinaaria\/wp-json\/wp\/v2\/pages\/2016","targetHints":{"allow":["GET"]}}],"collection":[{"href":"https:\/\/equa.ee\/veterinaaria\/wp-json\/wp\/v2\/pages"}],"about":[{"href":"https:\/\/equa.ee\/veterinaaria\/wp-json\/wp\/v2\/types\/page"}],"author":[{"embeddable":true,"href":"https:\/\/equa.ee\/veterinaaria\/wp-json\/wp\/v2\/users\/1"}],"replies":[{"embeddable":true,"href":"https:\/\/equa.ee\/veterinaaria\/wp-json\/wp\/v2\/comments?post=2016"}],"version-history":[{"count":33,"href":"https:\/\/equa.ee\/veterinaaria\/wp-json\/wp\/v2\/pages\/2016\/revisions"}],"predecessor-version":[{"id":4235,"href":"https:\/\/equa.ee\/veterinaaria\/wp-json\/wp\/v2\/pages\/2016\/revisions\/4235"}],"wp:attachment":[{"href":"https:\/\/equa.ee\/veterinaaria\/wp-json\/wp\/v2\/media?parent=2016"}],"curies":[{"name":"wp","href":"https:\/\/api.w.org\/{rel}","templated":true}]}}