{"id":9305,"date":"2023-02-28T12:50:55","date_gmt":"2023-02-28T10:50:55","guid":{"rendered":"https:\/\/equa.ee\/veterinaaria\/homepage\/"},"modified":"2023-02-28T14:13:30","modified_gmt":"2023-02-28T12:13:30","slug":"homepage","status":"publish","type":"page","link":"https:\/\/equa.ee\/veterinaaria\/ru\/","title":{"rendered":"homepage"},"content":{"rendered":"<div class=\"wpb-content-wrapper\"><p>[vc_row type=&#187;vc_default&#187; full_width=&#187;stretch_row&#187; full_height=&#187;yes&#187; columns_placement=&#187;bottom&#187; disable_element=&#187;yes&#187; bg_type=&#187;u_iframe&#187; u_video_url=&#187;https:\/\/www.youtube.com\/watch?v=3eFYzwG1D7Q&#187; video_opts=&#187;loop&#187; viewport_vdo=&#187;viewport_play&#187; bg_override=&#187;full&#187; ult_hide_row=&#187;ult_hide_row_value&#187; ult_hide_row_tablet=&#187;tablet&#187; ult_hide_row_tablet_small=&#187;xs_tablet&#187; ult_hide_row_mobile=&#187;mobile&#187; ult_hide_row_mobile_large=&#187;xl_mobile&#187;][vc_column][vc_icon icon_fontawesome=&#187;fa fa-angle-down&#187; color=&#187;white&#187; background_style=&#187;rounded-outline&#187; background_color=&#187;white&#187; align=&#187;center&#187; css_animation=&#187;zoomInDown&#187; css=&#187;.vc_custom_1532191416784{margin-bottom: 30px !important;}&#187; link=&#187;url:%23VTOP|||&#187;][\/vc_column][\/vc_row][vc_section full_width=&#187;stretch_row&#187; content_placement=&#187;middle&#187; el_id=&#187;VTOP&#187; css=&#187;.vc_custom_1532084766958{background-position: 0 0 !important;background-repeat: repeat !important;}&#187;][vc_row type=&#187;vc_default&#187; full_width=&#187;stretch_row&#187; full_height=&#187;yes&#187; css=&#187;.vc_custom_1549390109186{padding-bottom: 90px !important;}&#187;][vc_column][vc_row_inner content_placement=&#187;middle&#187; css=&#187;.vc_custom_1514846216295{background-position: center !important;background-repeat: no-repeat !important;background-size: contain !important;}&#187;][vc_column_inner width=&#187;1\/3&#8243;][vc_empty_space height=&#187;90px&#187;][vc_custom_heading text=&#187;\u0421\u0430\u043c\u044b\u0439 \u0444\u0443\u043d\u043a\u0446\u0438\u043e\u043d\u0430\u043b\u044c\u043d\u044b\u0439 \u043e\u043f\u0435\u0440\u0430\u0446\u0438\u043e\u043d\u043d\u044b\u0439 \u0441\u0442\u043e\u043b \u0432 \u043c\u0438\u0440\u0435!&#187; font_container=&#187;tag:h3|text_align:center|color:%23555555&#8243; use_theme_fonts=&#187;yes&#187; css_animation=&#187;fadeIn&#187; link=&#187;url:https%3A%2F%2Fequa.ee%2Fveterinaaria%2Fru%2Fequa-4040-%25d0%25be%25d0%25bf%25d0%25b5%25d1%2580%25d0%25b0%25d1%2586%25d0%25b8%25d0%25be%25d0%25bd%25d0%25bd%25d1%258b%25d0%25b9-%25d1%2581%25d1%2582%25d0%25be%25d0%25bb-v-top%2F|title:EQUA-4040%20%D0%9E%D0%BF%D0%B5%D1%80%D0%B0%D1%86%D0%B8%D0%BE%D0%BD%D0%BD%D1%8B%D0%B9%20%D1%81%D1%82%D0%BE%D0%BB%20V-Top&#187;][vc_empty_space]<div id=\"modal-trg-txt-wrap-2064\" class=\"ult-modal-input-wrapper ult-adjust-bottom-margin    \" data-keypress-control=\"keypress-control-enable\" data-overlay-control=\"overlay-control-enable\"><style>\n\t\t\t\t\t.btn-modal.btn-id-69f9d34267c862-03583218:hover {\n\t\t\t\t\t\tbackground-color: rgba(0,175,105,0.68) !important;\n\t\t\t\t\t}\n\t\t\t\t\t<\/style><button  data-ultimate-target='#modal-trg-txt-wrap-2064 .btn-modal'  data-responsive-json-new='{\"font-size\":\"\",\"line-height\":\"\"}'  style=\"background:rgba(0,175,105,0.5);border-color:rgba(0,175,105,0.5);color:#ffffff; \" data-class-id=\"content-69f9d34267c862-03583218\" class=\"btn-modal ult-responsive btn-primary btn-modal-lg overlay-show ult-align-center btn-id-69f9d34267c862-03583218\" data-overlay-class=\"overlay-fade\">\u0412\u0438\u0434\u0435\u043e \u043f\u0440\u043e\u0434\u0443\u043a\u0442\u0430<\/button><\/div>\n<div class=\"ult-overlay content-69f9d34267c862-03583218 \" data-class=\"content-69f9d34267c862-03583218\" id=\"button-click-overlay\" style=\"background:rgba(51,51,51,0.8); display:none;\">\n\t<div class=\"ult_modal ult-fade ult-medium\">\n\t\t<div id=\"ult-modal-wrap-8244\" class=\"ult_modal-content ult-hide\" style=\"border-style:solid;border-width:2px;border-radius:0px;border-color:#333333;\">\n\t\t\t<div  data-ultimate-target='#ult-modal-wrap-8244 .ult_modal-body'  data-responsive-json-new='{\"font-size\":\"\",\"line-height\":\"\"}'  class=\"ult_modal-body ult-responsive ult-youtube\" style=\"\">\n\t\t\t<iframe src=\"https:\/\/www.youtube.com\/embed\/BhzpH9GY-ck?start=3\" width=\"560\" height=\"315\" frameborder=\"0\" allowfullscreen=\"allowfullscreen\"><\/iframe>\n\t\t\t<\/div>\n\t<\/div>\n\t<\/div>\n\t<div class=\"ult-overlay-close top-right\" style=\"width:20px;height:20px; \"><div class=\"ult-overlay-close-inside\">Close<\/div><\/div>\n<\/div>[\/vc_column_inner][vc_column_inner width=&#187;2\/3&#8243;][vc_single_image image=&#187;2149&#8243; img_size=&#187;full&#187; alignment=&#187;center&#187; css_animation=&#187;fadeIn&#187;][\/vc_column_inner][\/vc_row_inner][\/vc_column][\/vc_row][\/vc_section][vc_section css=&#187;.vc_custom_1533894201647{margin-top: 70px !important;margin-bottom: 70px !important;}&#187;][vc_row type=&#187;vc_default&#187; gap=&#187;5&#8243; equal_height=&#187;yes&#187; full_width_row=&#187;true&#187;][vc_column width=&#187;1\/3&#8243;]<style type=\"text\/css\" data-type=\"the7_shortcodes-inline-css\">.shortcode-single-image-wrap.shortcode-single-image-77cedcc8ff31f5656d5eca65f9f9e93a.enable-bg-rollover .rollover i,\n.shortcode-single-image-wrap.shortcode-single-image-77cedcc8ff31f5656d5eca65f9f9e93a.enable-bg-rollover .rollover-video i {\n  background: -webkit-linear-gradient();\n  background: linear-gradient();\n}\n.shortcode-single-image-wrap.shortcode-single-image-77cedcc8ff31f5656d5eca65f9f9e93a .rollover-icon {\n  font-size: 32px;\n  color: #ffffff;\n  min-width: 44px;\n  min-height: 44px;\n  line-height: 44px;\n  border-radius: 100px;\n  border-style: solid;\n  border-width: 0px;\n}\n.dt-icon-bg-on.shortcode-single-image-wrap.shortcode-single-image-77cedcc8ff31f5656d5eca65f9f9e93a .rollover-icon {\n  background: rgba(255,255,255,0.3);\n  box-shadow: none;\n}<\/style><div class=\"shortcode-single-image-wrap shortcode-single-image-77cedcc8ff31f5656d5eca65f9f9e93a alignnone  vc_custom_1677585847656 enable-bg-rollover dt-icon-bg-off\" ><div class=\"shortcode-single-image\"><div class=\"fancy-media-wrap\" style=\"\"><a href=\"https:\/\/equa.ee\/veterinaaria\/ru\/\u043e\u043f\u0435\u0440\u0430\u0446\u0438\u043e\u043d\u043d\u044b\u0435-\u0441\u0442\u043e\u043b\u044b\/\" class=\" layzr-bg rollover\" style=\"\" aria-label=\"Image\"><img fetchpriority=\"high\" decoding=\"async\" class=\"preload-me lazy-load aspect\" src=\"data:image\/svg+xml,%3Csvg%20xmlns%3D&#39;http%3A%2F%2Fwww.w3.org%2F2000%2Fsvg&#39;%20viewBox%3D&#39;0%200%20708%20708&#39;%2F%3E\" data-src=\"https:\/\/equa.ee\/veterinaaria\/wp-content\/uploads\/2018\/04\/V-Top-small.png\" data-srcset=\"https:\/\/equa.ee\/veterinaaria\/wp-content\/uploads\/2018\/04\/V-Top-small.png 708w\" loading=\"eager\" style=\"--ratio: 708 \/ 708\" sizes=\"(max-width: 708px) 100vw, 708px\" width=\"708\" height=\"708\"  data-dt-location=\"https:\/\/equa.ee\/veterinaaria\/ru\/v-top-small\/\" alt=\"\" \/><\/a><\/div><\/div><\/div><div class=\" ubtn-ctn-center \"><a class=\"ubtn-link ult-adjust-bottom-margin ubtn-center ubtn-large \" href=\"https:\/\/equa.ee\/veterinaaria\/ru\/%d0%be%d0%bf%d0%b5%d1%80%d0%b0%d1%86%d0%b8%d0%be%d0%bd%d0%bd%d1%8b%d0%b5-%d1%81%d1%82%d0%be%d0%bb%d1%8b\/\" title=\"\u041e\u043f\u0435\u0440\u0430\u0446\u0438\u043e\u043d\u043d\u044b\u0435 \u0441\u0442\u043e\u043b\u044b\" ><button type=\"button\" id=\"ubtn-9638\"  class=\"ubtn ult-adjust-bottom-margin ult-responsive ubtn-large ubtn-fade-bg  none  ubtn-sep-icon ubtn-sep-icon-left  ubtn-center   tooltip-69f9d3426859b\"  data-hover=\"#ffffff\" data-border-color=\"\" data-bg=\"#ffffff\" data-hover-bg=\"rgba(0,165,99,0.5)\" data-border-hover=\"\" data-shadow-hover=\"\" data-shadow-click=\"none\" data-shadow=\"\" data-shd-shadow=\"\"  data-ultimate-target='#ubtn-9638'  data-responsive-json-new='{\"font-size\":\"desktop:20px;tablet:20px;tablet_portrait:20px;mobile_landscape:16px;mobile:16px;\",\"line-height\":\"\"}'  style=\"font-family:&#039;Roboto&#039;;font-weight:300;border:none;background: #ffffff;color: #27a570;\"><span class=\"ubtn-data ubtn-icon\"><i class=\"Defaults-angle-right\" style=\"font-size:26px;color:#ffffff;\"><\/i><\/span><span class=\"ubtn-hover\" style=\"background-color:rgba(0,165,99,0.5)\"><\/span><span class=\"ubtn-data ubtn-text \" >\u041e\u043f\u0435\u0440\u0430\u0446\u0438\u043e\u043d\u043d\u044b\u0435 \u0441\u0442\u043e\u043b\u044b<\/span><\/button><\/a><\/div>[\/vc_column][vc_column width=&#187;1\/3&#8243;]<style type=\"text\/css\" data-type=\"the7_shortcodes-inline-css\">.shortcode-single-image-wrap.shortcode-single-image-5f336de25d0952ed277486962afb9f8e.enable-bg-rollover .rollover i,\n.shortcode-single-image-wrap.shortcode-single-image-5f336de25d0952ed277486962afb9f8e.enable-bg-rollover .rollover-video i {\n  background: -webkit-linear-gradient();\n  background: linear-gradient();\n}\n.shortcode-single-image-wrap.shortcode-single-image-5f336de25d0952ed277486962afb9f8e .rollover-icon {\n  font-size: 32px;\n  color: #ffffff;\n  min-width: 44px;\n  min-height: 44px;\n  line-height: 44px;\n  border-radius: 100px;\n  border-style: solid;\n  border-width: 0px;\n}\n.dt-icon-bg-on.shortcode-single-image-wrap.shortcode-single-image-5f336de25d0952ed277486962afb9f8e .rollover-icon {\n  background: rgba(255,255,255,0.3);\n  box-shadow: none;\n}<\/style><div class=\"shortcode-single-image-wrap shortcode-single-image-5f336de25d0952ed277486962afb9f8e alignnone  vc_custom_1533893896591 enable-bg-rollover dt-icon-bg-off\" ><div class=\"shortcode-single-image\"><div class=\"fancy-media-wrap\" style=\"\"><a href=\"https:\/\/equa.ee\/veterinaaria\/ru\/%d1%80%d0%b0%d0%b1%d0%be%d1%87%d0%b8%d0%b5-%d1%81%d1%82%d1%83%d0%bb%d1%8c%d1%8f\/\" class=\" layzr-bg rollover\" style=\"\" aria-label=\"Image\"><img decoding=\"async\" class=\"preload-me lazy-load aspect\" src=\"data:image\/svg+xml,%3Csvg%20xmlns%3D&#39;http%3A%2F%2Fwww.w3.org%2F2000%2Fsvg&#39;%20viewBox%3D&#39;0%200%20800%20800&#39;%2F%3E\" data-src=\"https:\/\/equa.ee\/veterinaaria\/wp-content\/uploads\/2018\/04\/800px-sadultool.png\" data-srcset=\"https:\/\/equa.ee\/veterinaaria\/wp-content\/uploads\/2018\/04\/800px-sadultool.png 800w\" loading=\"eager\" style=\"--ratio: 800 \/ 800\" sizes=\"(max-width: 800px) 100vw, 800px\" width=\"800\" height=\"800\"  data-dt-location=\"https:\/\/equa.ee\/veterinaaria\/ru\/800px-sadultool\/\" alt=\"\" \/><\/a><\/div><\/div><\/div><div class=\" ubtn-ctn-center \"><a class=\"ubtn-link ult-adjust-bottom-margin ubtn-center ubtn-large \" href=\"https:\/\/equa.ee\/veterinaaria\/ru\/%d1%80%d0%b0%d0%b1%d0%be%d1%87%d0%b8%d0%b5-%d1%81%d1%82%d1%83%d0%bb%d1%8c%d1%8f\/\" title=\"\u0420\u0430\u0431\u043e\u0447\u0438\u0435 \u0441\u0442\u0443\u043b\u044c\u044f\" ><button type=\"button\" id=\"ubtn-2220\"  class=\"ubtn ult-adjust-bottom-margin ult-responsive ubtn-large ubtn-fade-bg  none  ubtn-sep-icon ubtn-sep-icon-left  ubtn-center   tooltip-69f9d34268bd4\"  data-hover=\"#ffffff\" data-border-color=\"\" data-bg=\"#ffffff\" data-hover-bg=\"rgba(0,165,99,0.5)\" data-border-hover=\"\" data-shadow-hover=\"\" data-shadow-click=\"none\" data-shadow=\"\" data-shd-shadow=\"\"  data-ultimate-target='#ubtn-2220'  data-responsive-json-new='{\"font-size\":\"desktop:20px;tablet:20px;tablet_portrait:20px;mobile_landscape:16px;mobile:16px;\",\"line-height\":\"\"}'  style=\"font-family:&#039;Roboto&#039;;font-weight:300;border:none;background: #ffffff;color: #27a570;\"><span class=\"ubtn-data ubtn-icon\"><i class=\"Defaults-angle-right\" style=\"font-size:26px;color:#ffffff;\"><\/i><\/span><span class=\"ubtn-hover\" style=\"background-color:rgba(0,165,99,0.5)\"><\/span><span class=\"ubtn-data ubtn-text \" >\u0420\u0410\u0411\u041e\u0427\u0418\u0415 \u0421\u0422\u0423\u041b\u042c\u042f<\/span><\/button><\/a><\/div>[\/vc_column][vc_column width=&#187;1\/3&#8243;]<style type=\"text\/css\" data-type=\"the7_shortcodes-inline-css\">.shortcode-single-image-wrap.shortcode-single-image-7a92a7273acc9960229a089dc0f59ad2.enable-bg-rollover .rollover i,\n.shortcode-single-image-wrap.shortcode-single-image-7a92a7273acc9960229a089dc0f59ad2.enable-bg-rollover .rollover-video i {\n  background: -webkit-linear-gradient();\n  background: linear-gradient();\n}\n.shortcode-single-image-wrap.shortcode-single-image-7a92a7273acc9960229a089dc0f59ad2 .rollover-icon {\n  font-size: 32px;\n  color: #ffffff;\n  min-width: 44px;\n  min-height: 44px;\n  line-height: 44px;\n  border-radius: 100px;\n  border-style: solid;\n  border-width: 0px;\n}\n.dt-icon-bg-on.shortcode-single-image-wrap.shortcode-single-image-7a92a7273acc9960229a089dc0f59ad2 .rollover-icon {\n  background: rgba(255,255,255,0.3);\n  box-shadow: none;\n}<\/style><div class=\"shortcode-single-image-wrap shortcode-single-image-7a92a7273acc9960229a089dc0f59ad2 alignnone  vc_custom_1677585997123 enable-bg-rollover dt-icon-bg-off\" ><div class=\"shortcode-single-image\"><div class=\"fancy-media-wrap\" style=\"\"><a href=\"https:\/\/equa.ee\/veterinaaria\/ru\/c\u0442\u043e\u043c\u0430\u0442\u043e\u043b\u043e\u0433\u0438\u0447\u0435\u0441\u043a\u043e\u0435-\u043e\u0431\u043e\u0440\u0443\u0434\u043e\u0432\u0430\u043d\u0438\u0435-im3\/\" class=\" layzr-bg rollover\" style=\"\" aria-label=\"Image\"><img decoding=\"async\" class=\"preload-me lazy-load aspect\" src=\"data:image\/svg+xml,%3Csvg%20xmlns%3D&#39;http%3A%2F%2Fwww.w3.org%2F2000%2Fsvg&#39;%20viewBox%3D&#39;0%200%20800%20800&#39;%2F%3E\" data-src=\"https:\/\/equa.ee\/veterinaaria\/wp-content\/uploads\/2018\/07\/im3-pro2000.jpg\" data-srcset=\"https:\/\/equa.ee\/veterinaaria\/wp-content\/uploads\/2018\/07\/im3-pro2000.jpg 800w\" loading=\"eager\" style=\"--ratio: 800 \/ 800\" sizes=\"(max-width: 800px) 100vw, 800px\" width=\"800\" height=\"800\"  data-dt-location=\"https:\/\/equa.ee\/veterinaaria\/ru\/im3-hambaravi\/im3-pro2000\/\" alt=\"\" \/><\/a><\/div><\/div><\/div><div class=\" ubtn-ctn-center \"><a class=\"ubtn-link ult-adjust-bottom-margin ubtn-center ubtn-large \" href=\"https:\/\/equa.ee\/veterinaaria\/ru\/c%d1%82%d0%be%d0%bc%d0%b0%d1%82%d0%be%d0%bb%d0%be%d0%b3%d0%b8%d1%87%d0%b5%d1%81%d0%ba%d0%be%d0%b5-%d0%be%d0%b1%d0%be%d1%80%d1%83%d0%b4%d0%be%d0%b2%d0%b0%d0%bd%d0%b8%d0%b5-im3\/\" title=\"C\u0442\u043e\u043c\u0430\u0442\u043e\u043b\u043e\u0433\u0438\u0447\u0435\u0441\u043a\u043e\u0435 \u043e\u0431\u043e\u0440\u0443\u0434\u043e\u0432\u0430\u043d\u0438\u0435 iM3\" ><button type=\"button\" id=\"ubtn-8361\"  class=\"ubtn ult-adjust-bottom-margin ult-responsive ubtn-large ubtn-fade-bg  none  ubtn-sep-icon ubtn-sep-icon-left  ubtn-center   tooltip-69f9d342693ff\"  data-hover=\"#ffffff\" data-border-color=\"\" data-bg=\"#ffffff\" data-hover-bg=\"rgba(0,165,99,0.5)\" data-border-hover=\"\" data-shadow-hover=\"\" data-shadow-click=\"none\" data-shadow=\"\" data-shd-shadow=\"\"  data-ultimate-target='#ubtn-8361'  data-responsive-json-new='{\"font-size\":\"desktop:20px;tablet:20px;tablet_portrait:20px;mobile_landscape:16px;mobile:16px;\",\"line-height\":\"\"}'  style=\"font-family:&#039;Roboto&#039;;font-weight:300;border:none;background: #ffffff;color: #27a570;\"><span class=\"ubtn-data ubtn-icon\"><i class=\"Defaults-angle-right\" style=\"font-size:26px;color:#ffffff;\"><\/i><\/span><span class=\"ubtn-hover\" style=\"background-color:rgba(0,165,99,0.5)\"><\/span><span class=\"ubtn-data ubtn-text \" >C\u0422\u041e\u041c\u0410\u0422\u041e\u041b\u041e\u0413\u0418\u0427\u0415\u0421\u041a\u041e\u0415 \u041e\u0411\u041e\u0420\u0423\u0414\u041e\u0412\u0410\u041d\u0418\u0415 IM3<\/span><\/button><\/a><\/div>[\/vc_column][\/vc_row][vc_row][vc_column width=&#187;1\/3&#8243;]<style type=\"text\/css\" data-type=\"the7_shortcodes-inline-css\">.shortcode-single-image-wrap.shortcode-single-image-2cb5433df8dc5172d0c509f4dd3df355.enable-bg-rollover .rollover i,\n.shortcode-single-image-wrap.shortcode-single-image-2cb5433df8dc5172d0c509f4dd3df355.enable-bg-rollover .rollover-video i {\n  background: -webkit-linear-gradient();\n  background: linear-gradient();\n}\n.shortcode-single-image-wrap.shortcode-single-image-2cb5433df8dc5172d0c509f4dd3df355 .rollover-icon {\n  font-size: 32px;\n  color: #ffffff;\n  min-width: 44px;\n  min-height: 44px;\n  line-height: 44px;\n  border-radius: 100px;\n  border-style: solid;\n  border-width: 0px;\n}\n.dt-icon-bg-on.shortcode-single-image-wrap.shortcode-single-image-2cb5433df8dc5172d0c509f4dd3df355 .rollover-icon {\n  background: rgba(255,255,255,0.3);\n  box-shadow: none;\n}<\/style><div class=\"shortcode-single-image-wrap shortcode-single-image-2cb5433df8dc5172d0c509f4dd3df355 alignnone  vc_custom_1531475461781 enable-bg-rollover dt-icon-bg-off\" ><div class=\"shortcode-single-image\"><div class=\"fancy-media-wrap\" style=\"\"><a href=\"https:\/\/equa.ee\/veterinaaria\/ru\/%d1%82%d0%b5%d0%bb%d0%b5%d0%b6%d0%ba%d0%b8-%d0%b8%d0%b7-%d0%bd%d0%b5%d1%80%d0%b6%d0%b0%d0%b2%d0%b5%d1%8e%d1%89%d0%b5%d0%b9-%d1%81%d1%82%d0%b0%d0%bb%d0%b8\/\" class=\" layzr-bg rollover\" style=\"\" aria-label=\"Image\"><img decoding=\"async\" class=\"preload-me lazy-load aspect\" src=\"data:image\/svg+xml,%3Csvg%20xmlns%3D&#39;http%3A%2F%2Fwww.w3.org%2F2000%2Fsvg&#39;%20viewBox%3D&#39;0%200%20800%20800&#39;%2F%3E\" data-src=\"https:\/\/equa.ee\/veterinaaria\/wp-content\/uploads\/2018\/04\/800px-instrumendilauad.png\" data-srcset=\"https:\/\/equa.ee\/veterinaaria\/wp-content\/uploads\/2018\/04\/800px-instrumendilauad.png 800w\" loading=\"eager\" style=\"--ratio: 800 \/ 800\" sizes=\"(max-width: 800px) 100vw, 800px\" width=\"800\" height=\"800\"  data-dt-location=\"https:\/\/equa.ee\/veterinaaria\/ru\/800px-instrumendilauad\/\" alt=\"\" \/><\/a><\/div><\/div><\/div><div class=\" ubtn-ctn-center \"><a class=\"ubtn-link ult-adjust-bottom-margin ubtn-center ubtn-large \" href=\"https:\/\/equa.ee\/veterinaaria\/ru\/%d1%82%d0%b5%d0%bb%d0%b5%d0%b6%d0%ba%d0%b8-%d0%b8%d0%b7-%d0%bd%d0%b5%d1%80%d0%b6%d0%b0%d0%b2%d0%b5%d1%8e%d1%89%d0%b5%d0%b9-%d1%81%d1%82%d0%b0%d0%bb%d0%b8\/\" title=\"\u0422\u0435\u043b\u0435\u0436\u043a\u0438 \u0438\u0437 \u043d\u0435\u0440\u0436\u0430\u0432\u0435\u044e\u0449\u0435\u0439 \u0441\u0442\u0430\u043b\u0438\" ><button type=\"button\" id=\"ubtn-6252\"  class=\"ubtn ult-adjust-bottom-margin ult-responsive ubtn-large ubtn-fade-bg  none  ubtn-sep-icon ubtn-sep-icon-left  ubtn-center   tooltip-69f9d342699ee\"  data-hover=\"#ffffff\" data-border-color=\"\" data-bg=\"#ffffff\" data-hover-bg=\"rgba(0,165,99,0.5)\" data-border-hover=\"\" data-shadow-hover=\"\" data-shadow-click=\"none\" data-shadow=\"\" data-shd-shadow=\"\"  data-ultimate-target='#ubtn-6252'  data-responsive-json-new='{\"font-size\":\"desktop:20px;tablet:20px;tablet_portrait:20px;mobile_landscape:16px;mobile:16px;\",\"line-height\":\"\"}'  style=\"font-family:&#039;Roboto&#039;;font-weight:300;border:none;background: #ffffff;color: #27a570;\"><span class=\"ubtn-data ubtn-icon\"><i class=\"Defaults-angle-right\" style=\"font-size:26px;color:#ffffff;\"><\/i><\/span><span class=\"ubtn-hover\" style=\"background-color:rgba(0,165,99,0.5)\"><\/span><span class=\"ubtn-data ubtn-text \" >\u0422\u0415\u041b\u0415\u0416\u041a\u0418 \u0418\u0417 \u041d\u0415\u0420\u0416\u0410\u0412\u0415\u042e\u0429\u0415\u0419 \u0421\u0422\u0410\u041b\u0418<\/span><\/button><\/a><\/div>[\/vc_column][vc_column width=&#187;1\/3&#8243;]<style type=\"text\/css\" data-type=\"the7_shortcodes-inline-css\">.shortcode-single-image-wrap.shortcode-single-image-2ac86e484678970873616d1928369b7f.enable-bg-rollover .rollover i,\n.shortcode-single-image-wrap.shortcode-single-image-2ac86e484678970873616d1928369b7f.enable-bg-rollover .rollover-video i {\n  background: -webkit-linear-gradient();\n  background: linear-gradient();\n}\n.shortcode-single-image-wrap.shortcode-single-image-2ac86e484678970873616d1928369b7f .rollover-icon {\n  font-size: 32px;\n  color: #ffffff;\n  min-width: 44px;\n  min-height: 44px;\n  line-height: 44px;\n  border-radius: 100px;\n  border-style: solid;\n  border-width: 0px;\n}\n.dt-icon-bg-on.shortcode-single-image-wrap.shortcode-single-image-2ac86e484678970873616d1928369b7f .rollover-icon {\n  background: rgba(255,255,255,0.3);\n  box-shadow: none;\n}<\/style><div class=\"shortcode-single-image-wrap shortcode-single-image-2ac86e484678970873616d1928369b7f alignnone  vc_custom_1593496550051 enable-bg-rollover dt-icon-bg-off\" ><div class=\"shortcode-single-image\"><div class=\"fancy-media-wrap\" style=\"\"><a href=\"https:\/\/equa.ee\/veterinaaria\/ru\/%d1%81%d1%82%d0%be%d0%bb%d1%8b-%d0%b4%d0%bb%d1%8f-%d0%b2%d0%b5%d1%82%d0%b5%d1%80%d0%b8%d0%bd%d0%b0%d1%80%d0%bd%d0%be%d0%b3%d0%be-%d0%be%d1%81%d0%bc%d0%be%d1%82%d1%80%d0%b0\/\" class=\" layzr-bg rollover\" style=\"\" aria-label=\"Image\"><img decoding=\"async\" class=\"preload-me lazy-load aspect\" src=\"data:image\/svg+xml,%3Csvg%20xmlns%3D&#39;http%3A%2F%2Fwww.w3.org%2F2000%2Fsvg&#39;%20viewBox%3D&#39;0%200%20900%20900&#39;%2F%3E\" data-src=\"https:\/\/equa.ee\/veterinaaria\/wp-content\/uploads\/2020\/06\/EQUA-4050-esipilt.png\" data-srcset=\"https:\/\/equa.ee\/veterinaaria\/wp-content\/uploads\/2020\/06\/EQUA-4050-esipilt.png 900w\" loading=\"eager\" style=\"--ratio: 900 \/ 900\" sizes=\"(max-width: 900px) 100vw, 900px\" width=\"900\" height=\"900\"  data-dt-location=\"https:\/\/equa.ee\/veterinaaria\/ru\/equa-4050-labivaatuslaud\/equa-4050-esipilt\/\" alt=\"Altra on teadaolevalt k\u00f5ige looma ja veterinaaris\u00f5bralikum l\u00e4bivaatuslaud maailmas. Kaasaegse disainiga ja ergonoomiline laud veterinaaridele. Komposiitmaterjalist t\u00f6\u00f6tasapind on loomale soe ja rahustav. Juhtmevaba, t\u00f6\u00f6tab aku pealt.\" \/><\/a><\/div><\/div><\/div><div class=\" ubtn-ctn-center \"><a class=\"ubtn-link ult-adjust-bottom-margin ubtn-center ubtn-large \" href=\"https:\/\/equa.ee\/veterinaaria\/ru\/%d1%81%d1%82%d0%be%d0%bb%d1%8b-%d0%b4%d0%bb%d1%8f-%d0%b2%d0%b5%d1%82%d0%b5%d1%80%d0%b8%d0%bd%d0%b0%d1%80%d0%bd%d0%be%d0%b3%d0%be-%d0%be%d1%81%d0%bc%d0%be%d1%82%d1%80%d0%b0\/\" title=\"L\u00e4bivaatuslauad\" ><button type=\"button\" id=\"ubtn-7128\"  class=\"ubtn ult-adjust-bottom-margin ult-responsive ubtn-large ubtn-fade-bg  none  ubtn-sep-icon ubtn-sep-icon-left  ubtn-center   tooltip-69f9d3426a2e5\"  data-hover=\"#ffffff\" data-border-color=\"\" data-bg=\"#ffffff\" data-hover-bg=\"rgba(0,165,99,0.5)\" data-border-hover=\"\" data-shadow-hover=\"\" data-shadow-click=\"none\" data-shadow=\"\" data-shd-shadow=\"\"  data-ultimate-target='#ubtn-7128'  data-responsive-json-new='{\"font-size\":\"desktop:20px;tablet:20px;tablet_portrait:20px;mobile_landscape:16px;mobile:16px;\",\"line-height\":\"\"}'  style=\"font-family:&#039;Roboto&#039;;font-weight:300;border:none;background: #ffffff;color: #27a570;\"><span class=\"ubtn-data ubtn-icon\"><i class=\"Defaults-angle-right\" style=\"font-size:26px;color:#ffffff;\"><\/i><\/span><span class=\"ubtn-hover\" style=\"background-color:rgba(0,165,99,0.5)\"><\/span><span class=\"ubtn-data ubtn-text \" >\u0421\u0422\u041e\u041b\u042b \u0414\u041b\u042f \u0412\u0415\u0422\u0415\u0420\u0418\u041d\u0410\u0420\u041d\u041e\u0413\u041e \u041e\u0421\u041c\u041e\u0422\u0420\u0410<\/span><\/button><\/a><\/div>[\/vc_column][vc_column width=&#187;1\/3&#8243;][\/vc_column][\/vc_row][\/vc_section]<\/p>\n<\/div>","protected":false},"excerpt":{"rendered":"<p>[vc_row type=&#187;vc_default&#187; full_width=&#187;stretch_row&#187; full_height=&#187;yes&#187; columns_placement=&#187;bottom&#187; disable_element=&#187;yes&#187; bg_type=&#187;u_iframe&#187; u_video_url=&#187;https:\/\/www.youtube.com\/watch?v=3eFYzwG1D7Q&#187; video_opts=&#187;loop&#187; viewport_vdo=&#187;viewport_play&#187; bg_override=&#187;full&#187; ult_hide_row=&#187;ult_hide_row_value&#187; ult_hide_row_tablet=&#187;tablet&#187; ult_hide_row_tablet_small=&#187;xs_tablet&#187; ult_hide_row_mobile=&#187;mobile&#187; ult_hide_row_mobile_large=&#187;xl_mobile&#187;][vc_column][vc_icon icon_fontawesome=&#187;fa fa-angle-down&#187; color=&#187;white&#187; background_style=&#187;rounded-outline&#187; background_color=&#187;white&#187; align=&#187;center&#187; css_animation=&#187;zoomInDown&#187; css=&#187;.vc_custom_1532191416784{margin-bottom: 30px !important;}&#187; link=&#187;url:%23VTOP|||&#187;][\/vc_column][\/vc_row][vc_section full_width=&#187;stretch_row&#187; content_placement=&#187;middle&#187; el_id=&#187;VTOP&#187; css=&#187;.vc_custom_1532084766958{background-position: 0 0 !important;background-repeat: repeat !important;}&#187;][vc_row type=&#187;vc_default&#187; full_width=&#187;stretch_row&#187; full_height=&#187;yes&#187; css=&#187;.vc_custom_1549390109186{padding-bottom: 90px !important;}&#187;][vc_column][vc_row_inner content_placement=&#187;middle&#187; css=&#187;.vc_custom_1514846216295{background-position: center !important;background-repeat: no-repeat !important;background-size: contain !important;}&#187;][vc_column_inner width=&#187;1\/3&#8243;][vc_empty_space height=&#187;90px&#187;][vc_custom_heading text=&#187;\u0421\u0430\u043c\u044b\u0439 \u0444\u0443\u043d\u043a\u0446\u0438\u043e\u043d\u0430\u043b\u044c\u043d\u044b\u0439 \u043e\u043f\u0435\u0440\u0430\u0446\u0438\u043e\u043d\u043d\u044b\u0439&hellip;<\/p>\n","protected":false},"author":1,"featured_media":0,"parent":0,"menu_order":0,"comment_status":"closed","ping_status":"closed","template":"","meta":{"_monsterinsights_skip_tracking":false,"_monsterinsights_sitenote_active":false,"_monsterinsights_sitenote_note":"","_monsterinsights_sitenote_category":0,"footnotes":""},"class_list":["post-9305","page","type-page","status-publish","hentry"],"_links":{"self":[{"href":"https:\/\/equa.ee\/veterinaaria\/ru\/wp-json\/wp\/v2\/pages\/9305","targetHints":{"allow":["GET"]}}],"collection":[{"href":"https:\/\/equa.ee\/veterinaaria\/ru\/wp-json\/wp\/v2\/pages"}],"about":[{"href":"https:\/\/equa.ee\/veterinaaria\/ru\/wp-json\/wp\/v2\/types\/page"}],"author":[{"embeddable":true,"href":"https:\/\/equa.ee\/veterinaaria\/ru\/wp-json\/wp\/v2\/users\/1"}],"replies":[{"embeddable":true,"href":"https:\/\/equa.ee\/veterinaaria\/ru\/wp-json\/wp\/v2\/comments?post=9305"}],"version-history":[{"count":37,"href":"https:\/\/equa.ee\/veterinaaria\/ru\/wp-json\/wp\/v2\/pages\/9305\/revisions"}],"predecessor-version":[{"id":9352,"href":"https:\/\/equa.ee\/veterinaaria\/ru\/wp-json\/wp\/v2\/pages\/9305\/revisions\/9352"}],"wp:attachment":[{"href":"https:\/\/equa.ee\/veterinaaria\/ru\/wp-json\/wp\/v2\/media?parent=9305"}],"curies":[{"name":"wp","href":"https:\/\/api.w.org\/{rel}","templated":true}]}}