{"id":9291,"date":"2023-02-23T14:08:56","date_gmt":"2023-02-23T12:08:56","guid":{"rendered":"https:\/\/equa.ee\/veterinaaria\/%d0%bf%d1%80%d0%be%d0%b4%d1%83%d0%ba%d1%82%d1%8b\/"},"modified":"2023-03-01T15:50:04","modified_gmt":"2023-03-01T13:50:04","slug":"%d0%bf%d1%80%d0%be%d0%b4%d1%83%d0%ba%d1%82%d1%8b","status":"publish","type":"page","link":"https:\/\/equa.ee\/veterinaaria\/ru\/%d0%bf%d1%80%d0%be%d0%b4%d1%83%d0%ba%d1%82%d1%8b\/","title":{"rendered":"\u041f\u0440\u043e\u0434\u0443\u043a\u0442\u044b"},"content":{"rendered":"<div class=\"wpb-content-wrapper\"><p>[vc_section css=&#187;.vc_custom_1533894154520{margin-top: 70px !important;margin-bottom: 70px !important;}&#187;][vc_row type=&#187;vc_default&#187; gap=&#187;5&#8243; equal_height=&#187;yes&#187; full_width_row=&#187;true&#187;][vc_column width=&#187;1\/3&#8243;]<style type=\"text\/css\" data-type=\"the7_shortcodes-inline-css\">.shortcode-single-image-wrap.shortcode-single-image-d353644e60d129733f3d4e58ffd430f2.enable-bg-rollover .rollover i,\n.shortcode-single-image-wrap.shortcode-single-image-d353644e60d129733f3d4e58ffd430f2.enable-bg-rollover .rollover-video i {\n  background: -webkit-linear-gradient();\n  background: linear-gradient();\n}\n.shortcode-single-image-wrap.shortcode-single-image-d353644e60d129733f3d4e58ffd430f2 .rollover-icon {\n  font-size: 32px;\n  color: #ffffff;\n  min-width: 44px;\n  min-height: 44px;\n  line-height: 44px;\n  border-radius: 100px;\n  border-style: solid;\n  border-width: 0px;\n}\n.dt-icon-bg-on.shortcode-single-image-wrap.shortcode-single-image-d353644e60d129733f3d4e58ffd430f2 .rollover-icon {\n  background: rgba(255,255,255,0.3);\n  box-shadow: none;\n}<\/style><div class=\"shortcode-single-image-wrap shortcode-single-image-d353644e60d129733f3d4e58ffd430f2 alignnone  vc_custom_1677657940330 enable-bg-rollover dt-icon-bg-off\" ><div class=\"shortcode-single-image\"><div class=\"fancy-media-wrap\" style=\"\"><a href=\"https:\/\/equa.ee\/veterinaaria\/ru\/\u043e\u043f\u0435\u0440\u0430\u0446\u0438\u043e\u043d\u043d\u044b\u0435-\u0441\u0442\u043e\u043b\u044b\/\" class=\" layzr-bg rollover\" style=\"\" aria-label=\"Image\"><img fetchpriority=\"high\" decoding=\"async\" class=\"preload-me lazy-load aspect\" src=\"data:image\/svg+xml,%3Csvg%20xmlns%3D&#39;http%3A%2F%2Fwww.w3.org%2F2000%2Fsvg&#39;%20viewBox%3D&#39;0%200%20708%20708&#39;%2F%3E\" data-src=\"https:\/\/equa.ee\/veterinaaria\/wp-content\/uploads\/2018\/04\/V-Top-small.png\" data-srcset=\"https:\/\/equa.ee\/veterinaaria\/wp-content\/uploads\/2018\/04\/V-Top-small.png 708w\" loading=\"eager\" style=\"--ratio: 708 \/ 708\" sizes=\"(max-width: 708px) 100vw, 708px\" width=\"708\" height=\"708\"  data-dt-location=\"https:\/\/equa.ee\/veterinaaria\/ru\/v-top-small\/\" alt=\"\" \/><\/a><\/div><\/div><\/div><div class=\" ubtn-ctn-center \"><a class=\"ubtn-link ult-adjust-bottom-margin ubtn-center ubtn-large \" href=\"https:\/\/equa.ee\/veterinaaria\/ru\/%d0%be%d0%bf%d0%b5%d1%80%d0%b0%d1%86%d0%b8%d0%be%d0%bd%d0%bd%d1%8b%d0%b5-%d1%81%d1%82%d0%be%d0%bb%d1%8b\/\" title=\"\u041e\u043f\u0435\u0440\u0430\u0446\u0438\u043e\u043d\u043d\u044b\u0435 \u0441\u0442\u043e\u043b\u044b\" ><button type=\"button\" id=\"ubtn-3984\"  class=\"ubtn ult-adjust-bottom-margin ult-responsive ubtn-large ubtn-fade-bg  none  ubtn-sep-icon ubtn-sep-icon-left  ubtn-center   tooltip-69fb00e84be35\"  data-hover=\"#ffffff\" data-border-color=\"\" data-bg=\"#ffffff\" data-hover-bg=\"rgba(0,165,99,0.5)\" data-border-hover=\"\" data-shadow-hover=\"\" data-shadow-click=\"none\" data-shadow=\"\" data-shd-shadow=\"\"  data-ultimate-target='#ubtn-3984'  data-responsive-json-new='{\"font-size\":\"desktop:20px;tablet:20px;tablet_portrait:20px;mobile_landscape:16px;mobile:16px;\",\"line-height\":\"\"}'  style=\"font-family:&#039;Roboto&#039;;font-weight:300;border:none;background: #ffffff;color: #27a570;\"><span class=\"ubtn-data ubtn-icon\"><i class=\"Defaults-angle-right\" style=\"font-size:26px;color:#ffffff;\"><\/i><\/span><span class=\"ubtn-hover\" style=\"background-color:rgba(0,165,99,0.5)\"><\/span><span class=\"ubtn-data ubtn-text \" >\u041e\u043f\u0435\u0440\u0430\u0446\u0438\u043e\u043d\u043d\u044b\u0435 \u0441\u0442\u043e\u043b\u044b<\/span><\/button><\/a><\/div>[\/vc_column][vc_column width=&#187;1\/3&#8243;]<style type=\"text\/css\" data-type=\"the7_shortcodes-inline-css\">.shortcode-single-image-wrap.shortcode-single-image-a1ea7534f0cabe9ac86b75f566a19f9b.enable-bg-rollover .rollover i,\n.shortcode-single-image-wrap.shortcode-single-image-a1ea7534f0cabe9ac86b75f566a19f9b.enable-bg-rollover .rollover-video i {\n  background: -webkit-linear-gradient();\n  background: linear-gradient();\n}\n.shortcode-single-image-wrap.shortcode-single-image-a1ea7534f0cabe9ac86b75f566a19f9b .rollover-icon {\n  font-size: 32px;\n  color: #ffffff;\n  min-width: 44px;\n  min-height: 44px;\n  line-height: 44px;\n  border-radius: 100px;\n  border-style: solid;\n  border-width: 0px;\n}\n.dt-icon-bg-on.shortcode-single-image-wrap.shortcode-single-image-a1ea7534f0cabe9ac86b75f566a19f9b .rollover-icon {\n  background: rgba(255,255,255,0.3);\n  box-shadow: none;\n}<\/style><div class=\"shortcode-single-image-wrap shortcode-single-image-a1ea7534f0cabe9ac86b75f566a19f9b alignnone  vc_custom_1677658013865 enable-bg-rollover dt-icon-bg-off\" ><div class=\"shortcode-single-image\"><div class=\"fancy-media-wrap\" style=\"\"><a href=\"https:\/\/equa.ee\/veterinaaria\/ru\/\u0440\u0430\u0431\u043e\u0447\u0438\u0435-\u0441\u0442\u0443\u043b\u044c\u044f\/\" class=\" layzr-bg rollover\" style=\"\" aria-label=\"Image\"><img decoding=\"async\" class=\"preload-me lazy-load aspect\" src=\"data:image\/svg+xml,%3Csvg%20xmlns%3D&#39;http%3A%2F%2Fwww.w3.org%2F2000%2Fsvg&#39;%20viewBox%3D&#39;0%200%20800%20800&#39;%2F%3E\" data-src=\"https:\/\/equa.ee\/veterinaaria\/wp-content\/uploads\/2018\/04\/800px-sadultool.png\" data-srcset=\"https:\/\/equa.ee\/veterinaaria\/wp-content\/uploads\/2018\/04\/800px-sadultool.png 800w\" loading=\"eager\" style=\"--ratio: 800 \/ 800\" sizes=\"(max-width: 800px) 100vw, 800px\" width=\"800\" height=\"800\"  data-dt-location=\"https:\/\/equa.ee\/veterinaaria\/ru\/800px-sadultool\/\" alt=\"\" \/><\/a><\/div><\/div><\/div><div class=\" ubtn-ctn-center \"><a class=\"ubtn-link ult-adjust-bottom-margin ubtn-center ubtn-large \" href=\"https:\/\/equa.ee\/veterinaaria\/ru\/%d1%80%d0%b0%d0%b1%d0%be%d1%87%d0%b8%d0%b5-%d1%81%d1%82%d1%83%d0%bb%d1%8c%d1%8f\/\" title=\"\u0420\u0430\u0431\u043e\u0447\u0438\u0435 \u0441\u0442\u0443\u043b\u044c\u044f\" ><button type=\"button\" id=\"ubtn-1528\"  class=\"ubtn ult-adjust-bottom-margin ult-responsive ubtn-large ubtn-fade-bg  none  ubtn-sep-icon ubtn-sep-icon-left  ubtn-center   tooltip-69fb00e84c49c\"  data-hover=\"#ffffff\" data-border-color=\"\" data-bg=\"#ffffff\" data-hover-bg=\"rgba(0,165,99,0.5)\" data-border-hover=\"\" data-shadow-hover=\"\" data-shadow-click=\"none\" data-shadow=\"\" data-shd-shadow=\"\"  data-ultimate-target='#ubtn-1528'  data-responsive-json-new='{\"font-size\":\"desktop:20px;tablet:20px;tablet_portrait:20px;mobile_landscape:16px;mobile:16px;\",\"line-height\":\"\"}'  style=\"font-family:&#039;Roboto&#039;;font-weight:300;border:none;background: #ffffff;color: #27a570;\"><span class=\"ubtn-data ubtn-icon\"><i class=\"Defaults-angle-right\" style=\"font-size:26px;color:#ffffff;\"><\/i><\/span><span class=\"ubtn-hover\" style=\"background-color:rgba(0,165,99,0.5)\"><\/span><span class=\"ubtn-data ubtn-text \" >\u0420\u0430\u0431\u043e\u0447\u0438\u0435 \u0441\u0442\u0443\u043b\u044c\u044f<\/span><\/button><\/a><\/div>[\/vc_column][vc_column width=&#187;1\/3&#8243;]<style type=\"text\/css\" data-type=\"the7_shortcodes-inline-css\">.shortcode-single-image-wrap.shortcode-single-image-150f4db2af9c3421655f13973740f8f4.enable-bg-rollover .rollover i,\n.shortcode-single-image-wrap.shortcode-single-image-150f4db2af9c3421655f13973740f8f4.enable-bg-rollover .rollover-video i {\n  background: -webkit-linear-gradient();\n  background: linear-gradient();\n}\n.shortcode-single-image-wrap.shortcode-single-image-150f4db2af9c3421655f13973740f8f4 .rollover-icon {\n  font-size: 32px;\n  color: #ffffff;\n  min-width: 44px;\n  min-height: 44px;\n  line-height: 44px;\n  border-radius: 100px;\n  border-style: solid;\n  border-width: 0px;\n}\n.dt-icon-bg-on.shortcode-single-image-wrap.shortcode-single-image-150f4db2af9c3421655f13973740f8f4 .rollover-icon {\n  background: rgba(255,255,255,0.3);\n  box-shadow: none;\n}<\/style><div class=\"shortcode-single-image-wrap shortcode-single-image-150f4db2af9c3421655f13973740f8f4 alignnone  vc_custom_1677658043298 enable-bg-rollover dt-icon-bg-off\" ><div class=\"shortcode-single-image\"><div class=\"fancy-media-wrap\" style=\"\"><a href=\"https:\/\/equa.ee\/veterinaaria\/ru\/c\u0442\u043e\u043c\u0430\u0442\u043e\u043b\u043e\u0433\u0438\u0447\u0435\u0441\u043a\u043e\u0435-\u043e\u0431\u043e\u0440\u0443\u0434\u043e\u0432\u0430\u043d\u0438\u0435-im3\/\" class=\" layzr-bg rollover\" style=\"\" aria-label=\"Image\"><img decoding=\"async\" class=\"preload-me lazy-load aspect\" src=\"data:image\/svg+xml,%3Csvg%20xmlns%3D&#39;http%3A%2F%2Fwww.w3.org%2F2000%2Fsvg&#39;%20viewBox%3D&#39;0%200%20800%20800&#39;%2F%3E\" data-src=\"https:\/\/equa.ee\/veterinaaria\/wp-content\/uploads\/2018\/07\/im3-pro2000.jpg\" data-srcset=\"https:\/\/equa.ee\/veterinaaria\/wp-content\/uploads\/2018\/07\/im3-pro2000.jpg 800w\" loading=\"eager\" style=\"--ratio: 800 \/ 800\" sizes=\"(max-width: 800px) 100vw, 800px\" width=\"800\" height=\"800\"  data-dt-location=\"https:\/\/equa.ee\/veterinaaria\/ru\/im3-hambaravi\/im3-pro2000\/\" alt=\"\" \/><\/a><\/div><\/div><\/div><div class=\" ubtn-ctn-center \"><a class=\"ubtn-link ult-adjust-bottom-margin ubtn-center ubtn-large \" href=\"https:\/\/equa.ee\/veterinaaria\/ru\/c%d1%82%d0%be%d0%bc%d0%b0%d1%82%d0%be%d0%bb%d0%be%d0%b3%d0%b8%d1%87%d0%b5%d1%81%d0%ba%d0%be%d0%b5-%d0%be%d0%b1%d0%be%d1%80%d1%83%d0%b4%d0%be%d0%b2%d0%b0%d0%bd%d0%b8%d0%b5-im3\/\" title=\"C\u0442\u043e\u043c\u0430\u0442\u043e\u043b\u043e\u0433\u0438\u0447\u0435\u0441\u043a\u043e\u0435 \u043e\u0431\u043e\u0440\u0443\u0434\u043e\u0432\u0430\u043d\u0438\u0435 iM3\" ><button type=\"button\" id=\"ubtn-4282\"  class=\"ubtn ult-adjust-bottom-margin ult-responsive ubtn-large ubtn-fade-bg  none  ubtn-sep-icon ubtn-sep-icon-left  ubtn-center   tooltip-69fb00e84ccda\"  data-hover=\"#ffffff\" data-border-color=\"\" data-bg=\"#ffffff\" data-hover-bg=\"rgba(0,165,99,0.5)\" data-border-hover=\"\" data-shadow-hover=\"\" data-shadow-click=\"none\" data-shadow=\"\" data-shd-shadow=\"\"  data-ultimate-target='#ubtn-4282'  data-responsive-json-new='{\"font-size\":\"desktop:20px;tablet:20px;tablet_portrait:20px;mobile_landscape:16px;mobile:16px;\",\"line-height\":\"\"}'  style=\"font-family:&#039;Roboto&#039;;font-weight:300;border:none;background: #ffffff;color: #27a570;\"><span class=\"ubtn-data ubtn-icon\"><i class=\"Defaults-angle-right\" style=\"font-size:26px;color:#ffffff;\"><\/i><\/span><span class=\"ubtn-hover\" style=\"background-color:rgba(0,165,99,0.5)\"><\/span><span class=\"ubtn-data ubtn-text \" >C\u0442\u043e\u043c\u0430\u0442\u043e\u043b\u043e\u0433\u0438\u0447\u0435\u0441\u043a\u043e\u0435 \u043e\u0431\u043e\u0440\u0443\u0434\u043e\u0432\u0430\u043d\u0438\u0435 iM3<\/span><\/button><\/a><\/div>[\/vc_column][\/vc_row][vc_row][vc_column width=&#187;1\/3&#8243;]<style type=\"text\/css\" data-type=\"the7_shortcodes-inline-css\">.shortcode-single-image-wrap.shortcode-single-image-9d9ea576ece0d91a24c4551e68f3d1f6.enable-bg-rollover .rollover i,\n.shortcode-single-image-wrap.shortcode-single-image-9d9ea576ece0d91a24c4551e68f3d1f6.enable-bg-rollover .rollover-video i {\n  background: -webkit-linear-gradient();\n  background: linear-gradient();\n}\n.shortcode-single-image-wrap.shortcode-single-image-9d9ea576ece0d91a24c4551e68f3d1f6 .rollover-icon {\n  font-size: 32px;\n  color: #ffffff;\n  min-width: 44px;\n  min-height: 44px;\n  line-height: 44px;\n  border-radius: 100px;\n  border-style: solid;\n  border-width: 0px;\n}\n.dt-icon-bg-on.shortcode-single-image-wrap.shortcode-single-image-9d9ea576ece0d91a24c4551e68f3d1f6 .rollover-icon {\n  background: rgba(255,255,255,0.3);\n  box-shadow: none;\n}<\/style><div class=\"shortcode-single-image-wrap shortcode-single-image-9d9ea576ece0d91a24c4551e68f3d1f6 alignnone  vc_custom_1677658097746 enable-bg-rollover dt-icon-bg-off\" ><div class=\"shortcode-single-image\"><div class=\"fancy-media-wrap\" style=\"\"><a href=\"https:\/\/equa.ee\/veterinaaria\/ru\/\u0442\u0435\u043b\u0435\u0436\u043a\u0438-\u0438\u0437-\u043d\u0435\u0440\u0436\u0430\u0432\u0435\u044e\u0449\u0435\u0439-\u0441\u0442\u0430\u043b\u0438\/\" class=\" layzr-bg rollover\" style=\"\" aria-label=\"Image\"><img decoding=\"async\" class=\"preload-me lazy-load aspect\" src=\"data:image\/svg+xml,%3Csvg%20xmlns%3D&#39;http%3A%2F%2Fwww.w3.org%2F2000%2Fsvg&#39;%20viewBox%3D&#39;0%200%20800%20800&#39;%2F%3E\" data-src=\"https:\/\/equa.ee\/veterinaaria\/wp-content\/uploads\/2018\/04\/800px-instrumendilauad.png\" data-srcset=\"https:\/\/equa.ee\/veterinaaria\/wp-content\/uploads\/2018\/04\/800px-instrumendilauad.png 800w\" loading=\"eager\" style=\"--ratio: 800 \/ 800\" sizes=\"(max-width: 800px) 100vw, 800px\" width=\"800\" height=\"800\"  data-dt-location=\"https:\/\/equa.ee\/veterinaaria\/ru\/800px-instrumendilauad\/\" alt=\"\" \/><\/a><\/div><\/div><\/div><div class=\" ubtn-ctn-center \"><a class=\"ubtn-link ult-adjust-bottom-margin ubtn-center ubtn-large \" href=\"https:\/\/equa.ee\/veterinaaria\/ru\/%d1%82%d0%b5%d0%bb%d0%b5%d0%b6%d0%ba%d0%b8-%d0%b8%d0%b7-%d0%bd%d0%b5%d1%80%d0%b6%d0%b0%d0%b2%d0%b5%d1%8e%d1%89%d0%b5%d0%b9-%d1%81%d1%82%d0%b0%d0%bb%d0%b8\/\" title=\"\u0422\u0435\u043b\u0435\u0436\u043a\u0438 \u0438\u0437 \u043d\u0435\u0440\u0436\u0430\u0432\u0435\u044e\u0449\u0435\u0439 \u0441\u0442\u0430\u043b\u0438\" ><button type=\"button\" id=\"ubtn-5519\"  class=\"ubtn ult-adjust-bottom-margin ult-responsive ubtn-large ubtn-fade-bg  none  ubtn-sep-icon ubtn-sep-icon-left  ubtn-center   tooltip-69fb00e84d2d5\"  data-hover=\"#ffffff\" data-border-color=\"\" data-bg=\"#ffffff\" data-hover-bg=\"rgba(0,165,99,0.5)\" data-border-hover=\"\" data-shadow-hover=\"\" data-shadow-click=\"none\" data-shadow=\"\" data-shd-shadow=\"\"  data-ultimate-target='#ubtn-5519'  data-responsive-json-new='{\"font-size\":\"desktop:20px;tablet:20px;tablet_portrait:20px;mobile_landscape:16px;mobile:16px;\",\"line-height\":\"\"}'  style=\"font-family:&#039;Roboto&#039;;font-weight:300;border:none;background: #ffffff;color: #27a570;\"><span class=\"ubtn-data ubtn-icon\"><i class=\"Defaults-angle-right\" style=\"font-size:26px;color:#ffffff;\"><\/i><\/span><span class=\"ubtn-hover\" style=\"background-color:rgba(0,165,99,0.5)\"><\/span><span class=\"ubtn-data ubtn-text \" >\u0422\u0435\u043b\u0435\u0436\u043a\u0438 \u0438\u0437 \u043d\u0435\u0440\u0436\u0430\u0432\u0435\u044e\u0449\u0435\u0439 \u0441\u0442\u0430\u043b\u0438<\/span><\/button><\/a><\/div>[\/vc_column][vc_column width=&#187;1\/3&#8243;]<style type=\"text\/css\" data-type=\"the7_shortcodes-inline-css\">.shortcode-single-image-wrap.shortcode-single-image-9c8c4ebbe9b128dc5b3a962210278c59.enable-bg-rollover .rollover i,\n.shortcode-single-image-wrap.shortcode-single-image-9c8c4ebbe9b128dc5b3a962210278c59.enable-bg-rollover .rollover-video i {\n  background: -webkit-linear-gradient();\n  background: linear-gradient();\n}\n.shortcode-single-image-wrap.shortcode-single-image-9c8c4ebbe9b128dc5b3a962210278c59 .rollover-icon {\n  font-size: 32px;\n  color: #ffffff;\n  min-width: 44px;\n  min-height: 44px;\n  line-height: 44px;\n  border-radius: 100px;\n  border-style: solid;\n  border-width: 0px;\n}\n.dt-icon-bg-on.shortcode-single-image-wrap.shortcode-single-image-9c8c4ebbe9b128dc5b3a962210278c59 .rollover-icon {\n  background: rgba(255,255,255,0.3);\n  box-shadow: none;\n}<\/style><div class=\"shortcode-single-image-wrap shortcode-single-image-9c8c4ebbe9b128dc5b3a962210278c59 alignnone  vc_custom_1677658148126 enable-bg-rollover dt-icon-bg-off\" ><div class=\"shortcode-single-image\"><div class=\"fancy-media-wrap\" style=\"\"><a href=\"https:\/\/equa.ee\/veterinaaria\/ru\/\u0441\u0442\u043e\u043b\u044b-\u0434\u043b\u044f-\u0432\u0435\u0442\u0435\u0440\u0438\u043d\u0430\u0440\u043d\u043e\u0433\u043e-\u043e\u0441\u043c\u043e\u0442\u0440\u0430\/\" class=\" layzr-bg rollover\" style=\"\" aria-label=\"Image\"><img decoding=\"async\" class=\"preload-me lazy-load aspect\" src=\"data:image\/svg+xml,%3Csvg%20xmlns%3D&#39;http%3A%2F%2Fwww.w3.org%2F2000%2Fsvg&#39;%20viewBox%3D&#39;0%200%20900%20900&#39;%2F%3E\" data-src=\"https:\/\/equa.ee\/veterinaaria\/wp-content\/uploads\/2020\/06\/EQUA-4050-esipilt.png\" data-srcset=\"https:\/\/equa.ee\/veterinaaria\/wp-content\/uploads\/2020\/06\/EQUA-4050-esipilt.png 900w\" loading=\"eager\" style=\"--ratio: 900 \/ 900\" sizes=\"(max-width: 900px) 100vw, 900px\" width=\"900\" height=\"900\"  data-dt-location=\"https:\/\/equa.ee\/veterinaaria\/ru\/equa-4050-examination-table\/equa-4050-esipilt-2\/\" alt=\"Altra on teadaolevalt k\u00f5ige looma ja veterinaaris\u00f5bralikum l\u00e4bivaatuslaud maailmas. Kaasaegse disainiga ja ergonoomiline laud veterinaaridele. Komposiitmaterjalist t\u00f6\u00f6tasapind on loomale soe ja rahustav. Juhtmevaba, t\u00f6\u00f6tab aku pealt.\" \/><\/a><\/div><\/div><\/div><div class=\" ubtn-ctn-center \"><a class=\"ubtn-link ult-adjust-bottom-margin ubtn-center ubtn-large \" href=\"https:\/\/equa.ee\/veterinaaria\/ru\/%d1%81%d1%82%d0%be%d0%bb%d1%8b-%d0%b4%d0%bb%d1%8f-%d0%b2%d0%b5%d1%82%d0%b5%d1%80%d0%b8%d0%bd%d0%b0%d1%80%d0%bd%d0%be%d0%b3%d0%be-%d0%be%d1%81%d0%bc%d0%be%d1%82%d1%80%d0%b0\/\" title=\"Examination tables\" ><button type=\"button\" id=\"ubtn-2669\"  class=\"ubtn ult-adjust-bottom-margin ult-responsive ubtn-large ubtn-fade-bg  none  ubtn-sep-icon ubtn-sep-icon-left  ubtn-center   tooltip-69fb00e84db83\"  data-hover=\"#ffffff\" data-border-color=\"\" data-bg=\"#ffffff\" data-hover-bg=\"rgba(0,165,99,0.5)\" data-border-hover=\"\" data-shadow-hover=\"\" data-shadow-click=\"none\" data-shadow=\"\" data-shd-shadow=\"\"  data-ultimate-target='#ubtn-2669'  data-responsive-json-new='{\"font-size\":\"desktop:20px;tablet:20px;tablet_portrait:20px;mobile_landscape:16px;mobile:16px;\",\"line-height\":\"\"}'  style=\"font-family:&#039;Roboto&#039;;font-weight:300;border:none;background: #ffffff;color: #27a570;\"><span class=\"ubtn-data ubtn-icon\"><i class=\"Defaults-angle-right\" style=\"font-size:26px;color:#ffffff;\"><\/i><\/span><span class=\"ubtn-hover\" style=\"background-color:rgba(0,165,99,0.5)\"><\/span><span class=\"ubtn-data ubtn-text \" >\u0421\u0442\u043e\u043b\u044b \u0434\u043b\u044f \u0432\u0435\u0442\u0435\u0440\u0438\u043d\u0430\u0440\u043d\u043e\u0433\u043e \u043e\u0441\u043c\u043e\u0442\u0440\u0430<\/span><\/button><\/a><\/div>[\/vc_column][vc_column width=&#187;1\/3&#8243;][\/vc_column][\/vc_row][\/vc_section]<\/p>\n<\/div>","protected":false},"excerpt":{"rendered":"<p>[vc_section css=&#187;.vc_custom_1533894154520{margin-top: 70px !important;margin-bottom: 70px !important;}&#187;][vc_row type=&#187;vc_default&#187; gap=&#187;5&#8243; equal_height=&#187;yes&#187; full_width_row=&#187;true&#187;][vc_column width=&#187;1\/3&#8243;][\/vc_column][vc_column width=&#187;1\/3&#8243;][\/vc_column][vc_column width=&#187;1\/3&#8243;][\/vc_column][\/vc_row][vc_row][vc_column width=&#187;1\/3&#8243;][\/vc_column][vc_column width=&#187;1\/3&#8243;][\/vc_column][vc_column width=&#187;1\/3&#8243;][\/vc_column][\/vc_row][\/vc_section]<\/p>\n","protected":false},"author":1,"featured_media":0,"parent":0,"menu_order":0,"comment_status":"closed","ping_status":"closed","template":"","meta":{"_monsterinsights_skip_tracking":false,"_monsterinsights_sitenote_active":false,"_monsterinsights_sitenote_note":"","_monsterinsights_sitenote_category":0,"footnotes":""},"class_list":["post-9291","page","type-page","status-publish","hentry","description-off"],"_links":{"self":[{"href":"https:\/\/equa.ee\/veterinaaria\/ru\/wp-json\/wp\/v2\/pages\/9291","targetHints":{"allow":["GET"]}}],"collection":[{"href":"https:\/\/equa.ee\/veterinaaria\/ru\/wp-json\/wp\/v2\/pages"}],"about":[{"href":"https:\/\/equa.ee\/veterinaaria\/ru\/wp-json\/wp\/v2\/types\/page"}],"author":[{"embeddable":true,"href":"https:\/\/equa.ee\/veterinaaria\/ru\/wp-json\/wp\/v2\/users\/1"}],"replies":[{"embeddable":true,"href":"https:\/\/equa.ee\/veterinaaria\/ru\/wp-json\/wp\/v2\/comments?post=9291"}],"version-history":[{"count":9,"href":"https:\/\/equa.ee\/veterinaaria\/ru\/wp-json\/wp\/v2\/pages\/9291\/revisions"}],"predecessor-version":[{"id":9535,"href":"https:\/\/equa.ee\/veterinaaria\/ru\/wp-json\/wp\/v2\/pages\/9291\/revisions\/9535"}],"wp:attachment":[{"href":"https:\/\/equa.ee\/veterinaaria\/ru\/wp-json\/wp\/v2\/media?parent=9291"}],"curies":[{"name":"wp","href":"https:\/\/api.w.org\/{rel}","templated":true}]}}