{"id":86,"date":"2019-04-21T08:52:57","date_gmt":"2019-04-21T08:52:57","guid":{"rendered":"https:\/\/equa.ee\/meditsiin\/?page_id=86"},"modified":"2022-02-03T11:06:06","modified_gmt":"2022-02-03T11:06:06","slug":"euroopa-regionaalarengu-fondi-toetus","status":"publish","type":"page","link":"https:\/\/equa.ee\/meditsiin\/euroopa-regionaalarengu-fondi-toetus\/","title":{"rendered":"Euroopa regionaalarengu fondi toetus"},"content":{"rendered":"\t\t<div data-elementor-type=\"wp-post\" data-elementor-id=\"86\" class=\"elementor elementor-86\" data-elementor-post-type=\"page\">\n\t\t\t\t\t\t<section class=\"elementor-section elementor-top-section elementor-element elementor-element-182aff1 elementor-section-stretched elementor-section-full_width elementor-section-height-default elementor-section-height-default\" data-id=\"182aff1\" data-element_type=\"section\" data-e-type=\"section\" data-settings=\"{&quot;stretch_section&quot;:&quot;section-stretched&quot;}\">\n\t\t\t\t\t\t<div class=\"elementor-container elementor-column-gap-no\">\n\t\t\t\t\t<div class=\"elementor-column elementor-col-100 elementor-top-column elementor-element elementor-element-97dc156\" data-id=\"97dc156\" data-element_type=\"column\" data-e-type=\"column\">\n\t\t\t<div class=\"elementor-widget-wrap elementor-element-populated\">\n\t\t\t\t\t\t<div class=\"elementor-element elementor-element-6d7ea1c elementor-widget elementor-widget-template\" data-id=\"6d7ea1c\" data-element_type=\"widget\" data-e-type=\"widget\" data-widget_type=\"template.default\">\n\t\t\t\t<div class=\"elementor-widget-container\">\n\t\t\t\t\t\t\t<div class=\"elementor-template\">\n\t\t\t\t\t<div data-elementor-type=\"section\" data-elementor-id=\"6163\" class=\"elementor elementor-6163\" data-elementor-post-type=\"elementor_library\">\n\t\t\t\t\t<section class=\"elementor-section elementor-top-section elementor-element elementor-element-1e1a496 elementor-section-height-min-height elementor-hidden-tablet elementor-hidden-phone elementor-section-boxed elementor-section-height-default elementor-section-items-middle\" data-id=\"1e1a496\" data-element_type=\"section\" data-e-type=\"section\" data-settings=\"{&quot;background_background&quot;:&quot;classic&quot;}\">\n\t\t\t\t\t\t<div class=\"elementor-container elementor-column-gap-no\">\n\t\t\t\t\t<div class=\"elementor-column elementor-col-100 elementor-top-column elementor-element elementor-element-edf4022\" data-id=\"edf4022\" data-element_type=\"column\" data-e-type=\"column\">\n\t\t\t<div class=\"elementor-widget-wrap\">\n\t\t\t\t\t\t\t<\/div>\n\t\t<\/div>\n\t\t\t\t\t<\/div>\n\t\t<\/section>\n\t\t\t\t<\/div>\n\t\t\t\t<\/div>\n\t\t\t\t\t\t<\/div>\n\t\t\t\t<\/div>\n\t\t\t\t\t<\/div>\n\t\t<\/div>\n\t\t\t\t\t<\/div>\n\t\t<\/section>\n\t\t\t\t<section class=\"elementor-section elementor-top-section elementor-element elementor-element-d35c02b elementor-section-boxed elementor-section-height-default elementor-section-height-default\" data-id=\"d35c02b\" data-element_type=\"section\" data-e-type=\"section\">\n\t\t\t\t\t\t<div class=\"elementor-container elementor-column-gap-default\">\n\t\t\t\t\t<div class=\"elementor-column elementor-col-33 elementor-top-column elementor-element elementor-element-badba18\" data-id=\"badba18\" data-element_type=\"column\" data-e-type=\"column\">\n\t\t\t<div class=\"elementor-widget-wrap elementor-element-populated\">\n\t\t\t\t\t\t<div class=\"elementor-element elementor-element-b23dd0a elementor-widget elementor-widget-image\" data-id=\"b23dd0a\" data-element_type=\"widget\" data-e-type=\"widget\" data-widget_type=\"image.default\">\n\t\t\t\t<div class=\"elementor-widget-container\">\n\t\t\t\t\t\t\t\t\t\t\t\t\t\t\t<img fetchpriority=\"high\" decoding=\"async\" width=\"458\" height=\"906\" src=\"https:\/\/equa.ee\/meditsiin\/wp-content\/uploads\/2022\/01\/eas-logo.png\" class=\"attachment-1536x1536 size-1536x1536 wp-image-8614\" alt=\"\" srcset=\"https:\/\/equa.ee\/meditsiin\/wp-content\/uploads\/2022\/01\/eas-logo.png 458w, https:\/\/equa.ee\/meditsiin\/wp-content\/uploads\/2022\/01\/eas-logo-152x300.png 152w\" sizes=\"(max-width: 458px) 100vw, 458px\" \/>\t\t\t\t\t\t\t\t\t\t\t\t\t\t\t<\/div>\n\t\t\t\t<\/div>\n\t\t\t\t\t<\/div>\n\t\t<\/div>\n\t\t\t\t<div class=\"elementor-column elementor-col-66 elementor-top-column elementor-element elementor-element-33284ad\" data-id=\"33284ad\" data-element_type=\"column\" data-e-type=\"column\">\n\t\t\t<div class=\"elementor-widget-wrap elementor-element-populated\">\n\t\t\t\t\t\t<div class=\"elementor-element elementor-element-f60fc54 elementor-widget elementor-widget-text-editor\" data-id=\"f60fc54\" data-element_type=\"widget\" data-e-type=\"widget\" data-widget_type=\"text-editor.default\">\n\t\t\t\t<div class=\"elementor-widget-container\">\n\t\t\t\t\t\t\t\t\t<p>4.oktoobril 2017. aastal v\u00f5ttis EQUA ette ambitsioonika 3 aastat kestva ettev\u00f5tte tootearenduse programmi, mille elluviimiseks taotleti kaasrahastamist Ettev\u00f5tluse Arendamise Sihtasutusest. Perioodil 2017-2020a. toimunud arenguprogrammiga sai alustatud mitmeid tootearendusi. Ettev\u00f5tte ambitsioonika kasvu j\u00e4tkuks taotleti \u201cEQUA Arenguprogrammi 2021-2022\u201d raames lisatoetust summale 137 091,60 eurole. EQUA Arenguplaani nr. 2014-2020.4.04.21-1847 toetatakse l\u00e4bi Euroopa Regionaalarengu Fondi ettev\u00f5tte arenguprogrammi toetusmeetme. Arenguprogrammi raames t\u00f6\u00f6tatakse v\u00e4lja mitu uut innovaatilist ja k\u00f5rgema lisandv\u00e4\u00e4rtusega f\u00fcsioteraapia ja veterinaaria valdkonna toodet, samuti suurendatakse oluliselt ettev\u00f5tte tootmis- ja ekspordiv\u00f5imekust.<\/p>\t\t\t\t\t\t\t\t<\/div>\n\t\t\t\t<\/div>\n\t\t\t\t\t<\/div>\n\t\t<\/div>\n\t\t\t\t\t<\/div>\n\t\t<\/section>\n\t\t\t\t<\/div>\n\t\t","protected":false},"excerpt":{"rendered":"<p>4.oktoobril 2017. aastal v\u00f5ttis EQUA ette ambitsioonika 3 aastat kestva ettev\u00f5tte tootearenduse programmi, mille elluviimiseks taotleti kaasrahastamist Ettev\u00f5tluse Arendamise Sihtasutusest. Perioodil 2017-2020a. toimunud arenguprogrammiga sai alustatud mitmeid tootearendusi. Ettev\u00f5tte ambitsioonika kasvu j\u00e4tkuks taotleti \u201cEQUA Arenguprogrammi 2021-2022\u201d raames lisatoetust summale 137 091,60 eurole. EQUA Arenguplaani nr. 2014-2020.4.04.21-1847 toetatakse l\u00e4bi Euroopa Regionaalarengu Fondi ettev\u00f5tte arenguprogrammi toetusmeetme. Arenguprogrammi [&hellip;]<\/p>\n","protected":false},"author":2,"featured_media":0,"parent":0,"menu_order":0,"comment_status":"closed","ping_status":"closed","template":"","meta":{"_acf_changed":false,"_monsterinsights_skip_tracking":false,"_monsterinsights_sitenote_active":false,"_monsterinsights_sitenote_note":"","_monsterinsights_sitenote_category":0,"ocean_post_layout":"","ocean_both_sidebars_style":"","ocean_both_sidebars_content_width":0,"ocean_both_sidebars_sidebars_width":0,"ocean_sidebar":"0","ocean_second_sidebar":"0","ocean_disable_margins":"on","ocean_add_body_class":"","ocean_shortcode_before_top_bar":"","ocean_shortcode_after_top_bar":"","ocean_shortcode_before_header":"","ocean_shortcode_after_header":"","ocean_has_shortcode":"","ocean_shortcode_after_title":"","ocean_shortcode_before_footer_widgets":"","ocean_shortcode_after_footer_widgets":"","ocean_shortcode_before_footer_bottom":"","ocean_shortcode_after_footer_bottom":"","ocean_display_top_bar":"default","ocean_display_header":"default","ocean_header_style":"","ocean_center_header_left_menu":"0","ocean_custom_header_template":"0","ocean_custom_logo":0,"ocean_custom_retina_logo":0,"ocean_custom_logo_max_width":0,"ocean_custom_logo_tablet_max_width":0,"ocean_custom_logo_mobile_max_width":0,"ocean_custom_logo_max_height":0,"ocean_custom_logo_tablet_max_height":0,"ocean_custom_logo_mobile_max_height":0,"ocean_header_custom_menu":"0","ocean_menu_typo_font_family":"0","ocean_menu_typo_font_subset":"","ocean_menu_typo_font_size":0,"ocean_menu_typo_font_size_tablet":0,"ocean_menu_typo_font_size_mobile":0,"ocean_menu_typo_font_size_unit":"px","ocean_menu_typo_font_weight":"","ocean_menu_typo_font_weight_tablet":"","ocean_menu_typo_font_weight_mobile":"","ocean_menu_typo_transform":"","ocean_menu_typo_transform_tablet":"","ocean_menu_typo_transform_mobile":"","ocean_menu_typo_line_height":0,"ocean_menu_typo_line_height_tablet":0,"ocean_menu_typo_line_height_mobile":0,"ocean_menu_typo_line_height_unit":"","ocean_menu_typo_spacing":0,"ocean_menu_typo_spacing_tablet":0,"ocean_menu_typo_spacing_mobile":0,"ocean_menu_typo_spacing_unit":"","ocean_menu_link_color":"","ocean_menu_link_color_hover":"","ocean_menu_link_color_active":"","ocean_menu_link_background":"","ocean_menu_link_hover_background":"","ocean_menu_link_active_background":"","ocean_menu_social_links_bg":"","ocean_menu_social_hover_links_bg":"","ocean_menu_social_links_color":"","ocean_menu_social_hover_links_color":"","ocean_disable_title":"on","ocean_disable_heading":"default","ocean_post_title":"","ocean_post_subheading":"","ocean_post_title_style":"","ocean_post_title_background_color":"","ocean_post_title_background":0,"ocean_post_title_bg_image_position":"","ocean_post_title_bg_image_attachment":"","ocean_post_title_bg_image_repeat":"","ocean_post_title_bg_image_size":"","ocean_post_title_height":0,"ocean_post_title_bg_overlay":0.5,"ocean_post_title_bg_overlay_color":"","ocean_disable_breadcrumbs":"default","ocean_breadcrumbs_color":"","ocean_breadcrumbs_separator_color":"","ocean_breadcrumbs_links_color":"","ocean_breadcrumbs_links_hover_color":"","ocean_display_footer_widgets":"default","ocean_display_footer_bottom":"default","ocean_custom_footer_template":"0","footnotes":""},"class_list":["post-86","page","type-page","status-publish","hentry","entry"],"acf":[],"yoast_head":"<!-- This site is optimized with the Yoast SEO plugin v27.5 - https:\/\/yoast.com\/product\/yoast-seo-wordpress\/ -->\n<title>Equa Meditsiin -Euroopa regionaalarengu fondi toetus<\/title>\n<meta name=\"description\" content=\"2017. aastal v\u00f5ttis EQUA ette 3 aastat kestva tootearenduse plaani, mille elluviimiseks taotleti kaasrahastamist Ettev\u00f5tluse Arendamise Sihtasutusest. Heaks kiidetud arenguplaani toetatakse Euroopa Regionaalarengu Fondist.\" \/>\n<meta name=\"robots\" content=\"index, follow, max-snippet:-1, max-image-preview:large, max-video-preview:-1\" \/>\n<link rel=\"canonical\" href=\"https:\/\/equa.ee\/meditsiin\/euroopa-regionaalarengu-fondi-toetus\/\" \/>\n<meta property=\"og:locale\" content=\"et_EE\" \/>\n<meta property=\"og:type\" content=\"article\" \/>\n<meta property=\"og:title\" content=\"Equa Meditsiin -Euroopa regionaalarengu fondi toetus\" \/>\n<meta property=\"og:description\" content=\"2017. aastal v\u00f5ttis EQUA ette 3 aastat kestva tootearenduse plaani, mille elluviimiseks taotleti kaasrahastamist Ettev\u00f5tluse Arendamise Sihtasutusest. Heaks kiidetud arenguplaani toetatakse Euroopa Regionaalarengu Fondist.\" \/>\n<meta property=\"og:url\" content=\"https:\/\/equa.ee\/meditsiin\/euroopa-regionaalarengu-fondi-toetus\/\" \/>\n<meta property=\"og:site_name\" content=\"Equa Meditsiin\" \/>\n<meta property=\"article:publisher\" content=\"https:\/\/www.facebook.com\/EQUAOU\/\" \/>\n<meta property=\"article:modified_time\" content=\"2022-02-03T11:06:06+00:00\" \/>\n<meta property=\"og:image\" content=\"https:\/\/equa.ee\/meditsiin\/wp-content\/uploads\/2022\/01\/eas-logo.png\" \/>\n<meta name=\"twitter:card\" content=\"summary_large_image\" \/>\n<meta name=\"twitter:label1\" content=\"Est. reading time\" \/>\n\t<meta name=\"twitter:data1\" content=\"1 minut\" \/>\n<script type=\"application\/ld+json\" class=\"yoast-schema-graph\">{\"@context\":\"https:\\\/\\\/schema.org\",\"@graph\":[{\"@type\":\"WebPage\",\"@id\":\"https:\\\/\\\/equa.ee\\\/meditsiin\\\/euroopa-regionaalarengu-fondi-toetus\\\/\",\"url\":\"https:\\\/\\\/equa.ee\\\/meditsiin\\\/euroopa-regionaalarengu-fondi-toetus\\\/\",\"name\":\"Equa Meditsiin -Euroopa regionaalarengu fondi toetus\",\"isPartOf\":{\"@id\":\"https:\\\/\\\/equa.ee\\\/meditsiin\\\/#website\"},\"primaryImageOfPage\":{\"@id\":\"https:\\\/\\\/equa.ee\\\/meditsiin\\\/euroopa-regionaalarengu-fondi-toetus\\\/#primaryimage\"},\"image\":{\"@id\":\"https:\\\/\\\/equa.ee\\\/meditsiin\\\/euroopa-regionaalarengu-fondi-toetus\\\/#primaryimage\"},\"thumbnailUrl\":\"https:\\\/\\\/equa.ee\\\/meditsiin\\\/wp-content\\\/uploads\\\/2022\\\/01\\\/eas-logo.png\",\"datePublished\":\"2019-04-21T08:52:57+00:00\",\"dateModified\":\"2022-02-03T11:06:06+00:00\",\"description\":\"2017. aastal v\u00f5ttis EQUA ette 3 aastat kestva tootearenduse plaani, mille elluviimiseks taotleti kaasrahastamist Ettev\u00f5tluse Arendamise Sihtasutusest. Heaks kiidetud arenguplaani toetatakse Euroopa Regionaalarengu Fondist.\",\"breadcrumb\":{\"@id\":\"https:\\\/\\\/equa.ee\\\/meditsiin\\\/euroopa-regionaalarengu-fondi-toetus\\\/#breadcrumb\"},\"inLanguage\":\"et\",\"potentialAction\":[{\"@type\":\"ReadAction\",\"target\":[\"https:\\\/\\\/equa.ee\\\/meditsiin\\\/euroopa-regionaalarengu-fondi-toetus\\\/\"]}]},{\"@type\":\"ImageObject\",\"inLanguage\":\"et\",\"@id\":\"https:\\\/\\\/equa.ee\\\/meditsiin\\\/euroopa-regionaalarengu-fondi-toetus\\\/#primaryimage\",\"url\":\"https:\\\/\\\/equa.ee\\\/meditsiin\\\/wp-content\\\/uploads\\\/2022\\\/01\\\/eas-logo.png\",\"contentUrl\":\"https:\\\/\\\/equa.ee\\\/meditsiin\\\/wp-content\\\/uploads\\\/2022\\\/01\\\/eas-logo.png\",\"width\":458,\"height\":906},{\"@type\":\"BreadcrumbList\",\"@id\":\"https:\\\/\\\/equa.ee\\\/meditsiin\\\/euroopa-regionaalarengu-fondi-toetus\\\/#breadcrumb\",\"itemListElement\":[{\"@type\":\"ListItem\",\"position\":1,\"name\":\"Equa\",\"item\":\"https:\\\/\\\/equa.ee\\\/meditsiin\\\/\"},{\"@type\":\"ListItem\",\"position\":2,\"name\":\"Euroopa regionaalarengu fondi toetus\"}]},{\"@type\":\"WebSite\",\"@id\":\"https:\\\/\\\/equa.ee\\\/meditsiin\\\/#website\",\"url\":\"https:\\\/\\\/equa.ee\\\/meditsiin\\\/\",\"name\":\"Equa\",\"description\":\"Equa meditsiinitooted\",\"publisher\":{\"@id\":\"https:\\\/\\\/equa.ee\\\/meditsiin\\\/#organization\"},\"potentialAction\":[{\"@type\":\"SearchAction\",\"target\":{\"@type\":\"EntryPoint\",\"urlTemplate\":\"https:\\\/\\\/equa.ee\\\/meditsiin\\\/?s={search_term_string}\"},\"query-input\":{\"@type\":\"PropertyValueSpecification\",\"valueRequired\":true,\"valueName\":\"search_term_string\"}}],\"inLanguage\":\"et\"},{\"@type\":\"Organization\",\"@id\":\"https:\\\/\\\/equa.ee\\\/meditsiin\\\/#organization\",\"name\":\"Equa\",\"url\":\"https:\\\/\\\/equa.ee\\\/meditsiin\\\/\",\"logo\":{\"@type\":\"ImageObject\",\"inLanguage\":\"et\",\"@id\":\"https:\\\/\\\/equa.ee\\\/meditsiin\\\/#\\\/schema\\\/logo\\\/image\\\/\",\"url\":\"https:\\\/\\\/equa.ee\\\/meditsiin\\\/wp-content\\\/uploads\\\/2019\\\/03\\\/equa-logo-vari-retina-1.png\",\"contentUrl\":\"https:\\\/\\\/equa.ee\\\/meditsiin\\\/wp-content\\\/uploads\\\/2019\\\/03\\\/equa-logo-vari-retina-1.png\",\"width\":250,\"height\":151,\"caption\":\"Equa\"},\"image\":{\"@id\":\"https:\\\/\\\/equa.ee\\\/meditsiin\\\/#\\\/schema\\\/logo\\\/image\\\/\"},\"sameAs\":[\"https:\\\/\\\/www.facebook.com\\\/EQUAOU\\\/\"]}]}<\/script>\n<!-- \/ Yoast SEO plugin. -->","yoast_head_json":{"title":"Equa Meditsiin -Euroopa regionaalarengu fondi toetus","description":"2017. aastal v\u00f5ttis EQUA ette 3 aastat kestva tootearenduse plaani, mille elluviimiseks taotleti kaasrahastamist Ettev\u00f5tluse Arendamise Sihtasutusest. Heaks kiidetud arenguplaani toetatakse Euroopa Regionaalarengu Fondist.","robots":{"index":"index","follow":"follow","max-snippet":"max-snippet:-1","max-image-preview":"max-image-preview:large","max-video-preview":"max-video-preview:-1"},"canonical":"https:\/\/equa.ee\/meditsiin\/euroopa-regionaalarengu-fondi-toetus\/","og_locale":"et_EE","og_type":"article","og_title":"Equa Meditsiin -Euroopa regionaalarengu fondi toetus","og_description":"2017. aastal v\u00f5ttis EQUA ette 3 aastat kestva tootearenduse plaani, mille elluviimiseks taotleti kaasrahastamist Ettev\u00f5tluse Arendamise Sihtasutusest. Heaks kiidetud arenguplaani toetatakse Euroopa Regionaalarengu Fondist.","og_url":"https:\/\/equa.ee\/meditsiin\/euroopa-regionaalarengu-fondi-toetus\/","og_site_name":"Equa Meditsiin","article_publisher":"https:\/\/www.facebook.com\/EQUAOU\/","article_modified_time":"2022-02-03T11:06:06+00:00","og_image":[{"url":"https:\/\/equa.ee\/meditsiin\/wp-content\/uploads\/2022\/01\/eas-logo.png","type":"","width":"","height":""}],"twitter_card":"summary_large_image","twitter_misc":{"Est. reading time":"1 minut"},"schema":{"@context":"https:\/\/schema.org","@graph":[{"@type":"WebPage","@id":"https:\/\/equa.ee\/meditsiin\/euroopa-regionaalarengu-fondi-toetus\/","url":"https:\/\/equa.ee\/meditsiin\/euroopa-regionaalarengu-fondi-toetus\/","name":"Equa Meditsiin -Euroopa regionaalarengu fondi toetus","isPartOf":{"@id":"https:\/\/equa.ee\/meditsiin\/#website"},"primaryImageOfPage":{"@id":"https:\/\/equa.ee\/meditsiin\/euroopa-regionaalarengu-fondi-toetus\/#primaryimage"},"image":{"@id":"https:\/\/equa.ee\/meditsiin\/euroopa-regionaalarengu-fondi-toetus\/#primaryimage"},"thumbnailUrl":"https:\/\/equa.ee\/meditsiin\/wp-content\/uploads\/2022\/01\/eas-logo.png","datePublished":"2019-04-21T08:52:57+00:00","dateModified":"2022-02-03T11:06:06+00:00","description":"2017. aastal v\u00f5ttis EQUA ette 3 aastat kestva tootearenduse plaani, mille elluviimiseks taotleti kaasrahastamist Ettev\u00f5tluse Arendamise Sihtasutusest. Heaks kiidetud arenguplaani toetatakse Euroopa Regionaalarengu Fondist.","breadcrumb":{"@id":"https:\/\/equa.ee\/meditsiin\/euroopa-regionaalarengu-fondi-toetus\/#breadcrumb"},"inLanguage":"et","potentialAction":[{"@type":"ReadAction","target":["https:\/\/equa.ee\/meditsiin\/euroopa-regionaalarengu-fondi-toetus\/"]}]},{"@type":"ImageObject","inLanguage":"et","@id":"https:\/\/equa.ee\/meditsiin\/euroopa-regionaalarengu-fondi-toetus\/#primaryimage","url":"https:\/\/equa.ee\/meditsiin\/wp-content\/uploads\/2022\/01\/eas-logo.png","contentUrl":"https:\/\/equa.ee\/meditsiin\/wp-content\/uploads\/2022\/01\/eas-logo.png","width":458,"height":906},{"@type":"BreadcrumbList","@id":"https:\/\/equa.ee\/meditsiin\/euroopa-regionaalarengu-fondi-toetus\/#breadcrumb","itemListElement":[{"@type":"ListItem","position":1,"name":"Equa","item":"https:\/\/equa.ee\/meditsiin\/"},{"@type":"ListItem","position":2,"name":"Euroopa regionaalarengu fondi toetus"}]},{"@type":"WebSite","@id":"https:\/\/equa.ee\/meditsiin\/#website","url":"https:\/\/equa.ee\/meditsiin\/","name":"Equa","description":"Equa meditsiinitooted","publisher":{"@id":"https:\/\/equa.ee\/meditsiin\/#organization"},"potentialAction":[{"@type":"SearchAction","target":{"@type":"EntryPoint","urlTemplate":"https:\/\/equa.ee\/meditsiin\/?s={search_term_string}"},"query-input":{"@type":"PropertyValueSpecification","valueRequired":true,"valueName":"search_term_string"}}],"inLanguage":"et"},{"@type":"Organization","@id":"https:\/\/equa.ee\/meditsiin\/#organization","name":"Equa","url":"https:\/\/equa.ee\/meditsiin\/","logo":{"@type":"ImageObject","inLanguage":"et","@id":"https:\/\/equa.ee\/meditsiin\/#\/schema\/logo\/image\/","url":"https:\/\/equa.ee\/meditsiin\/wp-content\/uploads\/2019\/03\/equa-logo-vari-retina-1.png","contentUrl":"https:\/\/equa.ee\/meditsiin\/wp-content\/uploads\/2019\/03\/equa-logo-vari-retina-1.png","width":250,"height":151,"caption":"Equa"},"image":{"@id":"https:\/\/equa.ee\/meditsiin\/#\/schema\/logo\/image\/"},"sameAs":["https:\/\/www.facebook.com\/EQUAOU\/"]}]}},"_links":{"self":[{"href":"https:\/\/equa.ee\/meditsiin\/wp-json\/wp\/v2\/pages\/86","targetHints":{"allow":["GET"]}}],"collection":[{"href":"https:\/\/equa.ee\/meditsiin\/wp-json\/wp\/v2\/pages"}],"about":[{"href":"https:\/\/equa.ee\/meditsiin\/wp-json\/wp\/v2\/types\/page"}],"author":[{"embeddable":true,"href":"https:\/\/equa.ee\/meditsiin\/wp-json\/wp\/v2\/users\/2"}],"replies":[{"embeddable":true,"href":"https:\/\/equa.ee\/meditsiin\/wp-json\/wp\/v2\/comments?post=86"}],"version-history":[{"count":21,"href":"https:\/\/equa.ee\/meditsiin\/wp-json\/wp\/v2\/pages\/86\/revisions"}],"predecessor-version":[{"id":8631,"href":"https:\/\/equa.ee\/meditsiin\/wp-json\/wp\/v2\/pages\/86\/revisions\/8631"}],"wp:attachment":[{"href":"https:\/\/equa.ee\/meditsiin\/wp-json\/wp\/v2\/media?parent=86"}],"curies":[{"name":"wp","href":"https:\/\/api.w.org\/{rel}","templated":true}]}}