{"id":108,"date":"2019-04-21T12:34:25","date_gmt":"2019-04-21T12:34:25","guid":{"rendered":"https:\/\/equa.ee\/meditsiin\/?page_id=108"},"modified":"2020-08-31T12:09:51","modified_gmt":"2020-08-31T12:09:51","slug":"haiglavoodid","status":"publish","type":"page","link":"https:\/\/equa.ee\/meditsiin\/tooted\/haiglavoodid\/","title":{"rendered":"Haiglavoodid"},"content":{"rendered":"\t\t<div data-elementor-type=\"wp-post\" data-elementor-id=\"108\" class=\"elementor elementor-108\" data-elementor-post-type=\"page\">\n\t\t\t\t\t\t<section class=\"elementor-section elementor-top-section elementor-element elementor-element-972dacb elementor-section-stretched elementor-section-full_width elementor-section-height-default elementor-section-height-default\" data-id=\"972dacb\" data-element_type=\"section\" data-e-type=\"section\" data-settings=\"{&quot;stretch_section&quot;:&quot;section-stretched&quot;}\">\n\t\t\t\t\t\t<div class=\"elementor-container elementor-column-gap-no\">\n\t\t\t\t\t<div class=\"elementor-column elementor-col-100 elementor-top-column elementor-element elementor-element-2c4ce36\" data-id=\"2c4ce36\" data-element_type=\"column\" data-e-type=\"column\">\n\t\t\t<div class=\"elementor-widget-wrap elementor-element-populated\">\n\t\t\t\t\t\t<div class=\"elementor-element elementor-element-f9a7168 elementor-widget elementor-widget-template\" data-id=\"f9a7168\" data-element_type=\"widget\" data-e-type=\"widget\" data-widget_type=\"template.default\">\n\t\t\t\t<div class=\"elementor-widget-container\">\n\t\t\t\t\t\t\t<div class=\"elementor-template\">\n\t\t\t\t\t<div data-elementor-type=\"section\" data-elementor-id=\"354\" class=\"elementor elementor-354\" data-elementor-post-type=\"elementor_library\">\n\t\t\t\t\t<section class=\"elementor-section elementor-top-section elementor-element elementor-element-10a5765 elementor-section-height-min-height elementor-hidden-tablet elementor-hidden-phone elementor-section-boxed elementor-section-height-default elementor-section-items-middle\" data-id=\"10a5765\" data-element_type=\"section\" data-e-type=\"section\" data-settings=\"{&quot;background_background&quot;:&quot;classic&quot;}\">\n\t\t\t\t\t\t<div class=\"elementor-container elementor-column-gap-no\">\n\t\t\t\t\t<div class=\"elementor-column elementor-col-100 elementor-top-column elementor-element elementor-element-4fb7d7c\" data-id=\"4fb7d7c\" data-element_type=\"column\" data-e-type=\"column\">\n\t\t\t<div class=\"elementor-widget-wrap elementor-element-populated\">\n\t\t\t\t\t\t\t<\/div>\n\t\t<\/div>\n\t\t\t\t\t<\/div>\n\t\t<\/section>\n\t\t\t\t<\/div>\n\t\t\t\t<\/div>\n\t\t\t\t\t\t<\/div>\n\t\t\t\t<\/div>\n\t\t\t\t\t<\/div>\n\t\t<\/div>\n\t\t\t\t\t<\/div>\n\t\t<\/section>\n\t\t\t\t<section class=\"elementor-section elementor-top-section elementor-element elementor-element-5e726e1 elementor-section-boxed elementor-section-height-default elementor-section-height-default\" data-id=\"5e726e1\" data-element_type=\"section\" data-e-type=\"section\">\n\t\t\t\t\t\t<div class=\"elementor-container elementor-column-gap-default\">\n\t\t\t\t\t<div class=\"elementor-column elementor-col-100 elementor-top-column elementor-element elementor-element-29f4a58\" data-id=\"29f4a58\" data-element_type=\"column\" data-e-type=\"column\">\n\t\t\t<div class=\"elementor-widget-wrap elementor-element-populated\">\n\t\t\t\t\t\t<div class=\"elementor-element elementor-element-5169b28 elementor-posts--align-center elementor-grid-3 elementor-grid-tablet-2 elementor-grid-mobile-1 elementor-posts--thumbnail-top elementor-card-shadow-yes elementor-posts__hover-gradient elementor-widget elementor-widget-posts\" data-id=\"5169b28\" data-element_type=\"widget\" data-e-type=\"widget\" data-settings=\"{&quot;cards_columns&quot;:&quot;3&quot;,&quot;cards_columns_tablet&quot;:&quot;2&quot;,&quot;cards_columns_mobile&quot;:&quot;1&quot;,&quot;cards_row_gap&quot;:{&quot;unit&quot;:&quot;px&quot;,&quot;size&quot;:35,&quot;sizes&quot;:[]},&quot;cards_row_gap_tablet&quot;:{&quot;unit&quot;:&quot;px&quot;,&quot;size&quot;:&quot;&quot;,&quot;sizes&quot;:[]},&quot;cards_row_gap_mobile&quot;:{&quot;unit&quot;:&quot;px&quot;,&quot;size&quot;:&quot;&quot;,&quot;sizes&quot;:[]}}\" data-widget_type=\"posts.cards\">\n\t\t\t\t<div class=\"elementor-widget-container\">\n\t\t\t\t\t\t\t<div class=\"elementor-posts-container elementor-posts elementor-posts--skin-cards elementor-grid\" role=\"list\">\n\t\t\t\t<article class=\"elementor-post elementor-grid-item post-7978 post type-post status-publish format-standard has-post-thumbnail hentry category-haiglavoodid entry has-media\" role=\"listitem\">\n\t\t\t<div class=\"elementor-post__card\">\n\t\t\t\t<a class=\"elementor-post__thumbnail__link\" href=\"https:\/\/equa.ee\/meditsiin\/equa-4008-hooldusvoodi\/\" tabindex=\"-1\" ><div class=\"elementor-post__thumbnail\"><img fetchpriority=\"high\" decoding=\"async\" width=\"575\" height=\"416\" src=\"https:\/\/equa.ee\/meditsiin\/wp-content\/uploads\/2020\/10\/Equa-4008-Hooldusvoodi.jpg\" class=\"attachment-large size-large wp-image-7983\" alt=\"\" srcset=\"https:\/\/equa.ee\/meditsiin\/wp-content\/uploads\/2020\/10\/Equa-4008-Hooldusvoodi.jpg 575w, https:\/\/equa.ee\/meditsiin\/wp-content\/uploads\/2020\/10\/Equa-4008-Hooldusvoodi-300x217.jpg 300w\" sizes=\"(max-width: 575px) 100vw, 575px\" \/><\/div><\/a>\n\t\t\t\t<div class=\"elementor-post__text\">\n\t\t\t\t<h3 class=\"elementor-post__title\">\n\t\t\t<a href=\"https:\/\/equa.ee\/meditsiin\/equa-4008-hooldusvoodi\/\" >\n\t\t\t\tEQUA-4008 Hooldusvoodi\t\t\t<\/a>\n\t\t<\/h3>\n\t\t\t\t<\/div>\n\t\t\t\t\t<\/div>\n\t\t<\/article>\n\t\t\t\t<article class=\"elementor-post elementor-grid-item post-7907 post type-post status-publish format-standard has-post-thumbnail hentry category-haiglavoodid entry has-media\" role=\"listitem\">\n\t\t\t<div class=\"elementor-post__card\">\n\t\t\t\t<a class=\"elementor-post__thumbnail__link\" href=\"https:\/\/equa.ee\/meditsiin\/equa-4001-hooldusvoodi\/\" tabindex=\"-1\" ><div class=\"elementor-post__thumbnail\"><img decoding=\"async\" width=\"790\" height=\"556\" src=\"https:\/\/equa.ee\/meditsiin\/wp-content\/uploads\/2020\/10\/Capture-4.jpg\" class=\"attachment-large size-large wp-image-8009\" alt=\"\" srcset=\"https:\/\/equa.ee\/meditsiin\/wp-content\/uploads\/2020\/10\/Capture-4.jpg 790w, https:\/\/equa.ee\/meditsiin\/wp-content\/uploads\/2020\/10\/Capture-4-300x211.jpg 300w, https:\/\/equa.ee\/meditsiin\/wp-content\/uploads\/2020\/10\/Capture-4-768x541.jpg 768w\" sizes=\"(max-width: 790px) 100vw, 790px\" \/><\/div><\/a>\n\t\t\t\t<div class=\"elementor-post__text\">\n\t\t\t\t<h3 class=\"elementor-post__title\">\n\t\t\t<a href=\"https:\/\/equa.ee\/meditsiin\/equa-4001-hooldusvoodi\/\" >\n\t\t\t\tEQUA-4001 Hooldusvoodi\t\t\t<\/a>\n\t\t<\/h3>\n\t\t\t\t<\/div>\n\t\t\t\t\t<\/div>\n\t\t<\/article>\n\t\t\t\t<article class=\"elementor-post elementor-grid-item post-3882 post type-post status-publish format-standard has-post-thumbnail hentry category-haiglavoodid entry has-media\" role=\"listitem\">\n\t\t\t<div class=\"elementor-post__card\">\n\t\t\t\t<a class=\"elementor-post__thumbnail__link\" href=\"https:\/\/equa.ee\/meditsiin\/equa-4004-hooldusvoodi\/\" tabindex=\"-1\" ><div class=\"elementor-post__thumbnail\"><img decoding=\"async\" width=\"450\" height=\"448\" src=\"https:\/\/equa.ee\/meditsiin\/wp-content\/uploads\/2019\/07\/Equa-4004-Haigla-ja-hooldusvoodi.jpg\" class=\"attachment-large size-large wp-image-3883\" alt=\"\" srcset=\"https:\/\/equa.ee\/meditsiin\/wp-content\/uploads\/2019\/07\/Equa-4004-Haigla-ja-hooldusvoodi.jpg 450w, https:\/\/equa.ee\/meditsiin\/wp-content\/uploads\/2019\/07\/Equa-4004-Haigla-ja-hooldusvoodi-150x150.jpg 150w, https:\/\/equa.ee\/meditsiin\/wp-content\/uploads\/2019\/07\/Equa-4004-Haigla-ja-hooldusvoodi-300x300.jpg 300w\" sizes=\"(max-width: 450px) 100vw, 450px\" \/><\/div><\/a>\n\t\t\t\t<div class=\"elementor-post__text\">\n\t\t\t\t<h3 class=\"elementor-post__title\">\n\t\t\t<a href=\"https:\/\/equa.ee\/meditsiin\/equa-4004-hooldusvoodi\/\" >\n\t\t\t\tEQUA-4004 Hooldusvoodi t\u00f5stetava peatsiga\t\t\t<\/a>\n\t\t<\/h3>\n\t\t\t\t<\/div>\n\t\t\t\t\t<\/div>\n\t\t<\/article>\n\t\t\t\t<article class=\"elementor-post elementor-grid-item post-4174 post type-post status-publish format-standard has-post-thumbnail hentry category-haiglavoodid entry has-media\" role=\"listitem\">\n\t\t\t<div class=\"elementor-post__card\">\n\t\t\t\t<a class=\"elementor-post__thumbnail__link\" href=\"https:\/\/equa.ee\/meditsiin\/equa-4002-hooldusvoodi\/\" tabindex=\"-1\" ><div class=\"elementor-post__thumbnail\"><img loading=\"lazy\" decoding=\"async\" width=\"900\" height=\"900\" src=\"https:\/\/equa.ee\/meditsiin\/wp-content\/uploads\/2020\/04\/HAIGLAVOODID_uus.png\" class=\"attachment-large size-large wp-image-5457\" alt=\"\" srcset=\"https:\/\/equa.ee\/meditsiin\/wp-content\/uploads\/2020\/04\/HAIGLAVOODID_uus.png 900w, https:\/\/equa.ee\/meditsiin\/wp-content\/uploads\/2020\/04\/HAIGLAVOODID_uus-300x300.png 300w, https:\/\/equa.ee\/meditsiin\/wp-content\/uploads\/2020\/04\/HAIGLAVOODID_uus-150x150.png 150w, https:\/\/equa.ee\/meditsiin\/wp-content\/uploads\/2020\/04\/HAIGLAVOODID_uus-768x768.png 768w\" sizes=\"(max-width: 900px) 100vw, 900px\" \/><\/div><\/a>\n\t\t\t\t<div class=\"elementor-post__text\">\n\t\t\t\t<h3 class=\"elementor-post__title\">\n\t\t\t<a href=\"https:\/\/equa.ee\/meditsiin\/equa-4002-hooldusvoodi\/\" >\n\t\t\t\tEQUA-4002 Hooldusvoodi\t\t\t<\/a>\n\t\t<\/h3>\n\t\t\t\t<\/div>\n\t\t\t\t\t<\/div>\n\t\t<\/article>\n\t\t\t\t<article class=\"elementor-post elementor-grid-item post-3877 post type-post status-publish format-standard has-post-thumbnail hentry category-haiglavoodid entry has-media\" role=\"listitem\">\n\t\t\t<div class=\"elementor-post__card\">\n\t\t\t\t<a class=\"elementor-post__thumbnail__link\" href=\"https:\/\/equa.ee\/meditsiin\/equa-4003-voodimadrats\/\" tabindex=\"-1\" ><div class=\"elementor-post__thumbnail\"><img loading=\"lazy\" decoding=\"async\" width=\"450\" height=\"450\" src=\"https:\/\/equa.ee\/meditsiin\/wp-content\/uploads\/2019\/07\/Equa-4003-H\u00fcgieeniline-madrats-.jpg\" class=\"attachment-large size-large wp-image-3878\" alt=\"\" srcset=\"https:\/\/equa.ee\/meditsiin\/wp-content\/uploads\/2019\/07\/Equa-4003-H\u00fcgieeniline-madrats-.jpg 450w, https:\/\/equa.ee\/meditsiin\/wp-content\/uploads\/2019\/07\/Equa-4003-H\u00fcgieeniline-madrats--150x150.jpg 150w, https:\/\/equa.ee\/meditsiin\/wp-content\/uploads\/2019\/07\/Equa-4003-H\u00fcgieeniline-madrats--300x300.jpg 300w\" sizes=\"(max-width: 450px) 100vw, 450px\" \/><\/div><\/a>\n\t\t\t\t<div class=\"elementor-post__text\">\n\t\t\t\t<h3 class=\"elementor-post__title\">\n\t\t\t<a href=\"https:\/\/equa.ee\/meditsiin\/equa-4003-voodimadrats\/\" >\n\t\t\t\tEQUA-4003 Voodimadrats\t\t\t<\/a>\n\t\t<\/h3>\n\t\t\t\t<\/div>\n\t\t\t\t\t<\/div>\n\t\t<\/article>\n\t\t\t\t<article class=\"elementor-post elementor-grid-item post-4345 post type-post status-publish format-standard has-post-thumbnail hentry category-haiglavoodid category-labivaatuslauad entry has-media\" role=\"listitem\">\n\t\t\t<div class=\"elementor-post__card\">\n\t\t\t\t<a class=\"elementor-post__thumbnail__link\" href=\"https:\/\/equa.ee\/meditsiin\/equa-geriaatriline-transporditool\/\" tabindex=\"-1\" ><div class=\"elementor-post__thumbnail\"><img loading=\"lazy\" decoding=\"async\" width=\"810\" height=\"631\" src=\"https:\/\/equa.ee\/meditsiin\/wp-content\/uploads\/2020\/01\/geri-voodi.jpg\" class=\"attachment-large size-large wp-image-4348\" alt=\"\" srcset=\"https:\/\/equa.ee\/meditsiin\/wp-content\/uploads\/2020\/01\/geri-voodi.jpg 810w, https:\/\/equa.ee\/meditsiin\/wp-content\/uploads\/2020\/01\/geri-voodi-300x234.jpg 300w, https:\/\/equa.ee\/meditsiin\/wp-content\/uploads\/2020\/01\/geri-voodi-768x598.jpg 768w\" sizes=\"(max-width: 810px) 100vw, 810px\" \/><\/div><\/a>\n\t\t\t\t<div class=\"elementor-post__text\">\n\t\t\t\t<h3 class=\"elementor-post__title\">\n\t\t\t<a href=\"https:\/\/equa.ee\/meditsiin\/equa-geriaatriline-transporditool\/\" >\n\t\t\t\tEQUA-6004 Geriaatriline transporditool\t\t\t<\/a>\n\t\t<\/h3>\n\t\t\t\t<\/div>\n\t\t\t\t\t<\/div>\n\t\t<\/article>\n\t\t\t\t<\/div>\n\t\t\n\t\t\t\t\t\t<\/div>\n\t\t\t\t<\/div>\n\t\t\t\t\t<\/div>\n\t\t<\/div>\n\t\t\t\t\t<\/div>\n\t\t<\/section>\n\t\t\t\t<section class=\"elementor-section elementor-top-section elementor-element elementor-element-da2cce9 elementor-section-boxed elementor-section-height-default elementor-section-height-default\" data-id=\"da2cce9\" data-element_type=\"section\" data-e-type=\"section\">\n\t\t\t\t\t\t<div class=\"elementor-container elementor-column-gap-default\">\n\t\t\t\t\t<div class=\"elementor-column elementor-col-100 elementor-top-column elementor-element elementor-element-20a031b\" data-id=\"20a031b\" data-element_type=\"column\" data-e-type=\"column\">\n\t\t\t<div class=\"elementor-widget-wrap elementor-element-populated\">\n\t\t\t\t\t\t<div class=\"elementor-element elementor-element-cb86b26 elementor-widget elementor-widget-spacer\" data-id=\"cb86b26\" data-element_type=\"widget\" data-e-type=\"widget\" data-widget_type=\"spacer.default\">\n\t\t\t\t<div class=\"elementor-widget-container\">\n\t\t\t\t\t\t\t<div class=\"elementor-spacer\">\n\t\t\t<div class=\"elementor-spacer-inner\"><\/div>\n\t\t<\/div>\n\t\t\t\t\t\t<\/div>\n\t\t\t\t<\/div>\n\t\t\t\t\t<\/div>\n\t\t<\/div>\n\t\t\t\t\t<\/div>\n\t\t<\/section>\n\t\t\t\t<\/div>\n\t\t","protected":false},"excerpt":{"rendered":"","protected":false},"author":2,"featured_media":5457,"parent":30,"menu_order":0,"comment_status":"closed","ping_status":"closed","template":"","meta":{"_acf_changed":false,"_monsterinsights_skip_tracking":false,"_monsterinsights_sitenote_active":false,"_monsterinsights_sitenote_note":"","_monsterinsights_sitenote_category":0,"ocean_post_layout":"","ocean_both_sidebars_style":"","ocean_both_sidebars_content_width":0,"ocean_both_sidebars_sidebars_width":0,"ocean_sidebar":"0","ocean_second_sidebar":"0","ocean_disable_margins":"on","ocean_add_body_class":"","ocean_shortcode_before_top_bar":"","ocean_shortcode_after_top_bar":"","ocean_shortcode_before_header":"","ocean_shortcode_after_header":"","ocean_has_shortcode":"","ocean_shortcode_after_title":"","ocean_shortcode_before_footer_widgets":"","ocean_shortcode_after_footer_widgets":"","ocean_shortcode_before_footer_bottom":"","ocean_shortcode_after_footer_bottom":"","ocean_display_top_bar":"default","ocean_display_header":"default","ocean_header_style":"","ocean_center_header_left_menu":"0","ocean_custom_header_template":"0","ocean_custom_logo":0,"ocean_custom_retina_logo":0,"ocean_custom_logo_max_width":0,"ocean_custom_logo_tablet_max_width":0,"ocean_custom_logo_mobile_max_width":0,"ocean_custom_logo_max_height":0,"ocean_custom_logo_tablet_max_height":0,"ocean_custom_logo_mobile_max_height":0,"ocean_header_custom_menu":"0","ocean_menu_typo_font_family":"0","ocean_menu_typo_font_subset":"","ocean_menu_typo_font_size":0,"ocean_menu_typo_font_size_tablet":0,"ocean_menu_typo_font_size_mobile":0,"ocean_menu_typo_font_size_unit":"px","ocean_menu_typo_font_weight":"","ocean_menu_typo_font_weight_tablet":"","ocean_menu_typo_font_weight_mobile":"","ocean_menu_typo_transform":"","ocean_menu_typo_transform_tablet":"","ocean_menu_typo_transform_mobile":"","ocean_menu_typo_line_height":0,"ocean_menu_typo_line_height_tablet":0,"ocean_menu_typo_line_height_mobile":0,"ocean_menu_typo_line_height_unit":"","ocean_menu_typo_spacing":0,"ocean_menu_typo_spacing_tablet":0,"ocean_menu_typo_spacing_mobile":0,"ocean_menu_typo_spacing_unit":"","ocean_menu_link_color":"","ocean_menu_link_color_hover":"","ocean_menu_link_color_active":"","ocean_menu_link_background":"","ocean_menu_link_hover_background":"","ocean_menu_link_active_background":"","ocean_menu_social_links_bg":"","ocean_menu_social_hover_links_bg":"","ocean_menu_social_links_color":"","ocean_menu_social_hover_links_color":"","ocean_disable_title":"on","ocean_disable_heading":"default","ocean_post_title":"","ocean_post_subheading":"","ocean_post_title_style":"","ocean_post_title_background_color":"","ocean_post_title_background":0,"ocean_post_title_bg_image_position":"","ocean_post_title_bg_image_attachment":"","ocean_post_title_bg_image_repeat":"","ocean_post_title_bg_image_size":"","ocean_post_title_height":0,"ocean_post_title_bg_overlay":0.5,"ocean_post_title_bg_overlay_color":"","ocean_disable_breadcrumbs":"default","ocean_breadcrumbs_color":"","ocean_breadcrumbs_separator_color":"","ocean_breadcrumbs_links_color":"","ocean_breadcrumbs_links_hover_color":"","ocean_display_footer_widgets":"default","ocean_display_footer_bottom":"default","ocean_custom_footer_template":"0","footnotes":""},"class_list":["post-108","page","type-page","status-publish","has-post-thumbnail","hentry","entry","has-media"],"acf":[],"yoast_head":"<!-- This site is optimized with the Yoast SEO plugin v27.3 - https:\/\/yoast.com\/product\/yoast-seo-wordpress\/ -->\n<title>Haiglavoodid - Equa Meditsiin -Haiglavoodid<\/title>\n<meta name=\"description\" content=\"Equa pakub haiglavoodeid ja hooldusvoodeid nii omataoodanguna kui ka tooteid oma headelt koost\u00f6\u00f6partneritelt. K\u00fcsi endale sobivat lahendust.\" \/>\n<meta name=\"robots\" content=\"index, follow, max-snippet:-1, max-image-preview:large, max-video-preview:-1\" \/>\n<link rel=\"canonical\" href=\"https:\/\/equa.ee\/meditsiin\/tooted\/haiglavoodid\/\" \/>\n<meta property=\"og:locale\" content=\"et_EE\" \/>\n<meta property=\"og:type\" content=\"article\" \/>\n<meta property=\"og:title\" content=\"Haiglavoodid - Equa Meditsiin -Haiglavoodid\" \/>\n<meta property=\"og:description\" content=\"Equa pakub haiglavoodeid ja hooldusvoodeid nii omataoodanguna kui ka tooteid oma headelt koost\u00f6\u00f6partneritelt. K\u00fcsi endale sobivat lahendust.\" \/>\n<meta property=\"og:url\" content=\"https:\/\/equa.ee\/meditsiin\/tooted\/haiglavoodid\/\" \/>\n<meta property=\"og:site_name\" content=\"Equa Meditsiin\" \/>\n<meta property=\"article:publisher\" content=\"https:\/\/www.facebook.com\/EQUAOU\/\" \/>\n<meta property=\"article:modified_time\" content=\"2020-08-31T12:09:51+00:00\" \/>\n<meta property=\"og:image\" content=\"https:\/\/equa.ee\/meditsiin\/wp-content\/uploads\/2020\/04\/HAIGLAVOODID_uus.png\" \/>\n\t<meta property=\"og:image:width\" content=\"900\" \/>\n\t<meta property=\"og:image:height\" content=\"900\" \/>\n\t<meta property=\"og:image:type\" content=\"image\/png\" \/>\n<meta name=\"twitter:card\" content=\"summary_large_image\" \/>\n<script type=\"application\/ld+json\" class=\"yoast-schema-graph\">{\"@context\":\"https:\\\/\\\/schema.org\",\"@graph\":[{\"@type\":\"WebPage\",\"@id\":\"https:\\\/\\\/equa.ee\\\/meditsiin\\\/tooted\\\/haiglavoodid\\\/\",\"url\":\"https:\\\/\\\/equa.ee\\\/meditsiin\\\/tooted\\\/haiglavoodid\\\/\",\"name\":\"Haiglavoodid - Equa Meditsiin -Haiglavoodid\",\"isPartOf\":{\"@id\":\"https:\\\/\\\/equa.ee\\\/meditsiin\\\/#website\"},\"primaryImageOfPage\":{\"@id\":\"https:\\\/\\\/equa.ee\\\/meditsiin\\\/tooted\\\/haiglavoodid\\\/#primaryimage\"},\"image\":{\"@id\":\"https:\\\/\\\/equa.ee\\\/meditsiin\\\/tooted\\\/haiglavoodid\\\/#primaryimage\"},\"thumbnailUrl\":\"https:\\\/\\\/equa.ee\\\/meditsiin\\\/wp-content\\\/uploads\\\/2020\\\/04\\\/HAIGLAVOODID_uus.png\",\"datePublished\":\"2019-04-21T12:34:25+00:00\",\"dateModified\":\"2020-08-31T12:09:51+00:00\",\"description\":\"Equa pakub haiglavoodeid ja hooldusvoodeid nii omataoodanguna kui ka tooteid oma headelt koost\u00f6\u00f6partneritelt. K\u00fcsi endale sobivat lahendust.\",\"breadcrumb\":{\"@id\":\"https:\\\/\\\/equa.ee\\\/meditsiin\\\/tooted\\\/haiglavoodid\\\/#breadcrumb\"},\"inLanguage\":\"et\",\"potentialAction\":[{\"@type\":\"ReadAction\",\"target\":[\"https:\\\/\\\/equa.ee\\\/meditsiin\\\/tooted\\\/haiglavoodid\\\/\"]}]},{\"@type\":\"ImageObject\",\"inLanguage\":\"et\",\"@id\":\"https:\\\/\\\/equa.ee\\\/meditsiin\\\/tooted\\\/haiglavoodid\\\/#primaryimage\",\"url\":\"https:\\\/\\\/equa.ee\\\/meditsiin\\\/wp-content\\\/uploads\\\/2020\\\/04\\\/HAIGLAVOODID_uus.png\",\"contentUrl\":\"https:\\\/\\\/equa.ee\\\/meditsiin\\\/wp-content\\\/uploads\\\/2020\\\/04\\\/HAIGLAVOODID_uus.png\",\"width\":900,\"height\":900},{\"@type\":\"BreadcrumbList\",\"@id\":\"https:\\\/\\\/equa.ee\\\/meditsiin\\\/tooted\\\/haiglavoodid\\\/#breadcrumb\",\"itemListElement\":[{\"@type\":\"ListItem\",\"position\":1,\"name\":\"Equa\",\"item\":\"https:\\\/\\\/equa.ee\\\/meditsiin\\\/\"},{\"@type\":\"ListItem\",\"position\":2,\"name\":\"tooted\",\"item\":\"https:\\\/\\\/equa.ee\\\/meditsiin\\\/tooted\\\/\"},{\"@type\":\"ListItem\",\"position\":3,\"name\":\"Haiglavoodid\"}]},{\"@type\":\"WebSite\",\"@id\":\"https:\\\/\\\/equa.ee\\\/meditsiin\\\/#website\",\"url\":\"https:\\\/\\\/equa.ee\\\/meditsiin\\\/\",\"name\":\"Equa\",\"description\":\"Equa meditsiinitooted\",\"publisher\":{\"@id\":\"https:\\\/\\\/equa.ee\\\/meditsiin\\\/#organization\"},\"potentialAction\":[{\"@type\":\"SearchAction\",\"target\":{\"@type\":\"EntryPoint\",\"urlTemplate\":\"https:\\\/\\\/equa.ee\\\/meditsiin\\\/?s={search_term_string}\"},\"query-input\":{\"@type\":\"PropertyValueSpecification\",\"valueRequired\":true,\"valueName\":\"search_term_string\"}}],\"inLanguage\":\"et\"},{\"@type\":\"Organization\",\"@id\":\"https:\\\/\\\/equa.ee\\\/meditsiin\\\/#organization\",\"name\":\"Equa\",\"url\":\"https:\\\/\\\/equa.ee\\\/meditsiin\\\/\",\"logo\":{\"@type\":\"ImageObject\",\"inLanguage\":\"et\",\"@id\":\"https:\\\/\\\/equa.ee\\\/meditsiin\\\/#\\\/schema\\\/logo\\\/image\\\/\",\"url\":\"https:\\\/\\\/equa.ee\\\/meditsiin\\\/wp-content\\\/uploads\\\/2019\\\/03\\\/equa-logo-vari-retina-1.png\",\"contentUrl\":\"https:\\\/\\\/equa.ee\\\/meditsiin\\\/wp-content\\\/uploads\\\/2019\\\/03\\\/equa-logo-vari-retina-1.png\",\"width\":250,\"height\":151,\"caption\":\"Equa\"},\"image\":{\"@id\":\"https:\\\/\\\/equa.ee\\\/meditsiin\\\/#\\\/schema\\\/logo\\\/image\\\/\"},\"sameAs\":[\"https:\\\/\\\/www.facebook.com\\\/EQUAOU\\\/\"]}]}<\/script>\n<!-- \/ Yoast SEO plugin. -->","yoast_head_json":{"title":"Haiglavoodid - Equa Meditsiin -Haiglavoodid","description":"Equa pakub haiglavoodeid ja hooldusvoodeid nii omataoodanguna kui ka tooteid oma headelt koost\u00f6\u00f6partneritelt. K\u00fcsi endale sobivat lahendust.","robots":{"index":"index","follow":"follow","max-snippet":"max-snippet:-1","max-image-preview":"max-image-preview:large","max-video-preview":"max-video-preview:-1"},"canonical":"https:\/\/equa.ee\/meditsiin\/tooted\/haiglavoodid\/","og_locale":"et_EE","og_type":"article","og_title":"Haiglavoodid - Equa Meditsiin -Haiglavoodid","og_description":"Equa pakub haiglavoodeid ja hooldusvoodeid nii omataoodanguna kui ka tooteid oma headelt koost\u00f6\u00f6partneritelt. K\u00fcsi endale sobivat lahendust.","og_url":"https:\/\/equa.ee\/meditsiin\/tooted\/haiglavoodid\/","og_site_name":"Equa Meditsiin","article_publisher":"https:\/\/www.facebook.com\/EQUAOU\/","article_modified_time":"2020-08-31T12:09:51+00:00","og_image":[{"width":900,"height":900,"url":"https:\/\/equa.ee\/meditsiin\/wp-content\/uploads\/2020\/04\/HAIGLAVOODID_uus.png","type":"image\/png"}],"twitter_card":"summary_large_image","schema":{"@context":"https:\/\/schema.org","@graph":[{"@type":"WebPage","@id":"https:\/\/equa.ee\/meditsiin\/tooted\/haiglavoodid\/","url":"https:\/\/equa.ee\/meditsiin\/tooted\/haiglavoodid\/","name":"Haiglavoodid - Equa Meditsiin -Haiglavoodid","isPartOf":{"@id":"https:\/\/equa.ee\/meditsiin\/#website"},"primaryImageOfPage":{"@id":"https:\/\/equa.ee\/meditsiin\/tooted\/haiglavoodid\/#primaryimage"},"image":{"@id":"https:\/\/equa.ee\/meditsiin\/tooted\/haiglavoodid\/#primaryimage"},"thumbnailUrl":"https:\/\/equa.ee\/meditsiin\/wp-content\/uploads\/2020\/04\/HAIGLAVOODID_uus.png","datePublished":"2019-04-21T12:34:25+00:00","dateModified":"2020-08-31T12:09:51+00:00","description":"Equa pakub haiglavoodeid ja hooldusvoodeid nii omataoodanguna kui ka tooteid oma headelt koost\u00f6\u00f6partneritelt. K\u00fcsi endale sobivat lahendust.","breadcrumb":{"@id":"https:\/\/equa.ee\/meditsiin\/tooted\/haiglavoodid\/#breadcrumb"},"inLanguage":"et","potentialAction":[{"@type":"ReadAction","target":["https:\/\/equa.ee\/meditsiin\/tooted\/haiglavoodid\/"]}]},{"@type":"ImageObject","inLanguage":"et","@id":"https:\/\/equa.ee\/meditsiin\/tooted\/haiglavoodid\/#primaryimage","url":"https:\/\/equa.ee\/meditsiin\/wp-content\/uploads\/2020\/04\/HAIGLAVOODID_uus.png","contentUrl":"https:\/\/equa.ee\/meditsiin\/wp-content\/uploads\/2020\/04\/HAIGLAVOODID_uus.png","width":900,"height":900},{"@type":"BreadcrumbList","@id":"https:\/\/equa.ee\/meditsiin\/tooted\/haiglavoodid\/#breadcrumb","itemListElement":[{"@type":"ListItem","position":1,"name":"Equa","item":"https:\/\/equa.ee\/meditsiin\/"},{"@type":"ListItem","position":2,"name":"tooted","item":"https:\/\/equa.ee\/meditsiin\/tooted\/"},{"@type":"ListItem","position":3,"name":"Haiglavoodid"}]},{"@type":"WebSite","@id":"https:\/\/equa.ee\/meditsiin\/#website","url":"https:\/\/equa.ee\/meditsiin\/","name":"Equa","description":"Equa meditsiinitooted","publisher":{"@id":"https:\/\/equa.ee\/meditsiin\/#organization"},"potentialAction":[{"@type":"SearchAction","target":{"@type":"EntryPoint","urlTemplate":"https:\/\/equa.ee\/meditsiin\/?s={search_term_string}"},"query-input":{"@type":"PropertyValueSpecification","valueRequired":true,"valueName":"search_term_string"}}],"inLanguage":"et"},{"@type":"Organization","@id":"https:\/\/equa.ee\/meditsiin\/#organization","name":"Equa","url":"https:\/\/equa.ee\/meditsiin\/","logo":{"@type":"ImageObject","inLanguage":"et","@id":"https:\/\/equa.ee\/meditsiin\/#\/schema\/logo\/image\/","url":"https:\/\/equa.ee\/meditsiin\/wp-content\/uploads\/2019\/03\/equa-logo-vari-retina-1.png","contentUrl":"https:\/\/equa.ee\/meditsiin\/wp-content\/uploads\/2019\/03\/equa-logo-vari-retina-1.png","width":250,"height":151,"caption":"Equa"},"image":{"@id":"https:\/\/equa.ee\/meditsiin\/#\/schema\/logo\/image\/"},"sameAs":["https:\/\/www.facebook.com\/EQUAOU\/"]}]}},"_links":{"self":[{"href":"https:\/\/equa.ee\/meditsiin\/wp-json\/wp\/v2\/pages\/108","targetHints":{"allow":["GET"]}}],"collection":[{"href":"https:\/\/equa.ee\/meditsiin\/wp-json\/wp\/v2\/pages"}],"about":[{"href":"https:\/\/equa.ee\/meditsiin\/wp-json\/wp\/v2\/types\/page"}],"author":[{"embeddable":true,"href":"https:\/\/equa.ee\/meditsiin\/wp-json\/wp\/v2\/users\/2"}],"replies":[{"embeddable":true,"href":"https:\/\/equa.ee\/meditsiin\/wp-json\/wp\/v2\/comments?post=108"}],"version-history":[{"count":10,"href":"https:\/\/equa.ee\/meditsiin\/wp-json\/wp\/v2\/pages\/108\/revisions"}],"predecessor-version":[{"id":6319,"href":"https:\/\/equa.ee\/meditsiin\/wp-json\/wp\/v2\/pages\/108\/revisions\/6319"}],"up":[{"embeddable":true,"href":"https:\/\/equa.ee\/meditsiin\/wp-json\/wp\/v2\/pages\/30"}],"wp:featuredmedia":[{"embeddable":true,"href":"https:\/\/equa.ee\/meditsiin\/wp-json\/wp\/v2\/media\/5457"}],"wp:attachment":[{"href":"https:\/\/equa.ee\/meditsiin\/wp-json\/wp\/v2\/media?parent=108"}],"curies":[{"name":"wp","href":"https:\/\/api.w.org\/{rel}","templated":true}]}}