{"id":464,"date":"2019-07-03T18:13:27","date_gmt":"2019-07-03T18:13:27","guid":{"rendered":"https:\/\/equa.ee\/fusioteraapia\/?page_id=464"},"modified":"2023-03-24T07:04:58","modified_gmt":"2023-03-24T07:04:58","slug":"fusioteraapia-lauad","status":"publish","type":"page","link":"https:\/\/equa.ee\/fusioteraapia\/tooted\/fusioteraapia-lauad\/","title":{"rendered":"F\u00fcsioteraapia lauad"},"content":{"rendered":"\t\t<div data-elementor-type=\"wp-post\" data-elementor-id=\"464\" class=\"elementor elementor-464\" data-elementor-post-type=\"page\">\n\t\t\t\t\t\t<section class=\"elementor-section elementor-top-section elementor-element elementor-element-b3c3605 elementor-section-stretched elementor-section-full_width elementor-section-height-default elementor-section-height-default\" data-id=\"b3c3605\" data-element_type=\"section\" data-e-type=\"section\" data-settings=\"{&quot;stretch_section&quot;:&quot;section-stretched&quot;}\">\n\t\t\t\t\t\t<div class=\"elementor-container elementor-column-gap-no\">\n\t\t\t\t\t<div class=\"elementor-column elementor-col-100 elementor-top-column elementor-element elementor-element-331d62b\" data-id=\"331d62b\" data-element_type=\"column\" data-e-type=\"column\">\n\t\t\t<div class=\"elementor-widget-wrap elementor-element-populated\">\n\t\t\t\t\t\t<div class=\"elementor-element elementor-element-733ac5e elementor-widget elementor-widget-template\" data-id=\"733ac5e\" data-element_type=\"widget\" data-e-type=\"widget\" data-widget_type=\"template.default\">\n\t\t\t\t<div class=\"elementor-widget-container\">\n\t\t\t\t\t\t\t<div class=\"elementor-template\">\n\t\t\t\t\t<div data-elementor-type=\"section\" data-elementor-id=\"354\" class=\"elementor elementor-354\" data-elementor-post-type=\"elementor_library\">\n\t\t\t\t\t<section class=\"elementor-section elementor-top-section elementor-element elementor-element-79c64ab elementor-section-height-min-height elementor-hidden-tablet elementor-hidden-phone elementor-section-boxed elementor-section-height-default elementor-section-items-middle\" data-id=\"79c64ab\" data-element_type=\"section\" data-e-type=\"section\" data-settings=\"{&quot;background_background&quot;:&quot;classic&quot;}\">\n\t\t\t\t\t\t<div class=\"elementor-container elementor-column-gap-no\">\n\t\t\t\t\t<div class=\"elementor-column elementor-col-100 elementor-top-column elementor-element elementor-element-7c059c5\" data-id=\"7c059c5\" data-element_type=\"column\" data-e-type=\"column\">\n\t\t\t<div class=\"elementor-widget-wrap elementor-element-populated\">\n\t\t\t\t\t\t\t<\/div>\n\t\t<\/div>\n\t\t\t\t\t<\/div>\n\t\t<\/section>\n\t\t\t\t<\/div>\n\t\t\t\t<\/div>\n\t\t\t\t\t\t<\/div>\n\t\t\t\t<\/div>\n\t\t\t\t\t<\/div>\n\t\t<\/div>\n\t\t\t\t\t<\/div>\n\t\t<\/section>\n\t\t\t\t<section class=\"elementor-section elementor-top-section elementor-element elementor-element-8bfd0b9 elementor-section-boxed elementor-section-height-default elementor-section-height-default\" data-id=\"8bfd0b9\" data-element_type=\"section\" data-e-type=\"section\">\n\t\t\t\t\t\t<div class=\"elementor-container elementor-column-gap-default\">\n\t\t\t\t\t<div class=\"elementor-column elementor-col-100 elementor-top-column elementor-element elementor-element-d5ced18\" data-id=\"d5ced18\" data-element_type=\"column\" data-e-type=\"column\">\n\t\t\t<div class=\"elementor-widget-wrap elementor-element-populated\">\n\t\t\t\t\t\t<div class=\"elementor-element elementor-element-9c9bf5d elementor-posts--align-center elementor-grid-3 elementor-grid-tablet-2 elementor-grid-mobile-1 elementor-posts--thumbnail-top elementor-card-shadow-yes elementor-posts__hover-gradient elementor-widget elementor-widget-posts\" data-id=\"9c9bf5d\" data-element_type=\"widget\" data-e-type=\"widget\" data-settings=\"{&quot;cards_columns&quot;:&quot;3&quot;,&quot;cards_columns_tablet&quot;:&quot;2&quot;,&quot;cards_columns_mobile&quot;:&quot;1&quot;,&quot;cards_row_gap&quot;:{&quot;unit&quot;:&quot;px&quot;,&quot;size&quot;:35,&quot;sizes&quot;:[]},&quot;cards_row_gap_tablet&quot;:{&quot;unit&quot;:&quot;px&quot;,&quot;size&quot;:&quot;&quot;,&quot;sizes&quot;:[]},&quot;cards_row_gap_mobile&quot;:{&quot;unit&quot;:&quot;px&quot;,&quot;size&quot;:&quot;&quot;,&quot;sizes&quot;:[]}}\" data-widget_type=\"posts.cards\">\n\t\t\t\t<div class=\"elementor-widget-container\">\n\t\t\t\t\t\t\t<div class=\"elementor-posts-container elementor-posts elementor-posts--skin-cards elementor-grid\" role=\"list\">\n\t\t\t\t<article class=\"elementor-post elementor-grid-item post-4011 post type-post status-publish format-standard has-post-thumbnail hentry category-fusioteraapia-lauad entry has-media\" role=\"listitem\">\n\t\t\t<div class=\"elementor-post__card\">\n\t\t\t\t<a class=\"elementor-post__thumbnail__link\" href=\"https:\/\/equa.ee\/fusioteraapia\/equa-1911-fusioteraapia-laud\/\" tabindex=\"-1\" ><div class=\"elementor-post__thumbnail\"><img fetchpriority=\"high\" decoding=\"async\" width=\"300\" height=\"300\" src=\"https:\/\/equa.ee\/fusioteraapia\/wp-content\/uploads\/2023\/02\/equa-1911-e-300x300.jpg\" class=\"attachment-medium size-medium wp-image-7586\" alt=\"F\u00fcsioteraapialaud ravi ja rehabilitatsiooni protseduurideks. Tugeva elektrimootori ja tsentraalsete rataste lukustusega. Lai polstri valik.\" srcset=\"https:\/\/equa.ee\/fusioteraapia\/wp-content\/uploads\/2023\/02\/equa-1911-e-300x300.jpg 300w, https:\/\/equa.ee\/fusioteraapia\/wp-content\/uploads\/2023\/02\/equa-1911-e-150x150.jpg 150w, https:\/\/equa.ee\/fusioteraapia\/wp-content\/uploads\/2023\/02\/equa-1911-e-768x768.jpg 768w, https:\/\/equa.ee\/fusioteraapia\/wp-content\/uploads\/2023\/02\/equa-1911-e-600x600.jpg 600w, https:\/\/equa.ee\/fusioteraapia\/wp-content\/uploads\/2023\/02\/equa-1911-e.jpg 900w\" sizes=\"(max-width: 300px) 100vw, 300px\" \/><\/div><\/a>\n\t\t\t\t<div class=\"elementor-post__text\">\n\t\t\t\t<h3 class=\"elementor-post__title\">\n\t\t\t<a href=\"https:\/\/equa.ee\/fusioteraapia\/equa-1911-fusioteraapia-laud\/\" >\n\t\t\t\tEQUA-1911 F\u00fcsioteraapia laud\t\t\t<\/a>\n\t\t<\/h3>\n\t\t\t\t<\/div>\n\t\t\t\t\t<\/div>\n\t\t<\/article>\n\t\t\t\t<article class=\"elementor-post elementor-grid-item post-4473 post type-post status-publish format-standard has-post-thumbnail hentry category-fusioteraapia-lauad category-massaazilauad entry has-media\" role=\"listitem\">\n\t\t\t<div class=\"elementor-post__card\">\n\t\t\t\t<a class=\"elementor-post__thumbnail__link\" href=\"https:\/\/equa.ee\/fusioteraapia\/equa-1922-paberirullihoidja\/\" tabindex=\"-1\" ><div class=\"elementor-post__thumbnail\"><img decoding=\"async\" width=\"300\" height=\"300\" src=\"https:\/\/equa.ee\/fusioteraapia\/wp-content\/uploads\/2020\/01\/Equa-1935-1908-paper-holder-1-300x300.jpg\" class=\"attachment-medium size-medium wp-image-11283\" alt=\"Equa-1935 2-mootoriga multifunktsionaalne massaa\u017eilaud professionaalidele. Keskmine osa t\u00f5stetav mootoriga, seljatugi manuaalselt. K\u00f5rgus reguleeritav v\u00f5imsa ja kvaliteetse Saksa tootja Hanning elektrimootori abil.\" srcset=\"https:\/\/equa.ee\/fusioteraapia\/wp-content\/uploads\/2020\/01\/Equa-1935-1908-paper-holder-1-300x300.jpg 300w, https:\/\/equa.ee\/fusioteraapia\/wp-content\/uploads\/2020\/01\/Equa-1935-1908-paper-holder-1-1024x1024.jpg 1024w, https:\/\/equa.ee\/fusioteraapia\/wp-content\/uploads\/2020\/01\/Equa-1935-1908-paper-holder-1-150x150.jpg 150w, https:\/\/equa.ee\/fusioteraapia\/wp-content\/uploads\/2020\/01\/Equa-1935-1908-paper-holder-1-768x768.jpg 768w, https:\/\/equa.ee\/fusioteraapia\/wp-content\/uploads\/2020\/01\/Equa-1935-1908-paper-holder-1-1536x1536.jpg 1536w, https:\/\/equa.ee\/fusioteraapia\/wp-content\/uploads\/2020\/01\/Equa-1935-1908-paper-holder-1-600x600.jpg 600w, https:\/\/equa.ee\/fusioteraapia\/wp-content\/uploads\/2020\/01\/Equa-1935-1908-paper-holder-1.jpg 2000w\" sizes=\"(max-width: 300px) 100vw, 300px\" \/><\/div><\/a>\n\t\t\t\t<div class=\"elementor-post__text\">\n\t\t\t\t<h3 class=\"elementor-post__title\">\n\t\t\t<a href=\"https:\/\/equa.ee\/fusioteraapia\/equa-1922-paberirullihoidja\/\" >\n\t\t\t\tEQUA-1922 Paberirullihoidja\t\t\t<\/a>\n\t\t<\/h3>\n\t\t\t\t<\/div>\n\t\t\t\t\t<\/div>\n\t\t<\/article>\n\t\t\t\t<article class=\"elementor-post elementor-grid-item post-3934 post type-post status-publish format-standard has-post-thumbnail hentry category-elektrilised-massaazilauad category-fusioteraapia-lauad category-massaazilauad entry has-media\" role=\"listitem\">\n\t\t\t<div class=\"elementor-post__card\">\n\t\t\t\t<a class=\"elementor-post__thumbnail__link\" href=\"https:\/\/equa.ee\/fusioteraapia\/equa-1935-2-mootoriga-massaazilaud\/\" tabindex=\"-1\" ><div class=\"elementor-post__thumbnail\"><img decoding=\"async\" width=\"300\" height=\"300\" src=\"https:\/\/equa.ee\/fusioteraapia\/wp-content\/uploads\/2020\/01\/Equa-1935-functions-300x300.jpg\" class=\"attachment-medium size-medium wp-image-11299\" alt=\"Equa-Prime-Max, toote koodiga Equa-1935 2-mootoriga multifunktsionaalne massaa\u017eilaud professionaalidele. Keskmine osa t\u00f5stetav mootoriga, seljatugi manuaalselt. K\u00f5rgus reguleeritav v\u00f5imsa ja kvaliteetse Saksa tootja Hanning elektrimootori abil.\" srcset=\"https:\/\/equa.ee\/fusioteraapia\/wp-content\/uploads\/2020\/01\/Equa-1935-functions-300x300.jpg 300w, https:\/\/equa.ee\/fusioteraapia\/wp-content\/uploads\/2020\/01\/Equa-1935-functions-1024x1024.jpg 1024w, https:\/\/equa.ee\/fusioteraapia\/wp-content\/uploads\/2020\/01\/Equa-1935-functions-150x150.jpg 150w, https:\/\/equa.ee\/fusioteraapia\/wp-content\/uploads\/2020\/01\/Equa-1935-functions-768x768.jpg 768w, https:\/\/equa.ee\/fusioteraapia\/wp-content\/uploads\/2020\/01\/Equa-1935-functions-1536x1536.jpg 1536w, https:\/\/equa.ee\/fusioteraapia\/wp-content\/uploads\/2020\/01\/Equa-1935-functions-600x600.jpg 600w, https:\/\/equa.ee\/fusioteraapia\/wp-content\/uploads\/2020\/01\/Equa-1935-functions.jpg 2000w\" sizes=\"(max-width: 300px) 100vw, 300px\" \/><\/div><\/a>\n\t\t\t\t<div class=\"elementor-post__text\">\n\t\t\t\t<h3 class=\"elementor-post__title\">\n\t\t\t<a href=\"https:\/\/equa.ee\/fusioteraapia\/equa-1935-2-mootoriga-massaazilaud\/\" >\n\t\t\t\tEQUA Prime Max 2-mootoriga massaa\u017eilaud\t\t\t<\/a>\n\t\t<\/h3>\n\t\t\t\t<\/div>\n\t\t\t\t\t<\/div>\n\t\t<\/article>\n\t\t\t\t<article class=\"elementor-post elementor-grid-item post-3966 post type-post status-publish format-standard has-post-thumbnail hentry category-elektrilised-massaazilauad category-fusioteraapia-lauad category-massaazilauad entry has-media\" role=\"listitem\">\n\t\t\t<div class=\"elementor-post__card\">\n\t\t\t\t<a class=\"elementor-post__thumbnail__link\" href=\"https:\/\/equa.ee\/fusioteraapia\/equa-1908-massaazilaud\/\" tabindex=\"-1\" ><div class=\"elementor-post__thumbnail\"><img loading=\"lazy\" decoding=\"async\" width=\"300\" height=\"300\" src=\"https:\/\/equa.ee\/fusioteraapia\/wp-content\/uploads\/2024\/12\/Equa-1908-masseur-Pink-300x300.jpg\" class=\"attachment-medium size-medium wp-image-11175\" alt=\"Roosa Equa Prime massaa\u017eilaud, koodiga Equa 1908 massaa\u017eilaud on \u00fclimalt ergonoomiline ja mugav patsiendile. Tugeva elektrimootoriga ja stabiilne laud. Saadaval palju erinevaid polstritoone ja kahte raami v\u00e4rvi. Eesti tootja alates 1995.\" srcset=\"https:\/\/equa.ee\/fusioteraapia\/wp-content\/uploads\/2024\/12\/Equa-1908-masseur-Pink-300x300.jpg 300w, https:\/\/equa.ee\/fusioteraapia\/wp-content\/uploads\/2024\/12\/Equa-1908-masseur-Pink-1024x1024.jpg 1024w, https:\/\/equa.ee\/fusioteraapia\/wp-content\/uploads\/2024\/12\/Equa-1908-masseur-Pink-150x150.jpg 150w, https:\/\/equa.ee\/fusioteraapia\/wp-content\/uploads\/2024\/12\/Equa-1908-masseur-Pink-768x768.jpg 768w, https:\/\/equa.ee\/fusioteraapia\/wp-content\/uploads\/2024\/12\/Equa-1908-masseur-Pink-1536x1536.jpg 1536w, https:\/\/equa.ee\/fusioteraapia\/wp-content\/uploads\/2024\/12\/Equa-1908-masseur-Pink-600x600.jpg 600w, https:\/\/equa.ee\/fusioteraapia\/wp-content\/uploads\/2024\/12\/Equa-1908-masseur-Pink.jpg 2000w\" sizes=\"(max-width: 300px) 100vw, 300px\" \/><\/div><\/a>\n\t\t\t\t<div class=\"elementor-post__text\">\n\t\t\t\t<h3 class=\"elementor-post__title\">\n\t\t\t<a href=\"https:\/\/equa.ee\/fusioteraapia\/equa-1908-massaazilaud\/\" >\n\t\t\t\tEQUA-Prime Massaa\u017eilaud\t\t\t<\/a>\n\t\t<\/h3>\n\t\t\t\t<\/div>\n\t\t\t\t\t<\/div>\n\t\t<\/article>\n\t\t\t\t<\/div>\n\t\t\n\t\t\t\t\t\t<\/div>\n\t\t\t\t<\/div>\n\t\t\t\t\t<\/div>\n\t\t<\/div>\n\t\t\t\t\t<\/div>\n\t\t<\/section>\n\t\t\t\t<section class=\"elementor-section elementor-top-section elementor-element elementor-element-9599439 elementor-section-boxed elementor-section-height-default elementor-section-height-default\" data-id=\"9599439\" data-element_type=\"section\" data-e-type=\"section\">\n\t\t\t\t\t\t<div class=\"elementor-container elementor-column-gap-default\">\n\t\t\t\t\t<div class=\"elementor-column elementor-col-100 elementor-top-column elementor-element elementor-element-8699746\" data-id=\"8699746\" data-element_type=\"column\" data-e-type=\"column\">\n\t\t\t<div class=\"elementor-widget-wrap elementor-element-populated\">\n\t\t\t\t\t\t<div class=\"elementor-element elementor-element-5ad9169 elementor-widget elementor-widget-spacer\" data-id=\"5ad9169\" data-element_type=\"widget\" data-e-type=\"widget\" data-widget_type=\"spacer.default\">\n\t\t\t\t<div class=\"elementor-widget-container\">\n\t\t\t\t\t\t\t<div class=\"elementor-spacer\">\n\t\t\t<div class=\"elementor-spacer-inner\"><\/div>\n\t\t<\/div>\n\t\t\t\t\t\t<\/div>\n\t\t\t\t<\/div>\n\t\t\t\t\t<\/div>\n\t\t<\/div>\n\t\t\t\t\t<\/div>\n\t\t<\/section>\n\t\t\t\t<\/div>\n\t\t","protected":false},"excerpt":{"rendered":"","protected":false},"author":2,"featured_media":0,"parent":30,"menu_order":0,"comment_status":"closed","ping_status":"closed","template":"","meta":{"_acf_changed":false,"_monsterinsights_skip_tracking":false,"_monsterinsights_sitenote_active":false,"_monsterinsights_sitenote_note":"","_monsterinsights_sitenote_category":0,"ocean_post_layout":"","ocean_both_sidebars_style":"","ocean_both_sidebars_content_width":0,"ocean_both_sidebars_sidebars_width":0,"ocean_sidebar":"0","ocean_second_sidebar":"0","ocean_disable_margins":"on","ocean_add_body_class":"","ocean_shortcode_before_top_bar":"","ocean_shortcode_after_top_bar":"","ocean_shortcode_before_header":"","ocean_shortcode_after_header":"","ocean_has_shortcode":"","ocean_shortcode_after_title":"","ocean_shortcode_before_footer_widgets":"","ocean_shortcode_after_footer_widgets":"","ocean_shortcode_before_footer_bottom":"","ocean_shortcode_after_footer_bottom":"","ocean_display_top_bar":"default","ocean_display_header":"default","ocean_header_style":"","ocean_center_header_left_menu":"0","ocean_custom_header_template":"0","ocean_custom_logo":0,"ocean_custom_retina_logo":0,"ocean_custom_logo_max_width":0,"ocean_custom_logo_tablet_max_width":0,"ocean_custom_logo_mobile_max_width":0,"ocean_custom_logo_max_height":0,"ocean_custom_logo_tablet_max_height":0,"ocean_custom_logo_mobile_max_height":0,"ocean_header_custom_menu":"0","ocean_menu_typo_font_family":"0","ocean_menu_typo_font_subset":"","ocean_menu_typo_font_size":0,"ocean_menu_typo_font_size_tablet":0,"ocean_menu_typo_font_size_mobile":0,"ocean_menu_typo_font_size_unit":"px","ocean_menu_typo_font_weight":"","ocean_menu_typo_font_weight_tablet":"","ocean_menu_typo_font_weight_mobile":"","ocean_menu_typo_transform":"","ocean_menu_typo_transform_tablet":"","ocean_menu_typo_transform_mobile":"","ocean_menu_typo_line_height":0,"ocean_menu_typo_line_height_tablet":0,"ocean_menu_typo_line_height_mobile":0,"ocean_menu_typo_line_height_unit":"","ocean_menu_typo_spacing":0,"ocean_menu_typo_spacing_tablet":0,"ocean_menu_typo_spacing_mobile":0,"ocean_menu_typo_spacing_unit":"","ocean_menu_link_color":"","ocean_menu_link_color_hover":"","ocean_menu_link_color_active":"","ocean_menu_link_background":"","ocean_menu_link_hover_background":"","ocean_menu_link_active_background":"","ocean_menu_social_links_bg":"","ocean_menu_social_hover_links_bg":"","ocean_menu_social_links_color":"","ocean_menu_social_hover_links_color":"","ocean_disable_title":"on","ocean_disable_heading":"default","ocean_post_title":"","ocean_post_subheading":"","ocean_post_title_style":"","ocean_post_title_background_color":"","ocean_post_title_background":0,"ocean_post_title_bg_image_position":"","ocean_post_title_bg_image_attachment":"","ocean_post_title_bg_image_repeat":"","ocean_post_title_bg_image_size":"","ocean_post_title_height":0,"ocean_post_title_bg_overlay":0.5,"ocean_post_title_bg_overlay_color":"","ocean_disable_breadcrumbs":"default","ocean_breadcrumbs_color":"","ocean_breadcrumbs_separator_color":"","ocean_breadcrumbs_links_color":"","ocean_breadcrumbs_links_hover_color":"","ocean_display_footer_widgets":"default","ocean_display_footer_bottom":"default","ocean_custom_footer_template":"0","footnotes":""},"class_list":["post-464","page","type-page","status-publish","hentry","entry","has-media"],"acf":[],"yoast_head":"<!-- This site is optimized with the Yoast SEO plugin v27.3 - https:\/\/yoast.com\/product\/yoast-seo-wordpress\/ -->\n<title>F\u00fcsioteraapia lauad - Equa F&uuml;sioteraapia<\/title>\n<meta name=\"robots\" content=\"index, follow, max-snippet:-1, max-image-preview:large, max-video-preview:-1\" \/>\n<link rel=\"canonical\" href=\"https:\/\/equa.ee\/fusioteraapia\/tooted\/fusioteraapia-lauad\/\" \/>\n<meta property=\"og:locale\" content=\"et_EE\" \/>\n<meta property=\"og:type\" content=\"article\" \/>\n<meta property=\"og:title\" content=\"F\u00fcsioteraapia lauad - Equa F&uuml;sioteraapia\" \/>\n<meta property=\"og:url\" content=\"https:\/\/equa.ee\/fusioteraapia\/tooted\/fusioteraapia-lauad\/\" \/>\n<meta property=\"og:site_name\" content=\"Equa F&uuml;sioteraapia\" \/>\n<meta property=\"article:publisher\" content=\"https:\/\/www.facebook.com\/EQUAOU\/\" \/>\n<meta property=\"article:modified_time\" content=\"2023-03-24T07:04:58+00:00\" \/>\n<meta name=\"twitter:card\" content=\"summary_large_image\" \/>\n<meta name=\"twitter:label1\" content=\"Est. reading time\" \/>\n\t<meta name=\"twitter:data1\" content=\"1 minut\" \/>\n<script type=\"application\/ld+json\" class=\"yoast-schema-graph\">{\"@context\":\"https:\\\/\\\/schema.org\",\"@graph\":[{\"@type\":\"WebPage\",\"@id\":\"https:\\\/\\\/equa.ee\\\/fusioteraapia\\\/tooted\\\/fusioteraapia-lauad\\\/\",\"url\":\"https:\\\/\\\/equa.ee\\\/fusioteraapia\\\/tooted\\\/fusioteraapia-lauad\\\/\",\"name\":\"F\u00fcsioteraapia lauad - Equa F&uuml;sioteraapia\",\"isPartOf\":{\"@id\":\"https:\\\/\\\/equa.ee\\\/fusioteraapia\\\/#website\"},\"datePublished\":\"2019-07-03T18:13:27+00:00\",\"dateModified\":\"2023-03-24T07:04:58+00:00\",\"breadcrumb\":{\"@id\":\"https:\\\/\\\/equa.ee\\\/fusioteraapia\\\/tooted\\\/fusioteraapia-lauad\\\/#breadcrumb\"},\"inLanguage\":\"et\",\"potentialAction\":[{\"@type\":\"ReadAction\",\"target\":[\"https:\\\/\\\/equa.ee\\\/fusioteraapia\\\/tooted\\\/fusioteraapia-lauad\\\/\"]}]},{\"@type\":\"BreadcrumbList\",\"@id\":\"https:\\\/\\\/equa.ee\\\/fusioteraapia\\\/tooted\\\/fusioteraapia-lauad\\\/#breadcrumb\",\"itemListElement\":[{\"@type\":\"ListItem\",\"position\":1,\"name\":\"Home\",\"item\":\"https:\\\/\\\/equa.ee\\\/fusioteraapia\\\/\"},{\"@type\":\"ListItem\",\"position\":2,\"name\":\"tooted\",\"item\":\"https:\\\/\\\/equa.ee\\\/fusioteraapia\\\/tooted\\\/\"},{\"@type\":\"ListItem\",\"position\":3,\"name\":\"F\u00fcsioteraapia lauad\"}]},{\"@type\":\"WebSite\",\"@id\":\"https:\\\/\\\/equa.ee\\\/fusioteraapia\\\/#website\",\"url\":\"https:\\\/\\\/equa.ee\\\/fusioteraapia\\\/\",\"name\":\"Equa\",\"description\":\"F&uuml;sioteraapiatooted\",\"publisher\":{\"@id\":\"https:\\\/\\\/equa.ee\\\/fusioteraapia\\\/#organization\"},\"potentialAction\":[{\"@type\":\"SearchAction\",\"target\":{\"@type\":\"EntryPoint\",\"urlTemplate\":\"https:\\\/\\\/equa.ee\\\/fusioteraapia\\\/?s={search_term_string}\"},\"query-input\":{\"@type\":\"PropertyValueSpecification\",\"valueRequired\":true,\"valueName\":\"search_term_string\"}}],\"inLanguage\":\"et\"},{\"@type\":\"Organization\",\"@id\":\"https:\\\/\\\/equa.ee\\\/fusioteraapia\\\/#organization\",\"name\":\"Equa\",\"url\":\"https:\\\/\\\/equa.ee\\\/fusioteraapia\\\/\",\"logo\":{\"@type\":\"ImageObject\",\"inLanguage\":\"et\",\"@id\":\"https:\\\/\\\/equa.ee\\\/fusioteraapia\\\/#\\\/schema\\\/logo\\\/image\\\/\",\"url\":\"https:\\\/\\\/equa.ee\\\/fusioteraapia\\\/wp-content\\\/uploads\\\/2019\\\/03\\\/equa-logo-vari-retina-1.png\",\"contentUrl\":\"https:\\\/\\\/equa.ee\\\/fusioteraapia\\\/wp-content\\\/uploads\\\/2019\\\/03\\\/equa-logo-vari-retina-1.png\",\"width\":250,\"height\":151,\"caption\":\"Equa\"},\"image\":{\"@id\":\"https:\\\/\\\/equa.ee\\\/fusioteraapia\\\/#\\\/schema\\\/logo\\\/image\\\/\"},\"sameAs\":[\"https:\\\/\\\/www.facebook.com\\\/EQUAOU\\\/\"]}]}<\/script>\n<!-- \/ Yoast SEO plugin. -->","yoast_head_json":{"title":"F\u00fcsioteraapia lauad - Equa F&uuml;sioteraapia","robots":{"index":"index","follow":"follow","max-snippet":"max-snippet:-1","max-image-preview":"max-image-preview:large","max-video-preview":"max-video-preview:-1"},"canonical":"https:\/\/equa.ee\/fusioteraapia\/tooted\/fusioteraapia-lauad\/","og_locale":"et_EE","og_type":"article","og_title":"F\u00fcsioteraapia lauad - Equa F&uuml;sioteraapia","og_url":"https:\/\/equa.ee\/fusioteraapia\/tooted\/fusioteraapia-lauad\/","og_site_name":"Equa F&uuml;sioteraapia","article_publisher":"https:\/\/www.facebook.com\/EQUAOU\/","article_modified_time":"2023-03-24T07:04:58+00:00","twitter_card":"summary_large_image","twitter_misc":{"Est. reading time":"1 minut"},"schema":{"@context":"https:\/\/schema.org","@graph":[{"@type":"WebPage","@id":"https:\/\/equa.ee\/fusioteraapia\/tooted\/fusioteraapia-lauad\/","url":"https:\/\/equa.ee\/fusioteraapia\/tooted\/fusioteraapia-lauad\/","name":"F\u00fcsioteraapia lauad - Equa F&uuml;sioteraapia","isPartOf":{"@id":"https:\/\/equa.ee\/fusioteraapia\/#website"},"datePublished":"2019-07-03T18:13:27+00:00","dateModified":"2023-03-24T07:04:58+00:00","breadcrumb":{"@id":"https:\/\/equa.ee\/fusioteraapia\/tooted\/fusioteraapia-lauad\/#breadcrumb"},"inLanguage":"et","potentialAction":[{"@type":"ReadAction","target":["https:\/\/equa.ee\/fusioteraapia\/tooted\/fusioteraapia-lauad\/"]}]},{"@type":"BreadcrumbList","@id":"https:\/\/equa.ee\/fusioteraapia\/tooted\/fusioteraapia-lauad\/#breadcrumb","itemListElement":[{"@type":"ListItem","position":1,"name":"Home","item":"https:\/\/equa.ee\/fusioteraapia\/"},{"@type":"ListItem","position":2,"name":"tooted","item":"https:\/\/equa.ee\/fusioteraapia\/tooted\/"},{"@type":"ListItem","position":3,"name":"F\u00fcsioteraapia lauad"}]},{"@type":"WebSite","@id":"https:\/\/equa.ee\/fusioteraapia\/#website","url":"https:\/\/equa.ee\/fusioteraapia\/","name":"Equa","description":"F&uuml;sioteraapiatooted","publisher":{"@id":"https:\/\/equa.ee\/fusioteraapia\/#organization"},"potentialAction":[{"@type":"SearchAction","target":{"@type":"EntryPoint","urlTemplate":"https:\/\/equa.ee\/fusioteraapia\/?s={search_term_string}"},"query-input":{"@type":"PropertyValueSpecification","valueRequired":true,"valueName":"search_term_string"}}],"inLanguage":"et"},{"@type":"Organization","@id":"https:\/\/equa.ee\/fusioteraapia\/#organization","name":"Equa","url":"https:\/\/equa.ee\/fusioteraapia\/","logo":{"@type":"ImageObject","inLanguage":"et","@id":"https:\/\/equa.ee\/fusioteraapia\/#\/schema\/logo\/image\/","url":"https:\/\/equa.ee\/fusioteraapia\/wp-content\/uploads\/2019\/03\/equa-logo-vari-retina-1.png","contentUrl":"https:\/\/equa.ee\/fusioteraapia\/wp-content\/uploads\/2019\/03\/equa-logo-vari-retina-1.png","width":250,"height":151,"caption":"Equa"},"image":{"@id":"https:\/\/equa.ee\/fusioteraapia\/#\/schema\/logo\/image\/"},"sameAs":["https:\/\/www.facebook.com\/EQUAOU\/"]}]}},"_links":{"self":[{"href":"https:\/\/equa.ee\/fusioteraapia\/wp-json\/wp\/v2\/pages\/464","targetHints":{"allow":["GET"]}}],"collection":[{"href":"https:\/\/equa.ee\/fusioteraapia\/wp-json\/wp\/v2\/pages"}],"about":[{"href":"https:\/\/equa.ee\/fusioteraapia\/wp-json\/wp\/v2\/types\/page"}],"author":[{"embeddable":true,"href":"https:\/\/equa.ee\/fusioteraapia\/wp-json\/wp\/v2\/users\/2"}],"replies":[{"embeddable":true,"href":"https:\/\/equa.ee\/fusioteraapia\/wp-json\/wp\/v2\/comments?post=464"}],"version-history":[{"count":12,"href":"https:\/\/equa.ee\/fusioteraapia\/wp-json\/wp\/v2\/pages\/464\/revisions"}],"predecessor-version":[{"id":8359,"href":"https:\/\/equa.ee\/fusioteraapia\/wp-json\/wp\/v2\/pages\/464\/revisions\/8359"}],"up":[{"embeddable":true,"href":"https:\/\/equa.ee\/fusioteraapia\/wp-json\/wp\/v2\/pages\/30"}],"wp:attachment":[{"href":"https:\/\/equa.ee\/fusioteraapia\/wp-json\/wp\/v2\/media?parent=464"}],"curies":[{"name":"wp","href":"https:\/\/api.w.org\/{rel}","templated":true}]}}