{"id":9591,"date":"2023-07-05T08:54:04","date_gmt":"2023-07-05T08:54:04","guid":{"rendered":"https:\/\/equa.ee\/fusioteraapia\/?page_id=9591"},"modified":"2023-07-05T09:14:14","modified_gmt":"2023-07-05T09:14:14","slug":"polsterarbeiten","status":"publish","type":"page","link":"https:\/\/equa.ee\/fusioteraapia\/de\/polsterarbeiten\/","title":{"rendered":"Polsterarbeiten"},"content":{"rendered":"\t\t<div data-elementor-type=\"wp-page\" data-elementor-id=\"9591\" class=\"elementor elementor-9591 elementor-5571\" data-elementor-post-type=\"page\">\n\t\t\t\t\t\t<section class=\"elementor-section elementor-top-section elementor-element elementor-element-6dcf882 elementor-section-stretched elementor-section-full_width elementor-section-height-default elementor-section-height-default\" data-id=\"6dcf882\" data-element_type=\"section\" data-e-type=\"section\" data-settings=\"{&quot;stretch_section&quot;:&quot;section-stretched&quot;}\">\n\t\t\t\t\t\t<div class=\"elementor-container elementor-column-gap-no\">\n\t\t\t\t\t<div class=\"elementor-column elementor-col-100 elementor-top-column elementor-element elementor-element-b72a154\" data-id=\"b72a154\" data-element_type=\"column\" data-e-type=\"column\">\n\t\t\t<div class=\"elementor-widget-wrap elementor-element-populated\">\n\t\t\t\t\t\t<div class=\"elementor-element elementor-element-cd3f722 elementor-widget elementor-widget-template\" data-id=\"cd3f722\" data-element_type=\"widget\" data-e-type=\"widget\" data-widget_type=\"template.default\">\n\t\t\t\t<div class=\"elementor-widget-container\">\n\t\t\t\t\t\t\t<div class=\"elementor-template\">\n\t\t\t\t\t<div data-elementor-type=\"section\" data-elementor-id=\"5720\" class=\"elementor elementor-5720\" data-elementor-post-type=\"elementor_library\">\n\t\t\t\t\t<section class=\"elementor-section elementor-top-section elementor-element elementor-element-ed4dbdc elementor-section-height-min-height elementor-hidden-tablet elementor-hidden-phone elementor-section-boxed elementor-section-height-default elementor-section-items-middle\" data-id=\"ed4dbdc\" data-element_type=\"section\" data-e-type=\"section\" data-settings=\"{&quot;background_background&quot;:&quot;classic&quot;}\">\n\t\t\t\t\t\t<div class=\"elementor-container elementor-column-gap-no\">\n\t\t\t\t\t<div class=\"elementor-column elementor-col-100 elementor-top-column elementor-element elementor-element-b28a795\" data-id=\"b28a795\" data-element_type=\"column\" data-e-type=\"column\">\n\t\t\t<div class=\"elementor-widget-wrap\">\n\t\t\t\t\t\t\t<\/div>\n\t\t<\/div>\n\t\t\t\t\t<\/div>\n\t\t<\/section>\n\t\t\t\t<\/div>\n\t\t\t\t<\/div>\n\t\t\t\t\t\t<\/div>\n\t\t\t\t<\/div>\n\t\t\t\t\t<\/div>\n\t\t<\/div>\n\t\t\t\t\t<\/div>\n\t\t<\/section>\n\t\t\t\t<section class=\"elementor-section elementor-top-section elementor-element elementor-element-350763c elementor-section-boxed elementor-section-height-default elementor-section-height-default\" data-id=\"350763c\" data-element_type=\"section\" data-e-type=\"section\">\n\t\t\t\t\t\t<div class=\"elementor-container elementor-column-gap-default\">\n\t\t\t\t\t<div class=\"elementor-column elementor-col-50 elementor-top-column elementor-element elementor-element-f723fc3\" data-id=\"f723fc3\" data-element_type=\"column\" data-e-type=\"column\">\n\t\t\t<div class=\"elementor-widget-wrap elementor-element-populated\">\n\t\t\t\t\t\t<div class=\"elementor-element elementor-element-fa925e7 elementor-widget elementor-widget-image\" data-id=\"fa925e7\" data-element_type=\"widget\" data-e-type=\"widget\" data-widget_type=\"image.default\">\n\t\t\t\t<div class=\"elementor-widget-container\">\n\t\t\t\t\t\t\t\t\t\t\t\t\t\t\t<img fetchpriority=\"high\" decoding=\"async\" width=\"1000\" height=\"1000\" src=\"https:\/\/equa.ee\/fusioteraapia\/wp-content\/uploads\/2023\/05\/Equa_1935_hall_Upeatugi.jpg\" class=\"attachment-large size-large wp-image-8473\" alt=\"Equa-1935 2-mootoriga multifunktsionaalne massaa\u017eilaud professionaalidele.\nKeskmine osa t\u00f5stetav mootoriga, seljatugi manuaalselt.\nK\u00f5rgus reguleeritav v\u00f5imsa ja kvaliteetse Saksa tootja Hanning elektrimootori abil.\" srcset=\"https:\/\/equa.ee\/fusioteraapia\/wp-content\/uploads\/2023\/05\/Equa_1935_hall_Upeatugi.jpg 1000w, https:\/\/equa.ee\/fusioteraapia\/wp-content\/uploads\/2023\/05\/Equa_1935_hall_Upeatugi-300x300.jpg 300w, https:\/\/equa.ee\/fusioteraapia\/wp-content\/uploads\/2023\/05\/Equa_1935_hall_Upeatugi-150x150.jpg 150w, https:\/\/equa.ee\/fusioteraapia\/wp-content\/uploads\/2023\/05\/Equa_1935_hall_Upeatugi-768x768.jpg 768w, https:\/\/equa.ee\/fusioteraapia\/wp-content\/uploads\/2023\/05\/Equa_1935_hall_Upeatugi-600x600.jpg 600w\" sizes=\"(max-width: 1000px) 100vw, 1000px\" \/>\t\t\t\t\t\t\t\t\t\t\t\t\t\t\t<\/div>\n\t\t\t\t<\/div>\n\t\t\t\t\t<\/div>\n\t\t<\/div>\n\t\t\t\t<div class=\"elementor-column elementor-col-50 elementor-top-column elementor-element elementor-element-1582203\" data-id=\"1582203\" data-element_type=\"column\" data-e-type=\"column\">\n\t\t\t<div class=\"elementor-widget-wrap elementor-element-populated\">\n\t\t\t\t\t\t<div class=\"elementor-element elementor-element-9b3adae elementor-widget elementor-widget-text-editor\" data-id=\"9b3adae\" data-element_type=\"widget\" data-e-type=\"widget\" data-widget_type=\"text-editor.default\">\n\t\t\t\t<div class=\"elementor-widget-container\">\n\t\t\t\t\t\t\t\t\t<p>EQUA f\u00fchrt seit 1997 Polsterarbeiten durch. Heute haben wir 7 hoch erfahrene Mitarbeiter, die auf Polsterarbeiten spezialisiert sind.<\/p><p>Wir sind uns bewusst, dass Polsterung eine der wichtigsten visuellen Komponenten bei medizinischen Ger\u00e4ten ist, da sie das Erste ist, was der Kunde sieht. Eine Behandlungsliege kann Tausende von Euro kosten, aber eine schlechte Polsterqualit\u00e4t kann das gesamte Erscheinungsbild des Produkts ruinieren. Wir stellen sicher, dass die Polsterung einen Mehrwert f\u00fcr das Produkt darstellt.<\/p><p>Um die Kontrolle \u00fcber die Qualit\u00e4t und die Lieferzeiten zu behalten, haben wir alle Produktionsanlagen intern (von der Schaumstoff- und Sperrholzzuschnitt \u00fcber das Verkleben bis hin zum N\u00e4hen und abschlie\u00dfenden Polstern). Bei diesen Prozessen kommen keine Subunternehmer zum Einsatz.<\/p><p>In unserer Produktion gibt es Hunderte verschiedener Modelle mit verschiedenen Polsterungsmethoden, angefangen bei einfachen Polsterungen bis hin zu sehr komplizierten Methoden wie handgen\u00e4hten Polstern.<\/p>\t\t\t\t\t\t\t\t<\/div>\n\t\t\t\t<\/div>\n\t\t\t\t\t<\/div>\n\t\t<\/div>\n\t\t\t\t\t<\/div>\n\t\t<\/section>\n\t\t\t\t<section class=\"elementor-section elementor-top-section elementor-element elementor-element-ea87901 elementor-section-boxed elementor-section-height-default elementor-section-height-default\" data-id=\"ea87901\" data-element_type=\"section\" data-e-type=\"section\">\n\t\t\t\t\t\t<div class=\"elementor-container elementor-column-gap-default\">\n\t\t\t\t\t<div class=\"elementor-column elementor-col-50 elementor-top-column elementor-element elementor-element-d0052a8\" data-id=\"d0052a8\" data-element_type=\"column\" data-e-type=\"column\">\n\t\t\t<div class=\"elementor-widget-wrap elementor-element-populated\">\n\t\t\t\t\t\t\t<\/div>\n\t\t<\/div>\n\t\t\t\t<div class=\"elementor-column elementor-col-50 elementor-top-column elementor-element elementor-element-cc3ac6a\" data-id=\"cc3ac6a\" data-element_type=\"column\" data-e-type=\"column\">\n\t\t\t<div class=\"elementor-widget-wrap elementor-element-populated\">\n\t\t\t\t\t\t<div class=\"elementor-element elementor-element-8058260 elementor-widget elementor-widget-text-editor\" data-id=\"8058260\" data-element_type=\"widget\" data-e-type=\"widget\" data-widget_type=\"text-editor.default\">\n\t\t\t\t<div class=\"elementor-widget-container\">\n\t\t\t\t\t\t\t\t\t<p><a href=\"https:\/\/equa.ee\/fusioteraapia\/wp-content\/uploads\/2023\/05\/fysio-banner-copy.jpg\"><img decoding=\"async\" class=\"alignnone  wp-image-8554\" src=\"https:\/\/equa.ee\/fusioteraapia\/wp-content\/uploads\/2023\/05\/fysio-banner-copy-300x109.jpg\" alt=\"\" width=\"502\" height=\"182\" srcset=\"https:\/\/equa.ee\/fusioteraapia\/wp-content\/uploads\/2023\/05\/fysio-banner-copy-300x109.jpg 300w, https:\/\/equa.ee\/fusioteraapia\/wp-content\/uploads\/2023\/05\/fysio-banner-copy-1024x373.jpg 1024w, https:\/\/equa.ee\/fusioteraapia\/wp-content\/uploads\/2023\/05\/fysio-banner-copy-768x280.jpg 768w, https:\/\/equa.ee\/fusioteraapia\/wp-content\/uploads\/2023\/05\/fysio-banner-copy-1536x560.jpg 1536w, https:\/\/equa.ee\/fusioteraapia\/wp-content\/uploads\/2023\/05\/fysio-banner-copy.jpg 1920w\" sizes=\"(max-width: 502px) 100vw, 502px\" \/><\/a><\/p>\t\t\t\t\t\t\t\t<\/div>\n\t\t\t\t<\/div>\n\t\t\t\t\t<\/div>\n\t\t<\/div>\n\t\t\t\t\t<\/div>\n\t\t<\/section>\n\t\t\t\t<section class=\"elementor-section elementor-top-section elementor-element elementor-element-be78145 elementor-section-boxed elementor-section-height-default elementor-section-height-default\" data-id=\"be78145\" data-element_type=\"section\" data-e-type=\"section\">\n\t\t\t\t\t\t<div class=\"elementor-container elementor-column-gap-default\">\n\t\t\t\t\t<div class=\"elementor-column elementor-col-100 elementor-top-column elementor-element elementor-element-07bbcb5\" data-id=\"07bbcb5\" data-element_type=\"column\" data-e-type=\"column\">\n\t\t\t<div class=\"elementor-widget-wrap elementor-element-populated\">\n\t\t\t\t\t\t<div class=\"elementor-element elementor-element-37f2b31 elementor-widget elementor-widget-image\" data-id=\"37f2b31\" data-element_type=\"widget\" data-e-type=\"widget\" data-widget_type=\"image.default\">\n\t\t\t\t<div class=\"elementor-widget-container\">\n\t\t\t\t\t\t\t\t\t\t\t\t\t\t\t<img decoding=\"async\" width=\"952\" height=\"116\" src=\"https:\/\/equa.ee\/fusioteraapia\/wp-content\/uploads\/2019\/05\/Polsterdustood-Equa-02.jpg\" class=\"attachment-full size-full wp-image-200\" alt=\"\" srcset=\"https:\/\/equa.ee\/fusioteraapia\/wp-content\/uploads\/2019\/05\/Polsterdustood-Equa-02.jpg 952w, https:\/\/equa.ee\/fusioteraapia\/wp-content\/uploads\/2019\/05\/Polsterdustood-Equa-02-300x37.jpg 300w, https:\/\/equa.ee\/fusioteraapia\/wp-content\/uploads\/2019\/05\/Polsterdustood-Equa-02-768x94.jpg 768w\" sizes=\"(max-width: 952px) 100vw, 952px\" \/>\t\t\t\t\t\t\t\t\t\t\t\t\t\t\t<\/div>\n\t\t\t\t<\/div>\n\t\t\t\t\t<\/div>\n\t\t<\/div>\n\t\t\t\t\t<\/div>\n\t\t<\/section>\n\t\t\t\t<section class=\"elementor-section elementor-top-section elementor-element elementor-element-6a06a52 elementor-section-boxed elementor-section-height-default elementor-section-height-default\" data-id=\"6a06a52\" data-element_type=\"section\" data-e-type=\"section\">\n\t\t\t\t\t\t<div class=\"elementor-container elementor-column-gap-default\">\n\t\t\t\t\t<div class=\"elementor-column elementor-col-100 elementor-top-column elementor-element elementor-element-524b6de\" data-id=\"524b6de\" data-element_type=\"column\" data-e-type=\"column\">\n\t\t\t<div class=\"elementor-widget-wrap elementor-element-populated\">\n\t\t\t\t\t\t<div class=\"elementor-element elementor-element-a8e6b72 elementor-widget elementor-widget-spacer\" data-id=\"a8e6b72\" data-element_type=\"widget\" data-e-type=\"widget\" data-widget_type=\"spacer.default\">\n\t\t\t\t<div class=\"elementor-widget-container\">\n\t\t\t\t\t\t\t<div class=\"elementor-spacer\">\n\t\t\t<div class=\"elementor-spacer-inner\"><\/div>\n\t\t<\/div>\n\t\t\t\t\t\t<\/div>\n\t\t\t\t<\/div>\n\t\t\t\t\t<\/div>\n\t\t<\/div>\n\t\t\t\t\t<\/div>\n\t\t<\/section>\n\t\t\t\t<\/div>\n\t\t","protected":false},"excerpt":{"rendered":"<p>EQUA f\u00fchrt seit 1997 Polsterarbeiten durch. Heute haben wir 7 hoch erfahrene Mitarbeiter, die auf Polsterarbeiten spezialisiert sind. Wir sind uns bewusst, dass Polsterung eine der wichtigsten visuellen Komponenten bei medizinischen Ger\u00e4ten ist, da sie das Erste ist, was der Kunde sieht. Eine Behandlungsliege kann Tausende von Euro kosten, aber eine schlechte Polsterqualit\u00e4t kann das [&hellip;]<\/p>\n","protected":false},"author":3,"featured_media":0,"parent":0,"menu_order":0,"comment_status":"closed","ping_status":"closed","template":"","meta":{"_acf_changed":false,"_monsterinsights_skip_tracking":false,"_monsterinsights_sitenote_active":false,"_monsterinsights_sitenote_note":"","_monsterinsights_sitenote_category":0,"ocean_post_layout":"","ocean_both_sidebars_style":"","ocean_both_sidebars_content_width":0,"ocean_both_sidebars_sidebars_width":0,"ocean_sidebar":"0","ocean_second_sidebar":"0","ocean_disable_margins":"on","ocean_add_body_class":"","ocean_shortcode_before_top_bar":"","ocean_shortcode_after_top_bar":"","ocean_shortcode_before_header":"","ocean_shortcode_after_header":"","ocean_has_shortcode":"","ocean_shortcode_after_title":"","ocean_shortcode_before_footer_widgets":"","ocean_shortcode_after_footer_widgets":"","ocean_shortcode_before_footer_bottom":"","ocean_shortcode_after_footer_bottom":"","ocean_display_top_bar":"default","ocean_display_header":"default","ocean_header_style":"","ocean_center_header_left_menu":"0","ocean_custom_header_template":"0","ocean_custom_logo":0,"ocean_custom_retina_logo":0,"ocean_custom_logo_max_width":0,"ocean_custom_logo_tablet_max_width":0,"ocean_custom_logo_mobile_max_width":0,"ocean_custom_logo_max_height":0,"ocean_custom_logo_tablet_max_height":0,"ocean_custom_logo_mobile_max_height":0,"ocean_header_custom_menu":"0","ocean_menu_typo_font_family":"0","ocean_menu_typo_font_subset":"","ocean_menu_typo_font_size":0,"ocean_menu_typo_font_size_tablet":0,"ocean_menu_typo_font_size_mobile":0,"ocean_menu_typo_font_size_unit":"px","ocean_menu_typo_font_weight":"","ocean_menu_typo_font_weight_tablet":"","ocean_menu_typo_font_weight_mobile":"","ocean_menu_typo_transform":"","ocean_menu_typo_transform_tablet":"","ocean_menu_typo_transform_mobile":"","ocean_menu_typo_line_height":0,"ocean_menu_typo_line_height_tablet":0,"ocean_menu_typo_line_height_mobile":0,"ocean_menu_typo_line_height_unit":"","ocean_menu_typo_spacing":0,"ocean_menu_typo_spacing_tablet":0,"ocean_menu_typo_spacing_mobile":0,"ocean_menu_typo_spacing_unit":"","ocean_menu_link_color":"","ocean_menu_link_color_hover":"","ocean_menu_link_color_active":"","ocean_menu_link_background":"","ocean_menu_link_hover_background":"","ocean_menu_link_active_background":"","ocean_menu_social_links_bg":"","ocean_menu_social_hover_links_bg":"","ocean_menu_social_links_color":"","ocean_menu_social_hover_links_color":"","ocean_disable_title":"on","ocean_disable_heading":"default","ocean_post_title":"","ocean_post_subheading":"","ocean_post_title_style":"","ocean_post_title_background_color":"","ocean_post_title_background":0,"ocean_post_title_bg_image_position":"","ocean_post_title_bg_image_attachment":"","ocean_post_title_bg_image_repeat":"","ocean_post_title_bg_image_size":"","ocean_post_title_height":0,"ocean_post_title_bg_overlay":0.5,"ocean_post_title_bg_overlay_color":"","ocean_disable_breadcrumbs":"default","ocean_breadcrumbs_color":"","ocean_breadcrumbs_separator_color":"","ocean_breadcrumbs_links_color":"","ocean_breadcrumbs_links_hover_color":"","ocean_display_footer_widgets":"default","ocean_display_footer_bottom":"default","ocean_custom_footer_template":"0","footnotes":""},"class_list":["post-9591","page","type-page","status-publish","hentry","entry"],"acf":[],"yoast_head":"<!-- This site is optimized with the Yoast SEO plugin v27.3 - https:\/\/yoast.com\/product\/yoast-seo-wordpress\/ -->\n<title>Polsterarbeiten - Equa F&uuml;sioteraapia<\/title>\n<meta name=\"robots\" content=\"index, follow, max-snippet:-1, max-image-preview:large, max-video-preview:-1\" \/>\n<link rel=\"canonical\" href=\"https:\/\/equa.ee\/fusioteraapia\/de\/polsterarbeiten\/\" \/>\n<meta property=\"og:locale\" content=\"de_DE\" \/>\n<meta property=\"og:type\" content=\"article\" \/>\n<meta property=\"og:title\" content=\"Polsterarbeiten - Equa F&uuml;sioteraapia\" \/>\n<meta property=\"og:description\" content=\"EQUA f\u00fchrt seit 1997 Polsterarbeiten durch. Heute haben wir 7 hoch erfahrene Mitarbeiter, die auf Polsterarbeiten spezialisiert sind. Wir sind uns bewusst, dass Polsterung eine der wichtigsten visuellen Komponenten bei medizinischen Ger\u00e4ten ist, da sie das Erste ist, was der Kunde sieht. Eine Behandlungsliege kann Tausende von Euro kosten, aber eine schlechte Polsterqualit\u00e4t kann das [&hellip;]\" \/>\n<meta property=\"og:url\" content=\"https:\/\/equa.ee\/fusioteraapia\/de\/polsterarbeiten\/\" \/>\n<meta property=\"og:site_name\" content=\"Equa F&uuml;sioteraapia\" \/>\n<meta property=\"article:publisher\" content=\"https:\/\/www.facebook.com\/EQUAOU\/\" \/>\n<meta property=\"article:modified_time\" content=\"2023-07-05T09:14:14+00:00\" \/>\n<meta property=\"og:image\" content=\"https:\/\/equa.ee\/fusioteraapia\/wp-content\/uploads\/2023\/05\/Equa_1935_hall_Upeatugi.jpg\" \/>\n<meta name=\"twitter:card\" content=\"summary_large_image\" \/>\n<meta name=\"twitter:label1\" content=\"Gesch\u00e4tzte Lesezeit\" \/>\n\t<meta name=\"twitter:data1\" content=\"2\u00a0Minuten\" \/>\n<script type=\"application\/ld+json\" class=\"yoast-schema-graph\">{\"@context\":\"https:\\\/\\\/schema.org\",\"@graph\":[{\"@type\":\"WebPage\",\"@id\":\"https:\\\/\\\/equa.ee\\\/fusioteraapia\\\/de\\\/polsterarbeiten\\\/\",\"url\":\"https:\\\/\\\/equa.ee\\\/fusioteraapia\\\/de\\\/polsterarbeiten\\\/\",\"name\":\"Polsterarbeiten - Equa F&uuml;sioteraapia\",\"isPartOf\":{\"@id\":\"https:\\\/\\\/equa.ee\\\/fusioteraapia\\\/de\\\/#website\"},\"primaryImageOfPage\":{\"@id\":\"https:\\\/\\\/equa.ee\\\/fusioteraapia\\\/de\\\/polsterarbeiten\\\/#primaryimage\"},\"image\":{\"@id\":\"https:\\\/\\\/equa.ee\\\/fusioteraapia\\\/de\\\/polsterarbeiten\\\/#primaryimage\"},\"thumbnailUrl\":\"https:\\\/\\\/equa.ee\\\/fusioteraapia\\\/wp-content\\\/uploads\\\/2023\\\/05\\\/Equa_1935_hall_Upeatugi.jpg\",\"datePublished\":\"2023-07-05T08:54:04+00:00\",\"dateModified\":\"2023-07-05T09:14:14+00:00\",\"breadcrumb\":{\"@id\":\"https:\\\/\\\/equa.ee\\\/fusioteraapia\\\/de\\\/polsterarbeiten\\\/#breadcrumb\"},\"inLanguage\":\"de\",\"potentialAction\":[{\"@type\":\"ReadAction\",\"target\":[\"https:\\\/\\\/equa.ee\\\/fusioteraapia\\\/de\\\/polsterarbeiten\\\/\"]}]},{\"@type\":\"ImageObject\",\"inLanguage\":\"de\",\"@id\":\"https:\\\/\\\/equa.ee\\\/fusioteraapia\\\/de\\\/polsterarbeiten\\\/#primaryimage\",\"url\":\"https:\\\/\\\/equa.ee\\\/fusioteraapia\\\/wp-content\\\/uploads\\\/2023\\\/05\\\/Equa_1935_hall_Upeatugi.jpg\",\"contentUrl\":\"https:\\\/\\\/equa.ee\\\/fusioteraapia\\\/wp-content\\\/uploads\\\/2023\\\/05\\\/Equa_1935_hall_Upeatugi.jpg\"},{\"@type\":\"BreadcrumbList\",\"@id\":\"https:\\\/\\\/equa.ee\\\/fusioteraapia\\\/de\\\/polsterarbeiten\\\/#breadcrumb\",\"itemListElement\":[{\"@type\":\"ListItem\",\"position\":1,\"name\":\"Home\",\"item\":\"https:\\\/\\\/equa.ee\\\/fusioteraapia\\\/de\\\/\"},{\"@type\":\"ListItem\",\"position\":2,\"name\":\"Polsterarbeiten\"}]},{\"@type\":\"WebSite\",\"@id\":\"https:\\\/\\\/equa.ee\\\/fusioteraapia\\\/de\\\/#website\",\"url\":\"https:\\\/\\\/equa.ee\\\/fusioteraapia\\\/de\\\/\",\"name\":\"Equa\",\"description\":\"F&uuml;sioteraapiatooted\",\"publisher\":{\"@id\":\"https:\\\/\\\/equa.ee\\\/fusioteraapia\\\/de\\\/#organization\"},\"potentialAction\":[{\"@type\":\"SearchAction\",\"target\":{\"@type\":\"EntryPoint\",\"urlTemplate\":\"https:\\\/\\\/equa.ee\\\/fusioteraapia\\\/de\\\/?s={search_term_string}\"},\"query-input\":{\"@type\":\"PropertyValueSpecification\",\"valueRequired\":true,\"valueName\":\"search_term_string\"}}],\"inLanguage\":\"de\"},{\"@type\":\"Organization\",\"@id\":\"https:\\\/\\\/equa.ee\\\/fusioteraapia\\\/de\\\/#organization\",\"name\":\"Equa\",\"url\":\"https:\\\/\\\/equa.ee\\\/fusioteraapia\\\/de\\\/\",\"logo\":{\"@type\":\"ImageObject\",\"inLanguage\":\"de\",\"@id\":\"https:\\\/\\\/equa.ee\\\/fusioteraapia\\\/de\\\/#\\\/schema\\\/logo\\\/image\\\/\",\"url\":\"https:\\\/\\\/equa.ee\\\/fusioteraapia\\\/wp-content\\\/uploads\\\/2019\\\/03\\\/equa-logo-vari-retina-1.png\",\"contentUrl\":\"https:\\\/\\\/equa.ee\\\/fusioteraapia\\\/wp-content\\\/uploads\\\/2019\\\/03\\\/equa-logo-vari-retina-1.png\",\"width\":250,\"height\":151,\"caption\":\"Equa\"},\"image\":{\"@id\":\"https:\\\/\\\/equa.ee\\\/fusioteraapia\\\/de\\\/#\\\/schema\\\/logo\\\/image\\\/\"},\"sameAs\":[\"https:\\\/\\\/www.facebook.com\\\/EQUAOU\\\/\"]}]}<\/script>\n<!-- \/ Yoast SEO plugin. -->","yoast_head_json":{"title":"Polsterarbeiten - Equa F&uuml;sioteraapia","robots":{"index":"index","follow":"follow","max-snippet":"max-snippet:-1","max-image-preview":"max-image-preview:large","max-video-preview":"max-video-preview:-1"},"canonical":"https:\/\/equa.ee\/fusioteraapia\/de\/polsterarbeiten\/","og_locale":"de_DE","og_type":"article","og_title":"Polsterarbeiten - Equa F&uuml;sioteraapia","og_description":"EQUA f\u00fchrt seit 1997 Polsterarbeiten durch. Heute haben wir 7 hoch erfahrene Mitarbeiter, die auf Polsterarbeiten spezialisiert sind. Wir sind uns bewusst, dass Polsterung eine der wichtigsten visuellen Komponenten bei medizinischen Ger\u00e4ten ist, da sie das Erste ist, was der Kunde sieht. Eine Behandlungsliege kann Tausende von Euro kosten, aber eine schlechte Polsterqualit\u00e4t kann das [&hellip;]","og_url":"https:\/\/equa.ee\/fusioteraapia\/de\/polsterarbeiten\/","og_site_name":"Equa F&uuml;sioteraapia","article_publisher":"https:\/\/www.facebook.com\/EQUAOU\/","article_modified_time":"2023-07-05T09:14:14+00:00","og_image":[{"url":"https:\/\/equa.ee\/fusioteraapia\/wp-content\/uploads\/2023\/05\/Equa_1935_hall_Upeatugi.jpg","type":"","width":"","height":""}],"twitter_card":"summary_large_image","twitter_misc":{"Gesch\u00e4tzte Lesezeit":"2\u00a0Minuten"},"schema":{"@context":"https:\/\/schema.org","@graph":[{"@type":"WebPage","@id":"https:\/\/equa.ee\/fusioteraapia\/de\/polsterarbeiten\/","url":"https:\/\/equa.ee\/fusioteraapia\/de\/polsterarbeiten\/","name":"Polsterarbeiten - Equa F&uuml;sioteraapia","isPartOf":{"@id":"https:\/\/equa.ee\/fusioteraapia\/de\/#website"},"primaryImageOfPage":{"@id":"https:\/\/equa.ee\/fusioteraapia\/de\/polsterarbeiten\/#primaryimage"},"image":{"@id":"https:\/\/equa.ee\/fusioteraapia\/de\/polsterarbeiten\/#primaryimage"},"thumbnailUrl":"https:\/\/equa.ee\/fusioteraapia\/wp-content\/uploads\/2023\/05\/Equa_1935_hall_Upeatugi.jpg","datePublished":"2023-07-05T08:54:04+00:00","dateModified":"2023-07-05T09:14:14+00:00","breadcrumb":{"@id":"https:\/\/equa.ee\/fusioteraapia\/de\/polsterarbeiten\/#breadcrumb"},"inLanguage":"de","potentialAction":[{"@type":"ReadAction","target":["https:\/\/equa.ee\/fusioteraapia\/de\/polsterarbeiten\/"]}]},{"@type":"ImageObject","inLanguage":"de","@id":"https:\/\/equa.ee\/fusioteraapia\/de\/polsterarbeiten\/#primaryimage","url":"https:\/\/equa.ee\/fusioteraapia\/wp-content\/uploads\/2023\/05\/Equa_1935_hall_Upeatugi.jpg","contentUrl":"https:\/\/equa.ee\/fusioteraapia\/wp-content\/uploads\/2023\/05\/Equa_1935_hall_Upeatugi.jpg"},{"@type":"BreadcrumbList","@id":"https:\/\/equa.ee\/fusioteraapia\/de\/polsterarbeiten\/#breadcrumb","itemListElement":[{"@type":"ListItem","position":1,"name":"Home","item":"https:\/\/equa.ee\/fusioteraapia\/de\/"},{"@type":"ListItem","position":2,"name":"Polsterarbeiten"}]},{"@type":"WebSite","@id":"https:\/\/equa.ee\/fusioteraapia\/de\/#website","url":"https:\/\/equa.ee\/fusioteraapia\/de\/","name":"Equa","description":"F&uuml;sioteraapiatooted","publisher":{"@id":"https:\/\/equa.ee\/fusioteraapia\/de\/#organization"},"potentialAction":[{"@type":"SearchAction","target":{"@type":"EntryPoint","urlTemplate":"https:\/\/equa.ee\/fusioteraapia\/de\/?s={search_term_string}"},"query-input":{"@type":"PropertyValueSpecification","valueRequired":true,"valueName":"search_term_string"}}],"inLanguage":"de"},{"@type":"Organization","@id":"https:\/\/equa.ee\/fusioteraapia\/de\/#organization","name":"Equa","url":"https:\/\/equa.ee\/fusioteraapia\/de\/","logo":{"@type":"ImageObject","inLanguage":"de","@id":"https:\/\/equa.ee\/fusioteraapia\/de\/#\/schema\/logo\/image\/","url":"https:\/\/equa.ee\/fusioteraapia\/wp-content\/uploads\/2019\/03\/equa-logo-vari-retina-1.png","contentUrl":"https:\/\/equa.ee\/fusioteraapia\/wp-content\/uploads\/2019\/03\/equa-logo-vari-retina-1.png","width":250,"height":151,"caption":"Equa"},"image":{"@id":"https:\/\/equa.ee\/fusioteraapia\/de\/#\/schema\/logo\/image\/"},"sameAs":["https:\/\/www.facebook.com\/EQUAOU\/"]}]}},"_links":{"self":[{"href":"https:\/\/equa.ee\/fusioteraapia\/de\/wp-json\/wp\/v2\/pages\/9591","targetHints":{"allow":["GET"]}}],"collection":[{"href":"https:\/\/equa.ee\/fusioteraapia\/de\/wp-json\/wp\/v2\/pages"}],"about":[{"href":"https:\/\/equa.ee\/fusioteraapia\/de\/wp-json\/wp\/v2\/types\/page"}],"author":[{"embeddable":true,"href":"https:\/\/equa.ee\/fusioteraapia\/de\/wp-json\/wp\/v2\/users\/3"}],"replies":[{"embeddable":true,"href":"https:\/\/equa.ee\/fusioteraapia\/de\/wp-json\/wp\/v2\/comments?post=9591"}],"version-history":[{"count":13,"href":"https:\/\/equa.ee\/fusioteraapia\/de\/wp-json\/wp\/v2\/pages\/9591\/revisions"}],"predecessor-version":[{"id":9606,"href":"https:\/\/equa.ee\/fusioteraapia\/de\/wp-json\/wp\/v2\/pages\/9591\/revisions\/9606"}],"wp:attachment":[{"href":"https:\/\/equa.ee\/fusioteraapia\/de\/wp-json\/wp\/v2\/media?parent=9591"}],"curies":[{"name":"wp","href":"https:\/\/api.w.org\/{rel}","templated":true}]}}